{"id":28663,"date":"2025-08-27T09:47:16","date_gmt":"2025-08-27T09:47:16","guid":{"rendered":"https:\/\/screen-stocks.com\/?post_type=product&#038;p=28663"},"modified":"2026-02-04T01:53:08","modified_gmt":"2026-02-04T01:53:08","slug":"wholesale-huawei-p20-lcd-digitizer-assembly-premium-tech-specs-for-bulk-buyers","status":"publish","type":"product","link":"https:\/\/screen-stocks.com\/de\/wholesale-huawei-p20-lcd-digitizer-assembly-premium-tech-specs-for-bulk-buyers\/","title":{"rendered":"Gro\u00dfhandel Huawei P20 LCD- &amp; Digitizer-Assembly: Premium-Technische Spezifikationen f\u00fcr Gro\u00dfabnehmer"},"content":{"rendered":"<p>Steigern Sie Ihre Reparatur- und Aufarbeitungsdienste mit unserem Premium <strong>Huawei P20 LCD- und Digitizer-Assembly<\/strong>, entwickelt f\u00fcr pr\u00e4zise Kompatibilit\u00e4t und au\u00dfergew\u00f6hnliche Leistung. Als f\u00fchrender Gro\u00dfh\u00e4ndler verstehen wir die entscheidende Bedeutung technischer Genauigkeit bei Ersatzkomponenten, um sicherzustellen, dass Ihre B2B-Operationen einen Wettbewerbsvorteil behalten.<\/p>\n<p>Unsere P20-Displayeinheiten verf\u00fcgen \u00fcber ein authentisches IPS-LCD-Panel, das das visuelle Erlebnis des Originalger\u00e4ts mit unvergleichlicher Klarheit nachbildet. Dieses Assembly liefert eine scharfe <strong>1080 x 2244 Pixel Aufl\u00f6sung<\/strong>, die f\u00fcr klare Texte und lebendige Bilder auf der gesamten 5,8-Zoll-Anzeige sorgt. Mit einer gleichm\u00e4\u00dfigen <strong>60Hz Bildwiederholrate<\/strong>, werden Nutzer fl\u00fcssige visuelle \u00dcberg\u00e4nge und reibungsloses Scrollen erleben, was f\u00fcr den t\u00e4glichen Betrieb und Multimedia-Verbrauch entscheidend ist. Der integrierte Digitizer bietet hohe Empfindlichkeit, angetrieben von einem robusten Touch-IC, der f\u00fcr reaktionsschnellen und genauen Multi-Touch-Eingang entwickelt wurde, um Latenzzeiten zu minimieren und die Benutzerinteraktion auf der gesamten Displayfl\u00e4che zu verbessern.<\/p>\n<p>Farbgenauigkeit ist von gr\u00f6\u00dfter Bedeutung; unsere Bildschirme erreichen eine breite und konsistente Farbraumabdeckung, die eine treue Wiedergabe der sRGB-Profile gew\u00e4hrleistet. Dies f\u00fchrt zu lebendigen, realit\u00e4tsgetreuen Farben, die f\u00fcr die Erhaltung der \u00e4sthetischen und funktionalen Integrit\u00e4t des Huawei P20 unerl\u00e4sslich sind. Jede Einheit durchl\u00e4uft eine strenge Qualit\u00e4tskontrolle, die optimale Helligkeit, gleichm\u00e4\u00dfige Hintergrundbeleuchtung und strukturelle Integrit\u00e4t f\u00fcr eine nahtlose Installation garantiert. Partnern Sie mit uns f\u00fcr zuverl\u00e4ssige, hochspezifizierte Gro\u00dfhandelsl\u00f6sungen f\u00fcr Huawei P20-Displays, die strenge Branchenstandards erf\u00fcllen.<\/p>","protected":false},"excerpt":{"rendered":"<p>Gro\u00dfhandel Huawei P20 LCD- &amp; Digitizer-Assembly mit 1080x2244 Aufl\u00f6sung, 60Hz Aktualisierung und pr\u00e4zisem Touch-IC. Premium-Technische Spezifikationen f\u00fcr Gro\u00dfbestellungen.<\/p>","protected":false},"featured_media":28399,"comment_status":"open","ping_status":"closed","template":"","meta":[],"product_brand":[],"product_cat":[106],"product_tag":[758,1399,1397,1036,1398],"class_list":{"0":"post-28663","1":"product","2":"type-product","3":"status-publish","4":"has-post-thumbnail","6":"product_cat-huawei-screen","7":"product_tag-digitizer-assembly-wholesale","8":"product_tag-huawei-p20-display-specifications","9":"product_tag-huawei-p20-screen-wholesale","10":"product_tag-mobile-screen-supplier-b2b","11":"product_tag-p20-lcd-replacement-bulk","13":"first","14":"instock","15":"shipping-taxable","16":"product-type-simple"},"_links":{"self":[{"href":"https:\/\/screen-stocks.com\/de\/wp-json\/wp\/v2\/product\/28663","targetHints":{"allow":["GET"]}}],"collection":[{"href":"https:\/\/screen-stocks.com\/de\/wp-json\/wp\/v2\/product"}],"about":[{"href":"https:\/\/screen-stocks.com\/de\/wp-json\/wp\/v2\/types\/product"}],"replies":[{"embeddable":true,"href":"https:\/\/screen-stocks.com\/de\/wp-json\/wp\/v2\/comments?post=28663"}],"version-history":[{"count":1,"href":"https:\/\/screen-stocks.com\/de\/wp-json\/wp\/v2\/product\/28663\/revisions"}],"predecessor-version":[{"id":35319,"href":"https:\/\/screen-stocks.com\/de\/wp-json\/wp\/v2\/product\/28663\/revisions\/35319"}],"wp:featuredmedia":[{"embeddable":true,"href":"https:\/\/screen-stocks.com\/de\/wp-json\/wp\/v2\/media\/28399"}],"wp:attachment":[{"href":"https:\/\/screen-stocks.com\/de\/wp-json\/wp\/v2\/media?parent=28663"}],"wp:term":[{"taxonomy":"product_brand","embeddable":true,"href":"https:\/\/screen-stocks.com\/de\/wp-json\/wp\/v2\/product_brand?post=28663"},{"taxonomy":"product_cat","embeddable":true,"href":"https:\/\/screen-stocks.com\/de\/wp-json\/wp\/v2\/product_cat?post=28663"},{"taxonomy":"product_tag","embeddable":true,"href":"https:\/\/screen-stocks.com\/de\/wp-json\/wp\/v2\/product_tag?post=28663"}],"curies":[{"name":"wp","href":"https:\/\/api.w.org\/{rel}","templated":true}]}}