{"id":29017,"date":"2025-08-29T06:34:01","date_gmt":"2025-08-29T06:34:01","guid":{"rendered":"https:\/\/screen-stocks.com\/?post_type=product&#038;p=29017"},"modified":"2025-11-18T08:52:34","modified_gmt":"2025-11-18T08:52:34","slug":"samsung-samsung-galaxy-j7-nxt-screen-replacement-lcd-digitizer-assembly-wholesale","status":"publish","type":"product","link":"https:\/\/screen-stocks.com\/de\/samsung-samsung-galaxy-j7-nxt-screen-replacement-lcd-digitizer-assembly-wholesale\/","title":{"rendered":"Samsung Galaxy J7 Nxt Bildschirmersatz | LCD Digitizer Gro\u00dfhandel"},"content":{"rendered":"<p data-start=\"156\" data-end=\"517\">Stellen Sie Ihr Samsung Galaxy J7 Nxt mit diesem hochwertigen LCD- und Touch-Digitizer-Set wieder her. Jede Einheit wird auf Helligkeit, Farbgenauigkeit, tote Pixel und Multi-Touch-Reaktionsf\u00e4higkeit getestet. F\u00fcr eine pr\u00e4zise Passform und eine reibungslose Installation konzipiert, ist es ideal f\u00fcr Reparaturwerkst\u00e4tten, Aufbereiter und Gro\u00dfhandelsk\u00e4ufer, die zuverl\u00e4ssige, in gro\u00dfen Mengen einsatzbereite Ersatzbildschirme suchen.<\/p>\n<p data-start=\"519\" data-end=\"537\"><strong data-start=\"519\" data-end=\"535\">Hauptmerkmale<\/strong><\/p>\n<ul data-start=\"538\" data-end=\"841\">\n<li data-start=\"538\" data-end=\"598\">\n<p data-start=\"540\" data-end=\"598\">Vorgefertigte LCD + Digitizer f\u00fcr schnellere und einfachere Reparaturen<\/p>\n<\/li>\n<li data-start=\"599\" data-end=\"649\">\n<p data-start=\"601\" data-end=\"649\">Heller und stabiler Bildschirm mit genauen Farben<\/p>\n<\/li>\n<li data-start=\"650\" data-end=\"699\">\n<p data-start=\"652\" data-end=\"699\">Sanfte kapazitive Ber\u00fchrung f\u00fcr pr\u00e4zise Bedienung<\/p>\n<\/li>\n<li data-start=\"700\" data-end=\"769\">\n<p data-start=\"702\" data-end=\"769\">Saubere Anschl\u00fcsse f\u00fcr sichere Installation und reduzierte R\u00fccklaufquoten<\/p>\n<\/li>\n<li data-start=\"770\" data-end=\"841\">\n<p data-start=\"772\" data-end=\"841\">Gro\u00dfhandelsfreundliche Verpackung, perfekt f\u00fcr Gro\u00dfh\u00e4ndler und Servicezentren<\/p>\n<\/li>\n<\/ul>\n<p data-start=\"843\" data-end=\"862\"><strong data-start=\"843\" data-end=\"860\">Kompatibilit\u00e4t<\/strong><\/p>\n<ul data-start=\"863\" data-end=\"914\">\n<li data-start=\"863\" data-end=\"914\">\n<p data-start=\"865\" data-end=\"914\">Speziell entwickelt f\u00fcr Samsung Galaxy J7 Nxt<\/p>\n<\/li>\n<\/ul>\n<p data-start=\"916\" data-end=\"941\"><strong data-start=\"916\" data-end=\"939\">Im Paket enthalten<\/strong><\/p>\n<ul data-start=\"942\" data-end=\"1044\">\n<li data-start=\"942\" data-end=\"1007\">\n<p data-start=\"944\" data-end=\"1007\">1\u00d7 Samsung Galaxy J7 Nxt Ersatzbildschirm (LCD + Digitizer)<\/p>\n<\/li>\n<li data-start=\"1008\" data-end=\"1044\">\n<p data-start=\"1010\" data-end=\"1044\">Klebefilm (falls zutreffend)<\/p>\n<\/li>\n<\/ul>","protected":false},"excerpt":{"rendered":"<p>Premium Ersatzbildschirm f\u00fcr Samsung Samsung Galaxy J7 Nxt. LCD- + Digitizer-Assembly mit hellem Display und reaktionsschnellem Touch. Ideal f\u00fcr Reparaturwerkst\u00e4tten und Gro\u00dfbestellungen in Deutschland &amp; Europa.<\/p>","protected":false},"featured_media":28809,"comment_status":"open","ping_status":"closed","template":"","meta":[],"product_brand":[],"product_cat":[187],"product_tag":[77,217,76,78],"class_list":{"0":"post-29017","1":"product","2":"type-product","3":"status-publish","4":"has-post-thumbnail","6":"product_cat-samsung-screen","7":"product_tag-lcd-digitizer","8":"product_tag-samsung-samsung-galaxy-j7-nxt","9":"product_tag-screen-replacement","10":"product_tag-wholesale","12":"first","13":"instock","14":"shipping-taxable","15":"product-type-simple"},"_links":{"self":[{"href":"https:\/\/screen-stocks.com\/de\/wp-json\/wp\/v2\/product\/29017","targetHints":{"allow":["GET"]}}],"collection":[{"href":"https:\/\/screen-stocks.com\/de\/wp-json\/wp\/v2\/product"}],"about":[{"href":"https:\/\/screen-stocks.com\/de\/wp-json\/wp\/v2\/types\/product"}],"replies":[{"embeddable":true,"href":"https:\/\/screen-stocks.com\/de\/wp-json\/wp\/v2\/comments?post=29017"}],"version-history":[{"count":2,"href":"https:\/\/screen-stocks.com\/de\/wp-json\/wp\/v2\/product\/29017\/revisions"}],"predecessor-version":[{"id":33964,"href":"https:\/\/screen-stocks.com\/de\/wp-json\/wp\/v2\/product\/29017\/revisions\/33964"}],"wp:featuredmedia":[{"embeddable":true,"href":"https:\/\/screen-stocks.com\/de\/wp-json\/wp\/v2\/media\/28809"}],"wp:attachment":[{"href":"https:\/\/screen-stocks.com\/de\/wp-json\/wp\/v2\/media?parent=29017"}],"wp:term":[{"taxonomy":"product_brand","embeddable":true,"href":"https:\/\/screen-stocks.com\/de\/wp-json\/wp\/v2\/product_brand?post=29017"},{"taxonomy":"product_cat","embeddable":true,"href":"https:\/\/screen-stocks.com\/de\/wp-json\/wp\/v2\/product_cat?post=29017"},{"taxonomy":"product_tag","embeddable":true,"href":"https:\/\/screen-stocks.com\/de\/wp-json\/wp\/v2\/product_tag?post=29017"}],"curies":[{"name":"wp","href":"https:\/\/api.w.org\/{rel}","templated":true}]}}