{"id":30743,"date":"2025-08-30T06:56:41","date_gmt":"2025-08-30T06:56:41","guid":{"rendered":"https:\/\/screen-stocks.com\/?post_type=product&#038;p=30743"},"modified":"2026-01-11T19:30:23","modified_gmt":"2026-01-11T19:30:23","slug":"wholesale-xiaomi-poco-m3-pro-5g-screen-replacement-lcd-digitizer","status":"publish","type":"product","link":"https:\/\/screen-stocks.com\/de\/wholesale-xiaomi-poco-m3-pro-5g-screen-replacement-lcd-digitizer\/","title":{"rendered":"Gro\u00dfhandels-Xiaomi Poco M3 Pro 5G Bildschirmwechsel \u2013 LCD &amp; Digitizer"},"content":{"rendered":"<p>Steigern Sie Ihren Reparatur- und Vertriebsbestand mit unserem Premium <strong>Xiaomi Poco M3 Pro 5G Bildschirmersatz \u2013 LCD- &amp; Digitizer-Assembly (Gro\u00dfhandel)<\/strong>. Entwickelt f\u00fcr kompromisslose Leistung, liefert dieses Assembly die genauen technischen Spezifikationen, die Ihre Kunden verlangen, und sorgt f\u00fcr nahtlose Integration und h\u00f6chste Benutzerzufriedenheit.<\/p>\n<p>Erleben Sie kompromisslose visuelle Klarheit mit der nativen <strong>FHD+ (1080 x 2400 Pixel) Aufl\u00f6sung<\/strong>, die scharfe, klare Bilder mit einer Pixeldichte von etwa 400 ppi bietet. Nutzer profitieren von der fl\u00fcssigen Interaktion, die durch ein echtes <strong>90Hz Bildwiederholrate<\/strong>, erheblich reduziert Bewegungsunsch\u00e4rfe und verbessert das gesamte Scrollen- und Spielerlebnis. Unser integriertes <strong>Touch-IC<\/strong> ist kalibriert f\u00fcr au\u00dfergew\u00f6hnliche Empfindlichkeit und Reaktionsf\u00e4higkeit, erkennt Eingaben mit Sub-Millisekunden-Genauigkeit, um Verz\u00f6gerungen und Ghosting zu eliminieren, ein entscheidender Faktor f\u00fcr professionelle Reparaturen. Dar\u00fcber hinaus garantiert das Display eine breite und gleichm\u00e4\u00dfige <strong>Farbspektrum<\/strong>, das lebendige, realistische Farbt\u00f6ne und eine pr\u00e4zise Farbwiedergabe liefert, die den Originalspezifikationen entspricht oder diese \u00fcbertrifft. Optimiert f\u00fcr den Gro\u00dfhandel, bietet dieses Assembly gleichbleibende Qualit\u00e4t und Leistung f\u00fcr all Ihre Gro\u00dfhandelsbed\u00fcrfnisse.<\/p>","protected":false},"excerpt":{"rendered":"<p>Premium-Gro\u00dfhandel Xiaomi Poco M3 Pro 5G LCD- &amp; Digitizer-Assembly. Merkmale: FHD+ Aufl\u00f6sung, 90Hz Bildwiederholrate, pr\u00e4ziser Touch-IC und breiter Farbraum.<\/p>","protected":false},"featured_media":29487,"comment_status":"open","ping_status":"closed","template":"","meta":[],"product_brand":[],"product_cat":[225],"product_tag":[1307,1305,812,1306,1304],"class_list":{"0":"post-30743","1":"product","2":"type-product","3":"status-publish","4":"has-post-thumbnail","6":"product_cat-xiaomi-screen","7":"product_tag-high-refresh-rate-screen","8":"product_tag-m3-pro-5g-lcd-wholesale","9":"product_tag-mobile-phone-screen-replacement","10":"product_tag-poco-m3-pro-digitizer-assembly","11":"product_tag-xiaomi-poco-m3-pro-5g-screen","13":"first","14":"instock","15":"shipping-taxable","16":"product-type-simple"},"_links":{"self":[{"href":"https:\/\/screen-stocks.com\/de\/wp-json\/wp\/v2\/product\/30743","targetHints":{"allow":["GET"]}}],"collection":[{"href":"https:\/\/screen-stocks.com\/de\/wp-json\/wp\/v2\/product"}],"about":[{"href":"https:\/\/screen-stocks.com\/de\/wp-json\/wp\/v2\/types\/product"}],"replies":[{"embeddable":true,"href":"https:\/\/screen-stocks.com\/de\/wp-json\/wp\/v2\/comments?post=30743"}],"version-history":[{"count":1,"href":"https:\/\/screen-stocks.com\/de\/wp-json\/wp\/v2\/product\/30743\/revisions"}],"predecessor-version":[{"id":34857,"href":"https:\/\/screen-stocks.com\/de\/wp-json\/wp\/v2\/product\/30743\/revisions\/34857"}],"wp:featuredmedia":[{"embeddable":true,"href":"https:\/\/screen-stocks.com\/de\/wp-json\/wp\/v2\/media\/29487"}],"wp:attachment":[{"href":"https:\/\/screen-stocks.com\/de\/wp-json\/wp\/v2\/media?parent=30743"}],"wp:term":[{"taxonomy":"product_brand","embeddable":true,"href":"https:\/\/screen-stocks.com\/de\/wp-json\/wp\/v2\/product_brand?post=30743"},{"taxonomy":"product_cat","embeddable":true,"href":"https:\/\/screen-stocks.com\/de\/wp-json\/wp\/v2\/product_cat?post=30743"},{"taxonomy":"product_tag","embeddable":true,"href":"https:\/\/screen-stocks.com\/de\/wp-json\/wp\/v2\/product_tag?post=30743"}],"curies":[{"name":"wp","href":"https:\/\/api.w.org\/{rel}","templated":true}]}}