{"id":32760,"date":"2025-09-02T02:54:41","date_gmt":"2025-09-02T02:54:41","guid":{"rendered":"https:\/\/screen-stocks.com\/?post_type=product&#038;p=32760"},"modified":"2026-01-08T01:30:14","modified_gmt":"2026-01-08T01:30:14","slug":"motorola-motcp00-c-pl-bulk-supply-maximize-shop-efficiency-customer-satisfaction","status":"publish","type":"product","link":"https:\/\/screen-stocks.com\/de\/motorola-motcp00-c-pl-bulk-supply-maximize-shop-efficiency-customer-satisfaction\/","title":{"rendered":"Motorola motcp00 C Pl Gro\u00dflieferung \u2013 Maximieren Sie die Effizienz Ihres Shops &amp; Kundenzufriedenheit"},"content":{"rendered":"<p>F\u00fcr Werkst\u00e4tten f\u00fcr Mobilreparaturen, die ihre Servicequalit\u00e4t und Rentabilit\u00e4t steigern m\u00f6chten, ist unser <strong>Motorola motcp00 C Pl Display-Assembly<\/strong> eine unvergleichliche Wahl. Wir verstehen, dass Zeit in Ihrem Gesch\u00e4ft Geld bedeutet, und jede eingesparte Minute f\u00fchrt direkt zu erh\u00f6htem Umsatz.<\/p>\n<p>Dieser hochwertige Ersatzbildschirm ist sorgf\u00e4ltig f\u00fcr <strong>nahtlose Installation<\/strong>, entwickelt, mit <strong>perfekten Rahmenpassform<\/strong> der frustrierende Ausrichtungsprobleme und teure Nacharbeiten eliminiert. Dieses Pr\u00e4zisionsdesign sorgt erheblich daf\u00fcr, <strong>reduziert die Arbeitszeit<\/strong> pro Reparatur, Ihre Techniker mehr Auftr\u00e4ge effizient abschlie\u00dfen und Ihren t\u00e4glichen Durchsatz steigern k\u00f6nnen. \u00dcber die operative Effizienz hinaus sorgt die \u00fcberlegene Qualit\u00e4t des motcp00 C Pl f\u00fcr eine au\u00dfergew\u00f6hnliche Ger\u00e4tewiederherstellung, was zu konstant verbesserten <strong>Kundenzufriedenheit<\/strong>. f\u00fchrt. Zufriedene Kunden bedeuten Wiederholungsgesch\u00e4fte, positive Weiterempfehlungen und einen st\u00e4rkeren Ruf auf Ihrem wettbewerbsintensiven Markt.<\/p>\n<p>Investieren Sie in unser <strong>Gro\u00dfhandelsmengenversorgung<\/strong> von Motorola motcp00 C Pl Assemblies, um Ihren Arbeitsablauf zu optimieren, Ihre Kunden zu beeindrucken und letztlich das Einkommenspotenzial Ihres Shops zu maximieren. Sichern Sie sich einen Wettbewerbsvorteil mit einem Produkt, das sowohl Spitzenleistung als auch robuste Gewinnmargen f\u00fcr Ihr Gesch\u00e4ft bietet.<\/p>","protected":false},"excerpt":{"rendered":"<p>Gro\u00dfhandel Motorola motcp00 C Pl Bildschirme f\u00fcr Reparaturwerkst\u00e4tten. Gew\u00e4hrleisten Sie perfekte Passform, schnelle Installation, steigern Sie die Arbeitseffizienz und begeistern Sie Kunden f\u00fcr h\u00f6here Gewinne.<\/p>","protected":false},"featured_media":32522,"comment_status":"open","ping_status":"closed","template":"","meta":[],"product_brand":[],"product_cat":[357],"product_tag":[465,1265,1263,1264,541],"class_list":{"0":"post-32760","1":"product","2":"type-product","3":"status-publish","4":"has-post-thumbnail","6":"product_cat-motorola","7":"product_tag-mobile-phone-repair-parts","8":"product_tag-motorola-display-assembly","9":"product_tag-motorola-motcp00-c-pl-wholesale","10":"product_tag-motorola-screen-replacement-bulk","11":"product_tag-wholesale-phone-screens","13":"first","14":"outofstock","15":"shipping-taxable","16":"product-type-simple"},"_links":{"self":[{"href":"https:\/\/screen-stocks.com\/de\/wp-json\/wp\/v2\/product\/32760","targetHints":{"allow":["GET"]}}],"collection":[{"href":"https:\/\/screen-stocks.com\/de\/wp-json\/wp\/v2\/product"}],"about":[{"href":"https:\/\/screen-stocks.com\/de\/wp-json\/wp\/v2\/types\/product"}],"replies":[{"embeddable":true,"href":"https:\/\/screen-stocks.com\/de\/wp-json\/wp\/v2\/comments?post=32760"}],"version-history":[{"count":3,"href":"https:\/\/screen-stocks.com\/de\/wp-json\/wp\/v2\/product\/32760\/revisions"}],"predecessor-version":[{"id":34833,"href":"https:\/\/screen-stocks.com\/de\/wp-json\/wp\/v2\/product\/32760\/revisions\/34833"}],"wp:featuredmedia":[{"embeddable":true,"href":"https:\/\/screen-stocks.com\/de\/wp-json\/wp\/v2\/media\/32522"}],"wp:attachment":[{"href":"https:\/\/screen-stocks.com\/de\/wp-json\/wp\/v2\/media?parent=32760"}],"wp:term":[{"taxonomy":"product_brand","embeddable":true,"href":"https:\/\/screen-stocks.com\/de\/wp-json\/wp\/v2\/product_brand?post=32760"},{"taxonomy":"product_cat","embeddable":true,"href":"https:\/\/screen-stocks.com\/de\/wp-json\/wp\/v2\/product_cat?post=32760"},{"taxonomy":"product_tag","embeddable":true,"href":"https:\/\/screen-stocks.com\/de\/wp-json\/wp\/v2\/product_tag?post=32760"}],"curies":[{"name":"wp","href":"https:\/\/api.w.org\/{rel}","templated":true}]}}