{"id":33134,"date":"2025-09-02T03:53:29","date_gmt":"2025-09-02T03:53:29","guid":{"rendered":"https:\/\/screen-stocks.com\/?post_type=product&#038;p=33134"},"modified":"2026-02-16T02:53:14","modified_gmt":"2026-02-16T02:53:14","slug":"bulk-lg-k8-2018-aristo-2-displays-maximize-your-repair-shops-efficiency","status":"publish","type":"product","link":"https:\/\/screen-stocks.com\/de\/bulk-lg-k8-2018-aristo-2-displays-maximize-your-repair-shops-efficiency\/","title":{"rendered":"Gro\u00dfhandel LG K8 2018 Aristo 2 Displays: Maximieren Sie die Effizienz Ihres Reparaturgesch\u00e4fts"},"content":{"rendered":"<p>F\u00fcr Mobilreparaturunternehmen, die Effizienz optimieren und die Kundenzufriedenheit steigern m\u00f6chten, bieten wir <strong>LG K8 2018 Aristo 2 Bildschirmmontage<\/strong> bietet eine unvergleichliche L\u00f6sung. Wir verstehen, dass Zeit in Ihrer Werkstatt Geld ist. Deshalb sind unsere Einheiten f\u00fcr nahtlose Integration konzipiert und verf\u00fcgen \u00fcber ein <strong>perfekte Rahmenpassform<\/strong> das die Installationszeit erheblich verk\u00fcrzt. Techniker k\u00f6nnen Reparaturen schneller abschlie\u00dfen, was eine h\u00f6here Anzahl von Service-Terminen pro Tag erm\u00f6glicht. Die pr\u00e4zise Technik minimiert potenzielle Fehler und Nacharbeiten, was sich direkt auf Ihre Arbeitskosten auswirkt und Ihre Gewinnmargen pro Reparatur verbessert.<\/p>\n<p>Neben Effizienz sorgen unsere Bildschirme f\u00fcr eine \u00fcberlegene Ger\u00e4tefunktionalit\u00e4t und ein fehlerfreies Benutzererlebnis, was zu hoher Kundenzufriedenheit f\u00fchrt. Zufriedene Kunden bedeuten positive Bewertungen, Wiederholungsgesch\u00e4fte und einen st\u00e4rkeren Ruf f\u00fcr Ihren Laden. Unsere <strong>von einer Reparatur, die wie neu aussieht und funktioniert, was Folgeauftr\u00e4ge und einen hervorragenden Ruf f\u00f6rdert. Sichern Sie sich noch heute Ihre<\/strong> Optionen bieten gleichbleibende Qualit\u00e4t und Verf\u00fcgbarkeit und unterst\u00fctzen Ihre betrieblichen Anforderungen ohne Unterbrechung. Arbeiten Sie mit uns zusammen, um Ihren Reparaturservice zu verbessern und eine stabile Einnahmequelle mit zuverl\u00e4ssigen, leistungsstarken Ersatzteilen zu sichern.<\/p>","protected":false},"excerpt":{"rendered":"<p>Gro\u00dfhandel LG K8 2018 Aristo 2 Bildschirmbaugruppen, entwickelt f\u00fcr schnelle, perfekte Installation, Steigerung der Rentabilit\u00e4t des Reparaturgesch\u00e4fts und hohe Kundenzufriedenheit. Gro\u00dfhandelsversorgung verf\u00fcgbar.<\/p>","protected":false},"featured_media":33000,"comment_status":"open","ping_status":"closed","template":"","meta":[],"product_brand":[],"product_cat":[363],"product_tag":[1545,1544,465,1546,541],"class_list":{"0":"post-33134","1":"product","2":"type-product","3":"status-publish","4":"has-post-thumbnail","6":"product_cat-lg","7":"product_tag-aristo-2-display-bulk","8":"product_tag-lg-k8-2018-screen-wholesale","9":"product_tag-mobile-phone-repair-parts","10":"product_tag-screen-assembly-supplier","11":"product_tag-wholesale-phone-screens","13":"first","14":"outofstock","15":"shipping-taxable","16":"product-type-simple"},"_links":{"self":[{"href":"https:\/\/screen-stocks.com\/de\/wp-json\/wp\/v2\/product\/33134","targetHints":{"allow":["GET"]}}],"collection":[{"href":"https:\/\/screen-stocks.com\/de\/wp-json\/wp\/v2\/product"}],"about":[{"href":"https:\/\/screen-stocks.com\/de\/wp-json\/wp\/v2\/types\/product"}],"replies":[{"embeddable":true,"href":"https:\/\/screen-stocks.com\/de\/wp-json\/wp\/v2\/comments?post=33134"}],"version-history":[{"count":2,"href":"https:\/\/screen-stocks.com\/de\/wp-json\/wp\/v2\/product\/33134\/revisions"}],"predecessor-version":[{"id":35394,"href":"https:\/\/screen-stocks.com\/de\/wp-json\/wp\/v2\/product\/33134\/revisions\/35394"}],"wp:featuredmedia":[{"embeddable":true,"href":"https:\/\/screen-stocks.com\/de\/wp-json\/wp\/v2\/media\/33000"}],"wp:attachment":[{"href":"https:\/\/screen-stocks.com\/de\/wp-json\/wp\/v2\/media?parent=33134"}],"wp:term":[{"taxonomy":"product_brand","embeddable":true,"href":"https:\/\/screen-stocks.com\/de\/wp-json\/wp\/v2\/product_brand?post=33134"},{"taxonomy":"product_cat","embeddable":true,"href":"https:\/\/screen-stocks.com\/de\/wp-json\/wp\/v2\/product_cat?post=33134"},{"taxonomy":"product_tag","embeddable":true,"href":"https:\/\/screen-stocks.com\/de\/wp-json\/wp\/v2\/product_tag?post=33134"}],"curies":[{"name":"wp","href":"https:\/\/api.w.org\/{rel}","templated":true}]}}