{"id":33188,"date":"2025-09-02T05:47:18","date_gmt":"2025-09-02T05:47:18","guid":{"rendered":"https:\/\/screen-stocks.com\/?post_type=product&#038;p=33188"},"modified":"2025-11-19T05:54:15","modified_gmt":"2025-11-19T05:54:15","slug":"oneplus-8-8t-8-pro-screen-wholesale-b2b-bulk-supply-us-eu","status":"publish","type":"product","link":"https:\/\/screen-stocks.com\/de\/oneplus-8-8t-8-pro-screen-wholesale-b2b-bulk-supply-us-eu\/","title":{"rendered":"OnePl 8\/8T\/8 Pro Bildschirm Gro\u00dfhandel | B2B Massenlieferung"},"content":{"rendered":"<p>Statten Sie Ihren Reparaturbestand mit unserer vollst\u00e4ndigen Produktlinie an Gro\u00dfhandelsbildschirmen f\u00fcr die OnePlus 8-Serie aus, die in gro\u00dfen Mengen nach Deutschland und in die EU versendet werden. Wir sind ein f\u00fchrender B2B-Lieferant f\u00fcr die <b>OnePlus 8, OnePlus 8T und OnePlus 8 Pro<\/b>, und bieten hochwertige, getestete AMOLED\/Fluid AMOLED-Displayeinheiten f\u00fcr Ihr Reparaturgesch\u00e4ft an.<\/p>\n<p>Unser Lagerbestand sorgt f\u00fcr eine zuverl\u00e4ssige Versorgung mit diesen gefragten Bildschirmen, sodass Ihre Kunden die erwartete Leistung erhalten. Mit engagierter Logistik in Deutschland und der EU bieten wir wettbewerbsf\u00e4hige Gro\u00dfhandelspreise sowie schnellen, zuverl\u00e4ssigen Versand f\u00fcr Ihre Gro\u00dfbestellungen.<\/p>","protected":false},"excerpt":{"rendered":"<p>Gro\u00dfhandel OnePlus F\u00fcr Oneplus 8 8t 8pro Bildschirme f\u00fcr US\/EU-H\u00e4ndler und Reparaturunternehmen. OEM-Fit-Qualit\u00e4t, Bulk-Verpackung, stabile Versorgung f\u00fcr hohe Nachfrage.<\/p>","protected":false},"featured_media":33177,"comment_status":"open","ping_status":"closed","template":"","meta":[],"product_brand":[],"product_cat":[365],"product_tag":[360,366,356,359],"class_list":{"0":"post-33188","1":"product","2":"type-product","3":"status-publish","4":"has-post-thumbnail","6":"product_cat-oneplus","7":"product_tag-oem-replacement","8":"product_tag-oneplus-screens","9":"product_tag-us-eu-distributors","10":"product_tag-wholesale-smartphone-parts","12":"first","13":"outofstock","14":"shipping-taxable","15":"product-type-simple"},"_links":{"self":[{"href":"https:\/\/screen-stocks.com\/de\/wp-json\/wp\/v2\/product\/33188","targetHints":{"allow":["GET"]}}],"collection":[{"href":"https:\/\/screen-stocks.com\/de\/wp-json\/wp\/v2\/product"}],"about":[{"href":"https:\/\/screen-stocks.com\/de\/wp-json\/wp\/v2\/types\/product"}],"replies":[{"embeddable":true,"href":"https:\/\/screen-stocks.com\/de\/wp-json\/wp\/v2\/comments?post=33188"}],"version-history":[{"count":3,"href":"https:\/\/screen-stocks.com\/de\/wp-json\/wp\/v2\/product\/33188\/revisions"}],"predecessor-version":[{"id":34198,"href":"https:\/\/screen-stocks.com\/de\/wp-json\/wp\/v2\/product\/33188\/revisions\/34198"}],"wp:featuredmedia":[{"embeddable":true,"href":"https:\/\/screen-stocks.com\/de\/wp-json\/wp\/v2\/media\/33177"}],"wp:attachment":[{"href":"https:\/\/screen-stocks.com\/de\/wp-json\/wp\/v2\/media?parent=33188"}],"wp:term":[{"taxonomy":"product_brand","embeddable":true,"href":"https:\/\/screen-stocks.com\/de\/wp-json\/wp\/v2\/product_brand?post=33188"},{"taxonomy":"product_cat","embeddable":true,"href":"https:\/\/screen-stocks.com\/de\/wp-json\/wp\/v2\/product_cat?post=33188"},{"taxonomy":"product_tag","embeddable":true,"href":"https:\/\/screen-stocks.com\/de\/wp-json\/wp\/v2\/product_tag?post=33188"}],"curies":[{"name":"wp","href":"https:\/\/api.w.org\/{rel}","templated":true}]}}