{"id":33285,"date":"2025-09-02T06:05:13","date_gmt":"2025-09-02T06:05:13","guid":{"rendered":"https:\/\/screen-stocks.com\/?post_type=product&#038;p=33285"},"modified":"2025-11-19T03:36:00","modified_gmt":"2025-11-19T03:36:00","slug":"wholesale-htc-10-evo-htc-bolt-screen-replacement-bulk-supply-us-eu","status":"publish","type":"product","link":"https:\/\/screen-stocks.com\/de\/wholesale-htc-10-evo-htc-bolt-screen-replacement-bulk-supply-us-eu\/","title":{"rendered":"Gro\u00dfhandel HTC 10 Evo \/ HTC Bolt Bildschirmersatz"},"content":{"rendered":"<p>Decken Sie die Nachfrage nach mobilen Reparaturen mit unseren hochwertigen Gro\u00dfhandelsbildschirmen f\u00fcr das HTC 10 Evo ab, auch bekannt als HTC Bolt in Deutschland. Wir sind ein f\u00fchrender B2B-Lieferant, spezialisiert auf Gro\u00dfmengen von LCD-Displayeinheiten f\u00fcr Reparaturwerkst\u00e4tten und H\u00e4ndler in ganz Deutschland und der EU.<\/p>\n<p>Unser Lager bietet eine zuverl\u00e4ssige Quelle f\u00fcr HTC 10 Evo \/ Bolt Bildschirmersatzteile, die perfekte Kompatibilit\u00e4t und Leistung gew\u00e4hrleisten. Jede Einheit (LCD und Digitizer) wird Qualit\u00e4tsgepr\u00fcft, um lebendige Farben und reaktionsschnelle Ber\u00fchrungen zu liefern. Mit wettbewerbsf\u00e4higen Gro\u00dfhandelspreisen und effizienter Logistik nach Deutschland und Europa sind wir Ihr vertrauensw\u00fcrdiger Partner f\u00fcr alle Ihre HTC-Bildschirmlieferbed\u00fcrfnisse.<\/p>","protected":false},"excerpt":{"rendered":"<p>Gro\u00dfhandel HTC f\u00fcr Htc 10 Evo Bildschirme f\u00fcr US\/EU-H\u00e4ndler. OEM-fit Qualit\u00e4t, Gro\u00dfverpackung, konsistente Chargen f\u00fcr gro\u00dfe Auftr\u00e4ge.<\/p>","protected":false},"featured_media":33246,"comment_status":"open","ping_status":"closed","template":"","meta":[],"product_brand":[],"product_cat":[369],"product_tag":[370,360,356,359],"class_list":{"0":"post-33285","1":"product","2":"type-product","3":"status-publish","4":"has-post-thumbnail","6":"product_cat-htc","7":"product_tag-htc-screens","8":"product_tag-oem-replacement","9":"product_tag-us-eu-distributors","10":"product_tag-wholesale-smartphone-parts","12":"first","13":"outofstock","14":"shipping-taxable","15":"product-type-simple"},"_links":{"self":[{"href":"https:\/\/screen-stocks.com\/de\/wp-json\/wp\/v2\/product\/33285","targetHints":{"allow":["GET"]}}],"collection":[{"href":"https:\/\/screen-stocks.com\/de\/wp-json\/wp\/v2\/product"}],"about":[{"href":"https:\/\/screen-stocks.com\/de\/wp-json\/wp\/v2\/types\/product"}],"replies":[{"embeddable":true,"href":"https:\/\/screen-stocks.com\/de\/wp-json\/wp\/v2\/comments?post=33285"}],"version-history":[{"count":3,"href":"https:\/\/screen-stocks.com\/de\/wp-json\/wp\/v2\/product\/33285\/revisions"}],"predecessor-version":[{"id":34016,"href":"https:\/\/screen-stocks.com\/de\/wp-json\/wp\/v2\/product\/33285\/revisions\/34016"}],"wp:featuredmedia":[{"embeddable":true,"href":"https:\/\/screen-stocks.com\/de\/wp-json\/wp\/v2\/media\/33246"}],"wp:attachment":[{"href":"https:\/\/screen-stocks.com\/de\/wp-json\/wp\/v2\/media?parent=33285"}],"wp:term":[{"taxonomy":"product_brand","embeddable":true,"href":"https:\/\/screen-stocks.com\/de\/wp-json\/wp\/v2\/product_brand?post=33285"},{"taxonomy":"product_cat","embeddable":true,"href":"https:\/\/screen-stocks.com\/de\/wp-json\/wp\/v2\/product_cat?post=33285"},{"taxonomy":"product_tag","embeddable":true,"href":"https:\/\/screen-stocks.com\/de\/wp-json\/wp\/v2\/product_tag?post=33285"}],"curies":[{"name":"wp","href":"https:\/\/api.w.org\/{rel}","templated":true}]}}