{"id":33374,"date":"2025-09-02T06:12:50","date_gmt":"2025-09-02T06:12:50","guid":{"rendered":"https:\/\/screen-stocks.com\/?post_type=product&#038;p=33374"},"modified":"2025-11-19T02:59:35","modified_gmt":"2025-11-19T02:59:35","slug":"ipad-10-2-p7-p8-replacement-screen-wholesale-bulk-us-eu-a2197","status":"publish","type":"product","link":"https:\/\/screen-stocks.com\/de\/ipad-10-2-p7-p8-replacement-screen-wholesale-bulk-us-eu-a2197\/","title":{"rendered":"iPad 10.2 (P7\/P8) Ersatzbildschirm | Gro\u00dfhandel | A2197"},"content":{"rendered":"<p><b>Produkt: Bildschirmbaugruppe Klasse A+ f\u00fcr iPad 10.2\u2033 (7.\/8. Gen)<\/b><\/p>\n<p><b>Kompatibilit\u00e4t:<\/b><\/p>\n<ul>\n<li><b>iPad 7 (P7):<\/b> A2197, A2198, A2200<\/li>\n<li><b>iPad 8 (P8):<\/b> A2270, A2428, A2429, A2430<\/li>\n<\/ul>\n<p>Wir sind ein f\u00fchrender B2B <b>Gro\u00dfhandel<\/b> Anbieter von iPad-Ersatzbildschirmen f\u00fcr den deutschen und EU-Markt. Durch unsere direkten <b>Herstellung<\/b> Beziehungen versorgen wir Reparaturwerkst\u00e4tten und H\u00e4ndler mit einer zuverl\u00e4ssigen und hochvolumigen Versorgung.<\/p>\n<p>Diese 10.2\u2033 (P7\/P8) Bildschirmbaugruppe ist unsere Klasse A+ und wird rigoros auf einwandfreie Anzeige- und Touch-Leistung getestet. Als Ihr engagierter <b>Gro\u00dfhandel<\/b> Partner garantieren wir Qualit\u00e4t und wettbewerbsf\u00e4hige Gro\u00dfhandelspreise. Kontaktieren Sie uns, um noch heute Ihr B2B <b>Gro\u00dfhandel<\/b> Konto einzurichten.<\/p>","protected":false},"excerpt":{"rendered":"<p>Top-Gro\u00dfh\u00e4ndler in Deutschland f\u00fcr iPad 10.2 (7. \/ 8. Generation) Bildschirme. Wir bieten gepr\u00fcfte Grade A+ P7 (A2197) &amp; P8 (A2270) Baugruppen. Direkte Herstellung, wettbewerbsf\u00e4hige Gro\u00dfhandelspreise. Erhalten Sie Ihr B2B-Angebot!<\/p>","protected":false},"featured_media":33321,"comment_status":"open","ping_status":"closed","template":"","meta":[],"product_brand":[],"product_cat":[20,326],"product_tag":[372,360,356,373],"class_list":{"0":"post-33374","1":"product","2":"type-product","3":"status-publish","4":"has-post-thumbnail","6":"product_cat-accessories","7":"product_cat-ipad-screen","8":"product_tag-ipad-screens","9":"product_tag-oem-replacement","10":"product_tag-us-eu-distributors","11":"product_tag-wholesale-tablet-parts","13":"first","14":"outofstock","15":"shipping-taxable","16":"product-type-simple"},"_links":{"self":[{"href":"https:\/\/screen-stocks.com\/de\/wp-json\/wp\/v2\/product\/33374","targetHints":{"allow":["GET"]}}],"collection":[{"href":"https:\/\/screen-stocks.com\/de\/wp-json\/wp\/v2\/product"}],"about":[{"href":"https:\/\/screen-stocks.com\/de\/wp-json\/wp\/v2\/types\/product"}],"replies":[{"embeddable":true,"href":"https:\/\/screen-stocks.com\/de\/wp-json\/wp\/v2\/comments?post=33374"}],"version-history":[{"count":3,"href":"https:\/\/screen-stocks.com\/de\/wp-json\/wp\/v2\/product\/33374\/revisions"}],"predecessor-version":[{"id":33986,"href":"https:\/\/screen-stocks.com\/de\/wp-json\/wp\/v2\/product\/33374\/revisions\/33986"}],"wp:featuredmedia":[{"embeddable":true,"href":"https:\/\/screen-stocks.com\/de\/wp-json\/wp\/v2\/media\/33321"}],"wp:attachment":[{"href":"https:\/\/screen-stocks.com\/de\/wp-json\/wp\/v2\/media?parent=33374"}],"wp:term":[{"taxonomy":"product_brand","embeddable":true,"href":"https:\/\/screen-stocks.com\/de\/wp-json\/wp\/v2\/product_brand?post=33374"},{"taxonomy":"product_cat","embeddable":true,"href":"https:\/\/screen-stocks.com\/de\/wp-json\/wp\/v2\/product_cat?post=33374"},{"taxonomy":"product_tag","embeddable":true,"href":"https:\/\/screen-stocks.com\/de\/wp-json\/wp\/v2\/product_tag?post=33374"}],"curies":[{"name":"wp","href":"https:\/\/api.w.org\/{rel}","templated":true}]}}