{"id":33389,"date":"2025-09-02T06:12:51","date_gmt":"2025-09-02T06:12:51","guid":{"rendered":"https:\/\/screen-stocks.com\/?post_type=product&#038;p=33389"},"modified":"2025-10-25T01:54:12","modified_gmt":"2025-10-25T01:54:12","slug":"factory-direct-ipad-pro-9-7-screen-wholesale-supply-a1673-a1674","status":"publish","type":"product","link":"https:\/\/screen-stocks.com\/de\/factory-direct-ipad-pro-9-7-screen-wholesale-supply-a1673-a1674\/","title":{"rendered":"Factory-Direct iPad Pro 9.7\u2033 Bildschirm | Gro\u00dfhandel Lieferung (A1673, A1674)"},"content":{"rendered":"<p><b>Quelle: Direkt vom Hersteller: Premium iPad Pro 9.7\u2033 (2016) Bildschirm-Baugruppen<\/b><\/p>\n<p>Umgehen Sie die Zwischenh\u00e4ndler und arbeiten Sie direkt mit der Fabrik zusammen. Wir sind ein f\u00fchrender Hersteller von hochwertigen Ersatzbildschirmen f\u00fcr das Apple iPad Pro 9,7\" (1. Generation, 2016). Wir sind auf Gro\u00dfhandel und kundenspezifische Fertigung f\u00fcr B2B-Kunden spezialisiert, darunter Distributoren, gro\u00dfe Reparaturzentren und Aufarbeitungsbetriebe in den Vereinigten Staaten und Europa.<\/p>\n<p>Unser Factory-Direct-Modell gew\u00e4hrleistet, dass Sie die wettbewerbsf\u00e4higsten Preise erhalten, ohne auf die Qualit\u00e4t verzichten zu m\u00fcssen, die Ihre Kunden verlangen.<\/p>\n<p><b>Hauptmerkmale und Fertigungsvorteile:<\/b><\/p>\n<ul>\n<li><b>Pr\u00e4zise Modellkompatibilit\u00e4t:<\/b> Entwickelt f\u00fcr eine perfekte Passform f\u00fcr alle iPad Pro 9,7\u2033 (2016) Modelle:\n<ul>\n<li><b>A1673<\/b> (Wi-Fi)<\/li>\n<li><b>A1674<\/b> (Wi-Fi + Mobiltelefonie)<\/li>\n<li><b>A1675<\/b> (Wi-Fi + Mobiltelefonie)<\/li>\n<\/ul>\n<\/li>\n<li><b>Qualit\u00e4t in OEM-Qualit\u00e4t:<\/b> Als Hersteller haben wir die Kontrolle \u00fcber die gesamte Produktionslinie. Unsere Bildschirme werden so gebaut, dass sie die Originalspezifikationen erf\u00fcllen oder \u00fcbertreffen, mit:\n<ul>\n<li><b>Makelloses Retina-Display:<\/b> (2048\u00d71536) Aufl\u00f6sung mit True Tone und Unterst\u00fctzung f\u00fcr einen breiten Farbraum (P3).<\/li>\n<li><b>Hochgradig reaktionsschnelle Ber\u00fchrung:<\/b> Der Pr\u00e4zisions-Digitalisierer sorgt f\u00fcr eine reibungslose, verz\u00f6gerungsfreie Leistung.<\/li>\n<li><b>Langlebige Konstruktion:<\/b> Hergestellt aus hochwertigen Materialien f\u00fcr langfristige Zuverl\u00e4ssigkeit.<\/li>\n<\/ul>\n<\/li>\n<li><b>Fabrikdirekte Preisgestaltung:<\/b> Unsere B2B-Gro\u00dfhandelspreisstruktur ist darauf ausgelegt, Ihre Gewinnspannen zu maximieren, indem wir die Kosten f\u00fcr Wiederverk\u00e4ufer eliminieren.<\/li>\n<li><b>Strenge Qualit\u00e4tskontrolle im Werk:<\/b> Jede Bildschirmeinheit wird vor dem Versand einzeln auf tote Pixel, Ber\u00fchrungsempfindlichkeit und Farbgenauigkeit gepr\u00fcft.<\/li>\n<li><b>Internationale Lieferkette:<\/b> Wir bieten stabile, gro\u00dfvolumige Lieferungen und zuverl\u00e4ssige Logistikl\u00f6sungen f\u00fcr den Versand von Gro\u00dfauftr\u00e4gen in die USA und die EU.<\/li>\n<\/ul>\n<p><b>Kundenspezifische Fertigungsl\u00f6sungen (OEM\/ODM)<\/b><\/p>\n<p>Als Fabrik gehen unsere F\u00e4higkeiten \u00fcber das Standardangebot hinaus. Wir bieten ma\u00dfgeschneiderte L\u00f6sungen f\u00fcr Partner mit hohen St\u00fcckzahlen, einschlie\u00dflich:<\/p>\n<ul>\n<li>Kundenspezifische Flexkabel mit Branding oder \u00c4nderungen.<\/li>\n<li>Spezifische Klebstoffl\u00f6sungen.<\/li>\n<li>White-Label-Verpackungen f\u00fcr Ihre Marke.<\/li>\n<\/ul>\n<p><b>Partner mit uns<\/b><\/p>\n<p>Sichern Sie Ihre Lieferkette mit einem zuverl\u00e4ssigen Produktionspartner. Wir engagieren uns f\u00fcr langfristige B2B-Beziehungen, indem wir unseren Kunden in den USA und in der EU erstklassige Produkte, Direktlieferungen und einen engagierten Support bieten.<\/p>\n<p>Wenden Sie sich noch heute an unser B2B-Verkaufsteam, um ein Angebot f\u00fcr den Gro\u00dfhandel zu erhalten oder um Ihre individuellen OEM-Anforderungen zu besprechen.<\/p>","protected":false},"excerpt":{"rendered":"<p>Gro\u00dfhandel mit iPad Pro 9.7-Bildschirmen f\u00fcr US\/EU-H\u00e4ndler. Qualit\u00e4t in OEM-Qualit\u00e4t, Verpackung in Gro\u00dfpackungen, gleichbleibende Chargen f\u00fcr gro\u00dfe Bestellungen.<\/p>","protected":false},"featured_media":33369,"comment_status":"open","ping_status":"closed","template":"","meta":[],"product_brand":[],"product_cat":[20,326],"product_tag":[372,360,356,373],"class_list":{"0":"post-33389","1":"product","2":"type-product","3":"status-publish","4":"has-post-thumbnail","6":"product_cat-accessories","7":"product_cat-ipad-screen","8":"product_tag-ipad-screens","9":"product_tag-oem-replacement","10":"product_tag-us-eu-distributors","11":"product_tag-wholesale-tablet-parts","13":"first","14":"outofstock","15":"shipping-taxable","16":"product-type-simple"},"_links":{"self":[{"href":"https:\/\/screen-stocks.com\/de\/wp-json\/wp\/v2\/product\/33389","targetHints":{"allow":["GET"]}}],"collection":[{"href":"https:\/\/screen-stocks.com\/de\/wp-json\/wp\/v2\/product"}],"about":[{"href":"https:\/\/screen-stocks.com\/de\/wp-json\/wp\/v2\/types\/product"}],"replies":[{"embeddable":true,"href":"https:\/\/screen-stocks.com\/de\/wp-json\/wp\/v2\/comments?post=33389"}],"version-history":[{"count":2,"href":"https:\/\/screen-stocks.com\/de\/wp-json\/wp\/v2\/product\/33389\/revisions"}],"predecessor-version":[{"id":33762,"href":"https:\/\/screen-stocks.com\/de\/wp-json\/wp\/v2\/product\/33389\/revisions\/33762"}],"wp:featuredmedia":[{"embeddable":true,"href":"https:\/\/screen-stocks.com\/de\/wp-json\/wp\/v2\/media\/33369"}],"wp:attachment":[{"href":"https:\/\/screen-stocks.com\/de\/wp-json\/wp\/v2\/media?parent=33389"}],"wp:term":[{"taxonomy":"product_brand","embeddable":true,"href":"https:\/\/screen-stocks.com\/de\/wp-json\/wp\/v2\/product_brand?post=33389"},{"taxonomy":"product_cat","embeddable":true,"href":"https:\/\/screen-stocks.com\/de\/wp-json\/wp\/v2\/product_cat?post=33389"},{"taxonomy":"product_tag","embeddable":true,"href":"https:\/\/screen-stocks.com\/de\/wp-json\/wp\/v2\/product_tag?post=33389"}],"curies":[{"name":"wp","href":"https:\/\/api.w.org\/{rel}","templated":true}]}}