{"id":33492,"date":"2025-10-09T02:14:35","date_gmt":"2025-10-09T02:14:35","guid":{"rendered":"https:\/\/screen-stocks.com\/?post_type=product&#038;p=33492"},"modified":"2025-12-01T02:12:20","modified_gmt":"2025-12-01T02:12:20","slug":"motorola-g2-wholesale-bulk-supply-us-eu","status":"publish","type":"product","link":"https:\/\/screen-stocks.com\/de\/motorola-g2-wholesale-bulk-supply-us-eu\/","title":{"rendered":"Motorola G2 Bulk Supply - Garantie, QC &amp; Exportverpackung"},"content":{"rendered":"<p data-start=\"0\" data-end=\"327\">Motorola G2 Ersatzbildschirme, die f\u00fcr Wiederaufbereiter, Reparaturketten und Wiederverk\u00e4ufer entwickelt wurden. Unsere Motorola G2-Bildschirme in Erstausr\u00fcsterqualit\u00e4t bieten gestochen scharfe Farben, pr\u00e4zise Touch-Reaktionen und weite Betrachtungswinkel. Jeder Bildschirm wird vorab auf tote Pixel, Multi-Touch-Reaktionen und Farbkonsistenz getestet, um einen Plug-and-Play-Ersatz zu gew\u00e4hrleisten.<\/p>\n<p data-start=\"329\" data-end=\"616\" data-is-last-node=\"\" data-is-only-node=\"\">Diese Motorola G2-Bildschirme sind in Gro\u00dfhandelspartien mit r\u00fcckverfolgbaren Chargennummern und konsistenter Qualit\u00e4tskontrolle erh\u00e4ltlich und wurden f\u00fcr schnelle Durchlaufzeiten und Massenaufbereitungsprozesse optimiert. Bestellen Sie Motorola G2-Bildschirme in gro\u00dfen Mengen mit Vertrauen - jeder Bildschirm wird kalibriert und installationsbereit geliefert.<\/p>","protected":false},"excerpt":{"rendered":"<p>Gro\u00dfhandel mit Motorola g2-Bildschirmen f\u00fcr US\/EU-H\u00e4ndler. OEM-Qualit\u00e4t, Gro\u00dfverpackung, gleichbleibende Chargen f\u00fcr Gro\u00dfauftr\u00e4ge.<\/p>","protected":false},"featured_media":33411,"comment_status":"open","ping_status":"closed","template":"","meta":[],"product_brand":[],"product_cat":[357],"product_tag":[358,360,356,359],"class_list":{"0":"post-33492","1":"product","2":"type-product","3":"status-publish","4":"has-post-thumbnail","6":"product_cat-motorola","7":"product_tag-motorola-screens","8":"product_tag-oem-replacement","9":"product_tag-us-eu-distributors","10":"product_tag-wholesale-smartphone-parts","12":"first","13":"instock","14":"shipping-taxable","15":"product-type-simple"},"_links":{"self":[{"href":"https:\/\/screen-stocks.com\/de\/wp-json\/wp\/v2\/product\/33492","targetHints":{"allow":["GET"]}}],"collection":[{"href":"https:\/\/screen-stocks.com\/de\/wp-json\/wp\/v2\/product"}],"about":[{"href":"https:\/\/screen-stocks.com\/de\/wp-json\/wp\/v2\/types\/product"}],"replies":[{"embeddable":true,"href":"https:\/\/screen-stocks.com\/de\/wp-json\/wp\/v2\/comments?post=33492"}],"version-history":[{"count":2,"href":"https:\/\/screen-stocks.com\/de\/wp-json\/wp\/v2\/product\/33492\/revisions"}],"predecessor-version":[{"id":33666,"href":"https:\/\/screen-stocks.com\/de\/wp-json\/wp\/v2\/product\/33492\/revisions\/33666"}],"wp:featuredmedia":[{"embeddable":true,"href":"https:\/\/screen-stocks.com\/de\/wp-json\/wp\/v2\/media\/33411"}],"wp:attachment":[{"href":"https:\/\/screen-stocks.com\/de\/wp-json\/wp\/v2\/media?parent=33492"}],"wp:term":[{"taxonomy":"product_brand","embeddable":true,"href":"https:\/\/screen-stocks.com\/de\/wp-json\/wp\/v2\/product_brand?post=33492"},{"taxonomy":"product_cat","embeddable":true,"href":"https:\/\/screen-stocks.com\/de\/wp-json\/wp\/v2\/product_cat?post=33492"},{"taxonomy":"product_tag","embeddable":true,"href":"https:\/\/screen-stocks.com\/de\/wp-json\/wp\/v2\/product_tag?post=33492"}],"curies":[{"name":"wp","href":"https:\/\/api.w.org\/{rel}","templated":true}]}}