{"id":33496,"date":"2025-10-09T02:14:35","date_gmt":"2025-10-09T02:14:35","guid":{"rendered":"https:\/\/screen-stocks.com\/?post_type=product&#038;p=33496"},"modified":"2025-11-19T03:26:23","modified_gmt":"2025-11-19T03:26:23","slug":"motorola-g40-fasion-g51-g60-g60s-wholesale-bulk-supply-us-eu","status":"publish","type":"product","link":"https:\/\/screen-stocks.com\/de\/motorola-g40-fasion-g51-g60-g60s-wholesale-bulk-supply-us-eu\/","title":{"rendered":"Motorola g40 Fasion g51 g60 g60s \u2014 Gro\u00dfhandelsmengenlieferung"},"content":{"rendered":"<p>Motorola g40 Fasion g51 g60 g60s Ersatz-Displaymodule f\u00fcr den Gro\u00dfhandel. Entwickelt f\u00fcr Wiederaufbereiter, Reparaturzentren und Wiederverk\u00e4ufer in den USA\/EU. Umbenannte Dateien f\u00fcr WooCommerce-Import optimiert; zuverl\u00e4ssiger Bestand, Exportkartons.<\/p>","protected":false},"excerpt":{"rendered":"<p>Gro\u00dfhandel Motorola g40 Fasion g51 g60 g60s Bildschirme f\u00fcr US\/EU-H\u00e4ndler. OEM-Qualit\u00e4t, Gro\u00dfverpackung, konsistente Chargen f\u00fcr gro\u00dfe Auftr\u00e4ge.<\/p>","protected":false},"featured_media":33453,"comment_status":"open","ping_status":"closed","template":"","meta":[],"product_brand":[],"product_cat":[357],"product_tag":[358,360,356,359],"class_list":{"0":"post-33496","1":"product","2":"type-product","3":"status-publish","4":"has-post-thumbnail","6":"product_cat-motorola","7":"product_tag-motorola-screens","8":"product_tag-oem-replacement","9":"product_tag-us-eu-distributors","10":"product_tag-wholesale-smartphone-parts","12":"first","13":"instock","14":"shipping-taxable","15":"product-type-simple"},"_links":{"self":[{"href":"https:\/\/screen-stocks.com\/de\/wp-json\/wp\/v2\/product\/33496","targetHints":{"allow":["GET"]}}],"collection":[{"href":"https:\/\/screen-stocks.com\/de\/wp-json\/wp\/v2\/product"}],"about":[{"href":"https:\/\/screen-stocks.com\/de\/wp-json\/wp\/v2\/types\/product"}],"replies":[{"embeddable":true,"href":"https:\/\/screen-stocks.com\/de\/wp-json\/wp\/v2\/comments?post=33496"}],"version-history":[{"count":2,"href":"https:\/\/screen-stocks.com\/de\/wp-json\/wp\/v2\/product\/33496\/revisions"}],"predecessor-version":[{"id":33995,"href":"https:\/\/screen-stocks.com\/de\/wp-json\/wp\/v2\/product\/33496\/revisions\/33995"}],"wp:featuredmedia":[{"embeddable":true,"href":"https:\/\/screen-stocks.com\/de\/wp-json\/wp\/v2\/media\/33453"}],"wp:attachment":[{"href":"https:\/\/screen-stocks.com\/de\/wp-json\/wp\/v2\/media?parent=33496"}],"wp:term":[{"taxonomy":"product_brand","embeddable":true,"href":"https:\/\/screen-stocks.com\/de\/wp-json\/wp\/v2\/product_brand?post=33496"},{"taxonomy":"product_cat","embeddable":true,"href":"https:\/\/screen-stocks.com\/de\/wp-json\/wp\/v2\/product_cat?post=33496"},{"taxonomy":"product_tag","embeddable":true,"href":"https:\/\/screen-stocks.com\/de\/wp-json\/wp\/v2\/product_tag?post=33496"}],"curies":[{"name":"wp","href":"https:\/\/api.w.org\/{rel}","templated":true}]}}