{"id":33503,"date":"2025-10-09T02:14:34","date_gmt":"2025-10-09T02:14:34","guid":{"rendered":"https:\/\/screen-stocks.com\/?post_type=product&#038;p=33503"},"modified":"2025-10-09T06:04:00","modified_gmt":"2025-10-09T06:04:00","slug":"motorola-g8-wholesale-bulk-supply-us-eu","status":"publish","type":"product","link":"https:\/\/screen-stocks.com\/de\/motorola-g8-wholesale-bulk-supply-us-eu\/","title":{"rendered":"Fabrik Motorola G8 Telefon-Bildschirme - Gro\u00dfhandel f\u00fcr Refurbishers"},"content":{"rendered":"<p data-start=\"666\" data-end=\"958\">Motorola G8 Ersatzbildschirme f\u00fcr Refurbisher, Reparaturwerkst\u00e4tten und Wiederverk\u00e4ufer, die Teile ben\u00f6tigen, die einfach funktionieren. Diese Telefonbildschirme in Erstausr\u00fcsterqualit\u00e4t werden farblich angepasst und ber\u00fchrungsgepr\u00fcft geliefert, sodass jeder Bildschirm ohne \u00dcberraschungen in Ihren Reparaturablauf passt.<\/p>\n<p data-start=\"960\" data-end=\"1187\" data-is-last-node=\"\" data-is-only-node=\"\">Erh\u00e4ltlich in Gro\u00dfhandelspartien mit r\u00fcckverfolgbaren Chargennummern und exportf\u00e4higen Kartons. Diese Telefonbildschirme sind vorkalibriert, qualit\u00e4tsgepr\u00fcft und etikettiert, so dass Sie die Teile schnell auf die Werkb\u00e4nke bringen und wieder ausliefern k\u00f6nnen.<\/p>","protected":false},"excerpt":{"rendered":"<p>Gro\u00dfhandel Motorola g8 Bildschirme f\u00fcr US\/EU-H\u00e4ndler. OEM-Qualit\u00e4t, Gro\u00dfverpackung, gleichbleibende Chargen f\u00fcr Gro\u00dfauftr\u00e4ge.<\/p>","protected":false},"featured_media":33433,"comment_status":"open","ping_status":"closed","template":"","meta":[],"product_brand":[],"product_cat":[357],"product_tag":[358,360,356,359],"class_list":{"0":"post-33503","1":"product","2":"type-product","3":"status-publish","4":"has-post-thumbnail","6":"product_cat-motorola","7":"product_tag-motorola-screens","8":"product_tag-oem-replacement","9":"product_tag-us-eu-distributors","10":"product_tag-wholesale-smartphone-parts","12":"first","13":"instock","14":"shipping-taxable","15":"product-type-simple"},"_links":{"self":[{"href":"https:\/\/screen-stocks.com\/de\/wp-json\/wp\/v2\/product\/33503","targetHints":{"allow":["GET"]}}],"collection":[{"href":"https:\/\/screen-stocks.com\/de\/wp-json\/wp\/v2\/product"}],"about":[{"href":"https:\/\/screen-stocks.com\/de\/wp-json\/wp\/v2\/types\/product"}],"replies":[{"embeddable":true,"href":"https:\/\/screen-stocks.com\/de\/wp-json\/wp\/v2\/comments?post=33503"}],"version-history":[{"count":2,"href":"https:\/\/screen-stocks.com\/de\/wp-json\/wp\/v2\/product\/33503\/revisions"}],"predecessor-version":[{"id":33673,"href":"https:\/\/screen-stocks.com\/de\/wp-json\/wp\/v2\/product\/33503\/revisions\/33673"}],"wp:featuredmedia":[{"embeddable":true,"href":"https:\/\/screen-stocks.com\/de\/wp-json\/wp\/v2\/media\/33433"}],"wp:attachment":[{"href":"https:\/\/screen-stocks.com\/de\/wp-json\/wp\/v2\/media?parent=33503"}],"wp:term":[{"taxonomy":"product_brand","embeddable":true,"href":"https:\/\/screen-stocks.com\/de\/wp-json\/wp\/v2\/product_brand?post=33503"},{"taxonomy":"product_cat","embeddable":true,"href":"https:\/\/screen-stocks.com\/de\/wp-json\/wp\/v2\/product_cat?post=33503"},{"taxonomy":"product_tag","embeddable":true,"href":"https:\/\/screen-stocks.com\/de\/wp-json\/wp\/v2\/product_tag?post=33503"}],"curies":[{"name":"wp","href":"https:\/\/api.w.org\/{rel}","templated":true}]}}