{"id":35047,"date":"2026-01-14T06:31:21","date_gmt":"2026-01-14T06:31:21","guid":{"rendered":"https:\/\/screen-stocks.com\/import-placeholder-for-bty018\/"},"modified":"2026-01-21T06:00:16","modified_gmt":"2026-01-21T06:00:16","slug":"iphone-12-pro-replacement-battery-high-mid-quality","status":"publish","type":"product","link":"https:\/\/screen-stocks.com\/de\/iphone-12-pro-replacement-battery-high-mid-quality\/","title":{"rendered":"iPhone 13 Pro Ersatzbatterie | Hoch- &amp; Mittelqualit\u00e4t"},"content":{"rendered":"<p><strong>iPhone 12 Pro Ersatzbatterie<\/strong><\/p>\n<p>Hochkompatible Ersatzbatterie f\u00fcr iPhone 12 Pro.<\/p>","protected":false},"excerpt":{"rendered":"<p>Ersatzbatterie f\u00fcr iPhone 12 Pro. Erh\u00e4ltlich in mittlerer und hoher Qualit\u00e4t.<\/p>","protected":false},"featured_media":35222,"comment_status":"open","ping_status":"closed","template":"","meta":[],"product_brand":[],"product_cat":[1340],"product_tag":[],"class_list":{"0":"post-35047","1":"product","2":"type-product","3":"status-publish","4":"has-post-thumbnail","6":"product_cat-iphone-battery","8":"first","9":"instock","10":"shipping-taxable","11":"product-type-variable"},"_links":{"self":[{"href":"https:\/\/screen-stocks.com\/de\/wp-json\/wp\/v2\/product\/35047","targetHints":{"allow":["GET"]}}],"collection":[{"href":"https:\/\/screen-stocks.com\/de\/wp-json\/wp\/v2\/product"}],"about":[{"href":"https:\/\/screen-stocks.com\/de\/wp-json\/wp\/v2\/types\/product"}],"replies":[{"embeddable":true,"href":"https:\/\/screen-stocks.com\/de\/wp-json\/wp\/v2\/comments?post=35047"}],"version-history":[{"count":2,"href":"https:\/\/screen-stocks.com\/de\/wp-json\/wp\/v2\/product\/35047\/revisions"}],"predecessor-version":[{"id":35066,"href":"https:\/\/screen-stocks.com\/de\/wp-json\/wp\/v2\/product\/35047\/revisions\/35066"}],"wp:featuredmedia":[{"embeddable":true,"href":"https:\/\/screen-stocks.com\/de\/wp-json\/wp\/v2\/media\/35222"}],"wp:attachment":[{"href":"https:\/\/screen-stocks.com\/de\/wp-json\/wp\/v2\/media?parent=35047"}],"wp:term":[{"taxonomy":"product_brand","embeddable":true,"href":"https:\/\/screen-stocks.com\/de\/wp-json\/wp\/v2\/product_brand?post=35047"},{"taxonomy":"product_cat","embeddable":true,"href":"https:\/\/screen-stocks.com\/de\/wp-json\/wp\/v2\/product_cat?post=35047"},{"taxonomy":"product_tag","embeddable":true,"href":"https:\/\/screen-stocks.com\/de\/wp-json\/wp\/v2\/product_tag?post=35047"}],"curies":[{"name":"wp","href":"https:\/\/api.w.org\/{rel}","templated":true}]}}