{"id":27758,"date":"2025-09-09T02:22:04","date_gmt":"2025-09-09T02:22:04","guid":{"rendered":"https:\/\/screen-stocks.com\/?post_type=product&#038;p=27758"},"modified":"2026-01-17T01:45:41","modified_gmt":"2026-01-17T01:45:41","slug":"wholesale-iphone-5s-screen-replacement-high-quality-lcd-digitizer-assembly","status":"publish","type":"product","link":"https:\/\/screen-stocks.com\/es\/wholesale-iphone-5s-screen-replacement-high-quality-lcd-digitizer-assembly\/","title":{"rendered":"Reemplazo de pantalla iPhone 5S al por mayor | Ensamblaje de LCD y digitizador de alta calidad"},"content":{"rendered":"<p><b>Reemplazos de pantalla de iPhone 5S<\/b> en volumen para talleres de reparaci\u00f3n, distribuidores y centros de reacondicionamiento en toda Espa\u00f1a y Europa.<\/p>\n<p>Este es un ensamblaje de reemplazo completo, de grado A+, que incluye tanto el <b>Pantalla LCD de alta calidad<\/b> y el <b>Digitalizador de Pantalla T\u00e1ctil<\/b>. Es la soluci\u00f3n todo en uno ideal para reparar cristales agrietados, p\u00edxeles muertos o pantalla t\u00e1ctil no responsive en el iPhone 5S.<\/p>\n<p><b>Caracter\u00edsticas clave para socios mayoristas:<\/b><\/p>\n<ul>\n<li><b>Calidad Premium A+:<\/b> Nuestras pantallas provienen de los mejores fabricantes y pasan rigurosas pruebas de control de calidad individual. Garantizamos p\u00edxeles muertos cero, brillo impecable y respuesta t\u00e1ctil perfecta.<\/li>\n<li><b>Compatibilidad garantizada:<\/b> Compatible con todos los modelos de iPhone 5S (A1453, A1457, A1518, A1528, A1530, A1533).<\/li>\n<li><b>Suministro fiable en Espa\u00f1a y Europa:<\/b> Mantenemos un inventario estable y en volumen listo para un env\u00edo r\u00e1pido a nuestros clientes B2B en Espa\u00f1a y Europa. Somos su socio de cadena de suministro a largo plazo.<\/li>\n<li><b>Precios competitivos B2B:<\/b> Nuestro sistema de precios mayoristas escalonados est\u00e1 dise\u00f1ado para maximizar sus m\u00e1rgenes de beneficio en reparaciones y reventas.<\/li>\n<li><b>Tasa de fallos reducida:<\/b> Nuestro proceso de pruebas intensivas garantiza una baja tasa de defectos, ahorr\u00e1ndole tiempo y dinero en devoluciones y mano de obra.<\/li>\n<\/ul>\n<p><b>Especificaciones T\u00e9cnicas:<\/b><\/p>\n<ul>\n<li><b>Tipo de producto:<\/b> Conjunto completo de pantalla LCD + Digitizador t\u00e1ctil<\/li>\n<li><b>Modelo compatible:<\/b> Apple iPhone 5S<\/li>\n<li><b>Grado de Calidad:<\/b> Grado A+ \/ Mercado de accesorios premium<\/li>\n<li><b>Control de Calidad:<\/b> 100% Probado triple (Tacto, Color, Brillo)<\/li>\n<li><b>Cantidad M\u00ednima de Pedido (MOQ):<\/b> [Su MOQ, por ejemplo, 10 unidades]<\/li>\n<\/ul>\n<p><b>Realice pedidos a un proveedor confiable:<\/b> Deje de lidiar con calidad inconsistente. As\u00f3ciese con nosotros para un suministro confiable de pantallas premium para iPhone 5S.<\/p>\n<p><b>Cont\u00e1ctenos hoy para una cotizaci\u00f3n al por mayor o para hablar con un gerente de cuentas en Espa\u00f1a y Europa.<\/b><\/p>","protected":false},"excerpt":{"rendered":"<p>Compre al por mayor recambios de pantalla iPhone 5S con LCD + digitalizador. Alta calidad, duradero, f\u00e1cil de instalar, perfecto para talleres de reparaci\u00f3n y pedidos al por mayor en los EE.UU. y Europa.<\/p>","protected":false},"featured_media":27712,"comment_status":"open","ping_status":"closed","template":"","meta":[],"product_brand":[],"product_cat":[74],"product_tag":[],"class_list":{"0":"post-27758","1":"product","2":"type-product","3":"status-publish","4":"has-post-thumbnail","6":"product_cat-iphone-screen","8":"first","9":"instock","10":"shipping-taxable","11":"product-type-simple"},"_links":{"self":[{"href":"https:\/\/screen-stocks.com\/es\/wp-json\/wp\/v2\/product\/27758","targetHints":{"allow":["GET"]}}],"collection":[{"href":"https:\/\/screen-stocks.com\/es\/wp-json\/wp\/v2\/product"}],"about":[{"href":"https:\/\/screen-stocks.com\/es\/wp-json\/wp\/v2\/types\/product"}],"replies":[{"embeddable":true,"href":"https:\/\/screen-stocks.com\/es\/wp-json\/wp\/v2\/comments?post=27758"}],"version-history":[{"count":3,"href":"https:\/\/screen-stocks.com\/es\/wp-json\/wp\/v2\/product\/27758\/revisions"}],"predecessor-version":[{"id":33991,"href":"https:\/\/screen-stocks.com\/es\/wp-json\/wp\/v2\/product\/27758\/revisions\/33991"}],"wp:featuredmedia":[{"embeddable":true,"href":"https:\/\/screen-stocks.com\/es\/wp-json\/wp\/v2\/media\/27712"}],"wp:attachment":[{"href":"https:\/\/screen-stocks.com\/es\/wp-json\/wp\/v2\/media?parent=27758"}],"wp:term":[{"taxonomy":"product_brand","embeddable":true,"href":"https:\/\/screen-stocks.com\/es\/wp-json\/wp\/v2\/product_brand?post=27758"},{"taxonomy":"product_cat","embeddable":true,"href":"https:\/\/screen-stocks.com\/es\/wp-json\/wp\/v2\/product_cat?post=27758"},{"taxonomy":"product_tag","embeddable":true,"href":"https:\/\/screen-stocks.com\/es\/wp-json\/wp\/v2\/product_tag?post=27758"}],"curies":[{"name":"wp","href":"https:\/\/api.w.org\/{rel}","templated":true}]}}