{"id":27789,"date":"2025-08-27T08:51:36","date_gmt":"2025-08-27T08:51:36","guid":{"rendered":"https:\/\/screen-stocks.com\/?post_type=product&#038;p=27789"},"modified":"2025-10-28T08:18:21","modified_gmt":"2025-10-28T08:18:21","slug":"iphone-xs-screen-replacement-high-quality-lcd-digitizer-assembly-wholesale","status":"publish","type":"product","link":"https:\/\/screen-stocks.com\/es\/iphone-xs-screen-replacement-high-quality-lcd-digitizer-assembly-wholesale\/","title":{"rendered":"Reemplazo de la pantalla del iPhone Xs - LCD de alta calidad y conjunto digitalizador (al por mayor)"},"content":{"rendered":"<p>Seamos realistas: el mercado de reparaci\u00f3n del iPhone Xs (A1920, A2097) gira en torno a la calidad de la pantalla. Sus clientes esperan ese aspecto OLED perfecto, y usted no puede permitirse devoluciones de llamadas de pantallas con p\u00edxeles muertos, retraso t\u00e1ctil o mala respuesta 3D Touch.<\/p>\n<p>Lo entendemos. Somos una empresa B2B <b>proveedor mayorista<\/b> construido para profesionales de la reparaci\u00f3n.<\/p>\n<p>Colaboramos directamente con la <b>f\u00e1brica<\/b> para obtener y probar rigurosamente nuestros ensamblajes OLED del iPhone Xs. Como principal <b>distribuidor<\/b>le ofrecemos una calidad constante (tanto si prefiere OLED Premium Blando como Duro) a precios de verdad. <b>a granel<\/b> precios. Deje de jugar a los dados con proveedores aleatorios.<\/p>\n<p><b>\u00bfPor qu\u00e9 asociarse con nosotros?<\/b><\/p>\n<ul>\n<li><b>Hablamos de B2B:<\/b> Somos una <b>venta al por mayor<\/b>-primero <b>proveedor<\/b>. No vendemos en Amazon ni en eBay. Atendemos <b>a granel<\/b> pedidos para talleres de reparaci\u00f3n de EE.UU. y la UE.<\/li>\n<li><b>Precios directos de f\u00e1brica:<\/b> Como <b>fabricante<\/b> socio, eliminamos a los intermediarios. Mejores precios para sus <b>a granel<\/b> pedidos, mejores m\u00e1rgenes para su tienda.<\/li>\n<li><b>Calidad que puede instalar (y olvidar):<\/b> Todas las pantallas se prueban. Disponemos de pantallas OLED blandas (como las originales) y duras (econ\u00f3micas) para satisfacer tus necesidades.<\/li>\n<li><b>Env\u00edo r\u00e1pido a EE.UU.\/UE:<\/b> Nuestros almacenes est\u00e1n abastecidos. Consiga sus piezas y realice sus reparaciones.<\/li>\n<\/ul>\n<p><b>Especificaciones de la pieza:<\/b><\/p>\n<ul>\n<li><b>Compatibilidad:<\/b> iPhone Xs (Modelos: A1920, A2097, A2098, A2100)<\/li>\n<li><b>Tipo:<\/b> OLED Premium Aftermarket (Blando \/ Duro - <i>\u8bf7\u6839\u636e\u4f60\u7684\u5e93\u5b58\u9009\u62e9<\/i>)<\/li>\n<li><b>CONTROL DE CALIDAD:<\/b> 100% Probado en f\u00e1brica y manualmente<\/li>\n<li><b>3D Touch:<\/b> Apoyado y probado<\/li>\n<\/ul>","protected":false},"excerpt":{"rendered":"<p>Pantalla de repuesto premium para iPhone Xs. Ensamblaje de LCD + digitalizador, probado para comprobar el brillo, la precisi\u00f3n del color y la respuesta t\u00e1ctil. Ideal para talleres de reparaci\u00f3n y pedidos al por mayor en EE. UU. y Europa.<\/p>","protected":false},"featured_media":27629,"comment_status":"closed","ping_status":"closed","template":"","meta":[],"product_brand":[],"product_cat":[74],"product_tag":[105,77,76,78],"class_list":{"0":"post-27789","1":"product","2":"type-product","3":"status-publish","4":"has-post-thumbnail","6":"product_cat-iphone-screen","7":"product_tag-iphone-xs","8":"product_tag-lcd-digitizer","9":"product_tag-screen-replacement","10":"product_tag-wholesale","12":"first","13":"instock","14":"shipping-taxable","15":"product-type-simple"},"_links":{"self":[{"href":"https:\/\/screen-stocks.com\/es\/wp-json\/wp\/v2\/product\/27789","targetHints":{"allow":["GET"]}}],"collection":[{"href":"https:\/\/screen-stocks.com\/es\/wp-json\/wp\/v2\/product"}],"about":[{"href":"https:\/\/screen-stocks.com\/es\/wp-json\/wp\/v2\/types\/product"}],"replies":[{"embeddable":true,"href":"https:\/\/screen-stocks.com\/es\/wp-json\/wp\/v2\/comments?post=27789"}],"version-history":[{"count":1,"href":"https:\/\/screen-stocks.com\/es\/wp-json\/wp\/v2\/product\/27789\/revisions"}],"predecessor-version":[{"id":33796,"href":"https:\/\/screen-stocks.com\/es\/wp-json\/wp\/v2\/product\/27789\/revisions\/33796"}],"wp:featuredmedia":[{"embeddable":true,"href":"https:\/\/screen-stocks.com\/es\/wp-json\/wp\/v2\/media\/27629"}],"wp:attachment":[{"href":"https:\/\/screen-stocks.com\/es\/wp-json\/wp\/v2\/media?parent=27789"}],"wp:term":[{"taxonomy":"product_brand","embeddable":true,"href":"https:\/\/screen-stocks.com\/es\/wp-json\/wp\/v2\/product_brand?post=27789"},{"taxonomy":"product_cat","embeddable":true,"href":"https:\/\/screen-stocks.com\/es\/wp-json\/wp\/v2\/product_cat?post=27789"},{"taxonomy":"product_tag","embeddable":true,"href":"https:\/\/screen-stocks.com\/es\/wp-json\/wp\/v2\/product_tag?post=27789"}],"curies":[{"name":"wp","href":"https:\/\/api.w.org\/{rel}","templated":true}]}}