{"id":28656,"date":"2025-08-27T09:47:15","date_gmt":"2025-08-27T09:47:15","guid":{"rendered":"https:\/\/screen-stocks.com\/?post_type=product&#038;p=28656"},"modified":"2026-02-09T04:53:11","modified_gmt":"2026-02-09T04:53:11","slug":"huawei-nova-5i-p20-lite-2019-screen-replacement-factory-direct-wholesale-lcd","status":"publish","type":"product","link":"https:\/\/screen-stocks.com\/es\/huawei-nova-5i-p20-lite-2019-screen-replacement-factory-direct-wholesale-lcd\/","title":{"rendered":"Reemplazo de pantalla para Huawei nova 5i P20 lite 2019 \u2013 LCD de f\u00e1brica al por mayor directo"},"content":{"rendered":"<p>Como proveedor mayorista l\u00edder, entendemos que la fiabilidad y la satisfacci\u00f3n del cliente son fundamentales para su negocio. Presentamos nuestro premium <strong>Reemplazo de pantalla Huawei nova 5i P20 lite 2019 \u2013 Conjunto de LCD y Digitizer<\/strong>, meticulosamente dise\u00f1ado para cumplir con los est\u00e1ndares m\u00e1s altos de la industria. Cuando elige nuestras pantallas, est\u00e1 invirtiendo en <strong>Control de Calidad Directo de F\u00e1brica<\/strong> que elimina las conjeturas y garantiza un rendimiento constante.<\/p>\n<p>Nuestro compromiso comienza con un riguroso, <strong>Protocolo de Pruebas en M\u00faltiples Etapas<\/strong>. Cada componente, desde el panel LCD en bruto hasta el digitizer integrado, pasa por una inspecci\u00f3n meticulosa antes del ensamblaje. Despu\u00e9s de la producci\u00f3n, cada <strong>Conjunto de pantalla LCD y digitizador<\/strong> es sometido a pruebas funcionales exhaustivas. Esto incluye revisiones detalladas de la claridad de la pantalla, precisi\u00f3n del color, respuesta t\u00e1ctil en toda la superficie y uniformidad de la retroiluminaci\u00f3n. Nuestros procesos estrictos est\u00e1n dise\u00f1ados espec\u00edficamente para garantizar un <strong>Garant\u00eda de Cero P\u00edxeles Muertos<\/strong>, brindando a sus clientes una experiencia visual impecable desde el primer uso.<\/p>\n<p>M\u00e1s all\u00e1 de la funcionalidad inicial, priorizamos <strong>Durabilidad Mejorada<\/strong>. Nuestras pantallas est\u00e1n construidas con materiales de alta calidad y t\u00e9cnicas de fabricaci\u00f3n precisas para soportar los rigores del uso diario, reduciendo las tasas de devoluci\u00f3n y mejorando su reputaci\u00f3n. Colabore con nosotros para obtener pantallas mayoristas que ejemplifican una artesan\u00eda superior, pruebas rigurosas y una garant\u00eda de calidad inquebrantable, permiti\u00e9ndole ofrecer a sus clientes reparaciones confiables y un valor excepcional.<\/p>","protected":false},"excerpt":{"rendered":"<p>Obt\u00e9n reemplazos de pantalla para Huawei nova 5i P20 lite 2019 al por mayor. LCD y ensamblaje de digitizer probado en varias etapas, directo de f\u00e1brica, con Garant\u00eda de Cero P\u00edxeles Muertos.<\/p>","protected":false},"featured_media":28552,"comment_status":"open","ping_status":"closed","template":"","meta":[],"product_brand":[],"product_cat":[106],"product_tag":[459,1461,1462,1463,469],"class_list":{"0":"post-28656","1":"product","2":"type-product","3":"status-publish","4":"has-post-thumbnail","6":"product_cat-huawei-screen","7":"product_tag-factory-direct-quality","8":"product_tag-huawei-nova-5i-screen","9":"product_tag-p20-lite-2019-lcd","10":"product_tag-wholesale-screen-replacement","11":"product_tag-zero-dead-pixel-display","13":"first","14":"instock","15":"shipping-taxable","16":"product-type-simple"},"_links":{"self":[{"href":"https:\/\/screen-stocks.com\/es\/wp-json\/wp\/v2\/product\/28656","targetHints":{"allow":["GET"]}}],"collection":[{"href":"https:\/\/screen-stocks.com\/es\/wp-json\/wp\/v2\/product"}],"about":[{"href":"https:\/\/screen-stocks.com\/es\/wp-json\/wp\/v2\/types\/product"}],"replies":[{"embeddable":true,"href":"https:\/\/screen-stocks.com\/es\/wp-json\/wp\/v2\/comments?post=28656"}],"version-history":[{"count":1,"href":"https:\/\/screen-stocks.com\/es\/wp-json\/wp\/v2\/product\/28656\/revisions"}],"predecessor-version":[{"id":35351,"href":"https:\/\/screen-stocks.com\/es\/wp-json\/wp\/v2\/product\/28656\/revisions\/35351"}],"wp:featuredmedia":[{"embeddable":true,"href":"https:\/\/screen-stocks.com\/es\/wp-json\/wp\/v2\/media\/28552"}],"wp:attachment":[{"href":"https:\/\/screen-stocks.com\/es\/wp-json\/wp\/v2\/media?parent=28656"}],"wp:term":[{"taxonomy":"product_brand","embeddable":true,"href":"https:\/\/screen-stocks.com\/es\/wp-json\/wp\/v2\/product_brand?post=28656"},{"taxonomy":"product_cat","embeddable":true,"href":"https:\/\/screen-stocks.com\/es\/wp-json\/wp\/v2\/product_cat?post=28656"},{"taxonomy":"product_tag","embeddable":true,"href":"https:\/\/screen-stocks.com\/es\/wp-json\/wp\/v2\/product_tag?post=28656"}],"curies":[{"name":"wp","href":"https:\/\/api.w.org\/{rel}","templated":true}]}}