{"id":29015,"date":"2025-08-29T06:34:01","date_gmt":"2025-08-29T06:34:01","guid":{"rendered":"https:\/\/screen-stocks.com\/?post_type=product&#038;p=29015"},"modified":"2025-11-18T08:50:15","modified_gmt":"2025-11-18T08:50:15","slug":"samsung-samsung-galaxy-j7-screen-replacement-lcd-digitizer-assembly-wholesale","status":"publish","type":"product","link":"https:\/\/screen-stocks.com\/es\/samsung-samsung-galaxy-j7-screen-replacement-lcd-digitizer-assembly-wholesale\/","title":{"rendered":"Reemplazo de pantalla para Samsung Galaxy J7 | Venta al por mayor de LCD y digitizador"},"content":{"rendered":"<p data-start=\"178\" data-end=\"541\">Restaurar su Samsung Galaxy J7 con este conjunto de pantalla LCD y digitizador t\u00e1ctil de alta calidad. Cada unidad se prueba completamente para brillo, precisi\u00f3n del color, p\u00edxeles muertos y rendimiento multit\u00e1ctil. Dise\u00f1ado para un ajuste preciso y una instalaci\u00f3n suave, garantiza una funcionalidad confiable y m\u00ednimas devoluciones \u2014 perfecto para talleres de reparaci\u00f3n, reacondicionadores y compradores al por mayor.<\/p>\n<p data-start=\"543\" data-end=\"561\"><strong data-start=\"543\" data-end=\"559\">Caracter\u00edsticas clave<\/strong><\/p>\n<ul data-start=\"562\" data-end=\"856\">\n<li data-start=\"562\" data-end=\"614\">\n<p data-start=\"564\" data-end=\"614\">Pantalla LCD + digitizador preensamblados para reparaciones m\u00e1s r\u00e1pidas<\/p>\n<\/li>\n<li data-start=\"615\" data-end=\"666\">\n<p data-start=\"617\" data-end=\"666\">Alta luminosidad y colores estables y fieles a la vida<\/p>\n<\/li>\n<li data-start=\"667\" data-end=\"716\">\n<p data-start=\"669\" data-end=\"716\">Tacto capacitivo suave para una respuesta precisa<\/p>\n<\/li>\n<li data-start=\"717\" data-end=\"786\">\n<p data-start=\"719\" data-end=\"786\">Conectores limpios para una instalaci\u00f3n segura y tasas de devoluci\u00f3n reducidas<\/p>\n<\/li>\n<li data-start=\"787\" data-end=\"856\">\n<p data-start=\"789\" data-end=\"856\">Embalaje apto para compras al por mayor, ideal para mayoristas y centros de servicio<\/p>\n<\/li>\n<\/ul>\n<p data-start=\"858\" data-end=\"877\"><strong data-start=\"858\" data-end=\"875\">Compatibilidad<\/strong><\/p>\n<ul data-start=\"878\" data-end=\"925\">\n<li data-start=\"878\" data-end=\"925\">\n<p data-start=\"880\" data-end=\"925\">Dise\u00f1ado espec\u00edficamente para Samsung Galaxy J7<\/p>\n<\/li>\n<\/ul>\n<p data-start=\"927\" data-end=\"952\"><strong data-start=\"927\" data-end=\"950\">Incluido en el paquete<\/strong><\/p>\n<ul data-start=\"953\" data-end=\"1051\">\n<li data-start=\"953\" data-end=\"1014\">\n<p data-start=\"955\" data-end=\"1014\">1\u00d7 Pantalla de reemplazo para Samsung Galaxy J7 (LCD + digitizador)<\/p>\n<\/li>\n<li data-start=\"1015\" data-end=\"1051\">\n<p data-start=\"1017\" data-end=\"1051\">Pel\u00edcula adhesiva (donde sea aplicable)<\/p>\n<\/li>\n<\/ul>","protected":false},"excerpt":{"rendered":"<p>Pantalla de reemplazo premium para Samsung Samsung Galaxy J7. Conjunto de LCD + digitizador con pantalla brillante y tacto sensible. Ideal para talleres de reparaci\u00f3n y pedidos al por mayor en Espa\u00f1a y Europa.<\/p>","protected":false},"featured_media":28818,"comment_status":"open","ping_status":"closed","template":"","meta":[],"product_brand":[],"product_cat":[187],"product_tag":[77,215,76,78],"class_list":{"0":"post-29015","1":"product","2":"type-product","3":"status-publish","4":"has-post-thumbnail","6":"product_cat-samsung-screen","7":"product_tag-lcd-digitizer","8":"product_tag-samsung-samsung-galaxy-j7","9":"product_tag-screen-replacement","10":"product_tag-wholesale","12":"first","13":"instock","14":"shipping-taxable","15":"product-type-simple"},"_links":{"self":[{"href":"https:\/\/screen-stocks.com\/es\/wp-json\/wp\/v2\/product\/29015","targetHints":{"allow":["GET"]}}],"collection":[{"href":"https:\/\/screen-stocks.com\/es\/wp-json\/wp\/v2\/product"}],"about":[{"href":"https:\/\/screen-stocks.com\/es\/wp-json\/wp\/v2\/types\/product"}],"replies":[{"embeddable":true,"href":"https:\/\/screen-stocks.com\/es\/wp-json\/wp\/v2\/comments?post=29015"}],"version-history":[{"count":2,"href":"https:\/\/screen-stocks.com\/es\/wp-json\/wp\/v2\/product\/29015\/revisions"}],"predecessor-version":[{"id":33963,"href":"https:\/\/screen-stocks.com\/es\/wp-json\/wp\/v2\/product\/29015\/revisions\/33963"}],"wp:featuredmedia":[{"embeddable":true,"href":"https:\/\/screen-stocks.com\/es\/wp-json\/wp\/v2\/media\/28818"}],"wp:attachment":[{"href":"https:\/\/screen-stocks.com\/es\/wp-json\/wp\/v2\/media?parent=29015"}],"wp:term":[{"taxonomy":"product_brand","embeddable":true,"href":"https:\/\/screen-stocks.com\/es\/wp-json\/wp\/v2\/product_brand?post=29015"},{"taxonomy":"product_cat","embeddable":true,"href":"https:\/\/screen-stocks.com\/es\/wp-json\/wp\/v2\/product_cat?post=29015"},{"taxonomy":"product_tag","embeddable":true,"href":"https:\/\/screen-stocks.com\/es\/wp-json\/wp\/v2\/product_tag?post=29015"}],"curies":[{"name":"wp","href":"https:\/\/api.w.org\/{rel}","templated":true}]}}