{"id":33295,"date":"2025-09-02T06:05:14","date_gmt":"2025-09-02T06:05:14","guid":{"rendered":"https:\/\/screen-stocks.com\/?post_type=product&#038;p=33295"},"modified":"2025-11-19T03:35:10","modified_gmt":"2025-11-19T03:35:10","slug":"wholesale-htc-u11-lcd-screen-replacement-bulk-a-grade-display-assembly-supply-for-us-eu","status":"publish","type":"product","link":"https:\/\/screen-stocks.com\/es\/wholesale-htc-u11-lcd-screen-replacement-bulk-a-grade-display-assembly-supply-for-us-eu\/","title":{"rendered":"Reemplazo de pantalla LCD de HTC U11 al por mayor | Suministro en masa de ensamblaje de pantalla de grado A"},"content":{"rendered":"<p>Asegure un suministro confiable y de alto rendimiento de pantallas de reemplazo para el popular modelo HTC U11. Nuestros conjuntos de LCD y Digitizer se prueban rigurosamente para garantizar una integraci\u00f3n perfecta y calidad de pantalla, proporcionando a su servicio de reparaci\u00f3n las piezas de alta calidad necesarias para satisfacer a los clientes. Nos enfocamos en un suministro estable en volumen para nuestros socios en Espa\u00f1a y Europa.<\/p>\n<hr \/>\n<p>&nbsp;<\/p>\n<h3><b>Caracter\u00edsticas clave y ventajas B2B:<\/b><\/h3>\n<p>&nbsp;<\/p>\n<ul>\n<li><b>Calidad Garantizada (Grado A):<\/b> Las pantallas presentan una reproducci\u00f3n de colores vibrantes y una respuesta t\u00e1ctil precisa, coincidiendo con las especificaciones originales. Sin problemas comunes como fantasmas o fugas en la retroiluminaci\u00f3n.<\/li>\n<li><b>Montaje completo:<\/b> Suministradas como un conjunto completo de pantalla LCD y digitizer t\u00e1ctil (con opci\u00f3n de marco disponible bajo solicitud), simplificando el proceso de reparaci\u00f3n.<\/li>\n<li><b>Probado con Control de Calidad 100%:<\/b> Cada unidad pasa por una estricta revisi\u00f3n de Control de Calidad en m\u00faltiples puntos antes del env\u00edo. Las pruebas incluyen:\n<ul>\n<li>Verificaci\u00f3n de p\u00edxeles muertos o manchas<\/li>\n<li>Funcionalidad t\u00e1ctil<\/li>\n<li>Integridad del cable flexible<\/li>\n<li>Uniformidad en brillo y color<\/li>\n<\/ul>\n<\/li>\n<li><b>Stock listo para enviar:<\/b> Capacidad de inventario grande y estable para soportar pedidos de gran volumen con tiempos de entrega r\u00e1pidos.<\/li>\n<li><b>Garant\u00eda enfocada en B2B:<\/b> Respaldada por nuestra <b>Garant\u00eda Mayorista de 12 Meses<\/b> contra defectos de fabricaci\u00f3n, minimizando el riesgo para su negocio.<\/li>\n<\/ul>","protected":false},"excerpt":{"rendered":"<p>Reemplazos de pantallas LCD de HTC U11 al por mayor. Suministro en masa de conjuntos de pantalla de grado A, de 5,5 pulgadas, 100% probado en control de calidad. Proveedor de confianza para talleres de reparaci\u00f3n. \u00a1Solicite una cotizaci\u00f3n ahora!<\/p>","protected":false},"featured_media":33270,"comment_status":"open","ping_status":"closed","template":"","meta":[],"product_brand":[],"product_cat":[369],"product_tag":[370,360,356,359],"class_list":{"0":"post-33295","1":"product","2":"type-product","3":"status-publish","4":"has-post-thumbnail","6":"product_cat-htc","7":"product_tag-htc-screens","8":"product_tag-oem-replacement","9":"product_tag-us-eu-distributors","10":"product_tag-wholesale-smartphone-parts","12":"first","13":"outofstock","14":"shipping-taxable","15":"product-type-simple"},"_links":{"self":[{"href":"https:\/\/screen-stocks.com\/es\/wp-json\/wp\/v2\/product\/33295","targetHints":{"allow":["GET"]}}],"collection":[{"href":"https:\/\/screen-stocks.com\/es\/wp-json\/wp\/v2\/product"}],"about":[{"href":"https:\/\/screen-stocks.com\/es\/wp-json\/wp\/v2\/types\/product"}],"replies":[{"embeddable":true,"href":"https:\/\/screen-stocks.com\/es\/wp-json\/wp\/v2\/comments?post=33295"}],"version-history":[{"count":2,"href":"https:\/\/screen-stocks.com\/es\/wp-json\/wp\/v2\/product\/33295\/revisions"}],"predecessor-version":[{"id":34011,"href":"https:\/\/screen-stocks.com\/es\/wp-json\/wp\/v2\/product\/33295\/revisions\/34011"}],"wp:featuredmedia":[{"embeddable":true,"href":"https:\/\/screen-stocks.com\/es\/wp-json\/wp\/v2\/media\/33270"}],"wp:attachment":[{"href":"https:\/\/screen-stocks.com\/es\/wp-json\/wp\/v2\/media?parent=33295"}],"wp:term":[{"taxonomy":"product_brand","embeddable":true,"href":"https:\/\/screen-stocks.com\/es\/wp-json\/wp\/v2\/product_brand?post=33295"},{"taxonomy":"product_cat","embeddable":true,"href":"https:\/\/screen-stocks.com\/es\/wp-json\/wp\/v2\/product_cat?post=33295"},{"taxonomy":"product_tag","embeddable":true,"href":"https:\/\/screen-stocks.com\/es\/wp-json\/wp\/v2\/product_tag?post=33295"}],"curies":[{"name":"wp","href":"https:\/\/api.w.org\/{rel}","templated":true}]}}