{"id":33388,"date":"2025-09-02T06:12:51","date_gmt":"2025-09-02T06:12:51","guid":{"rendered":"https:\/\/screen-stocks.com\/?post_type=product&#038;p=33388"},"modified":"2026-01-01T13:07:16","modified_gmt":"2026-01-01T13:07:16","slug":"wholesale-ipad-mini-5-supplier-serving-usa-european-markets","status":"publish","type":"product","link":"https:\/\/screen-stocks.com\/es\/wholesale-ipad-mini-5-supplier-serving-usa-european-markets\/","title":{"rendered":"Proveedor mayorista de iPad mini 5 | Sirviendo a mercados de Espa\u00f1a y europeos"},"content":{"rendered":"<p>Ofrezca a sus clientes la combinaci\u00f3n perfecta de potencia y portabilidad con nuestro suministro mayorista del Apple iPad mini 5. Con el potente chip A12 Bionic y soporte para el Apple Pencil de primera generaci\u00f3n, el mini 5 es una potencia compacta ideal para todo, desde trabajos creativos en movimiento y tareas en campo empresarial hasta aplicaciones educativas avanzadas. Mantenemos un inventario profundo de estas tablets muy solicitadas, disponibles al por mayor y cuidadosamente probadas y clasificadas para cumplir con sus est\u00e1ndares de calidad.<\/p>\n<p>Eleve su inventario con un dispositivo que los clientes buscan activamente. Ofrecemos precios mayoristas competitivos para aumentar sus m\u00e1rgenes de beneficio y una red log\u00edstica eficiente para env\u00edos r\u00e1pidos y confiables a su negocio en cualquier parte de Espa\u00f1a y pa\u00edses europeos. Ya sea que sea un despliegue corporativo, una instituci\u00f3n educativa o un revendedor de tecnolog\u00eda, somos su fuente confiable para adquirir unidades de iPad mini 5 en volumen de calidad. Cont\u00e1ctenos hoy para una cotizaci\u00f3n personalizada.<\/p>","protected":false},"excerpt":{"rendered":"<p>Venta al por mayor de pantallas de iPad mini5 para distribuidores de EE.UU. y la UE. Calidad OEM, embalaje a granel, lotes consistentes para grandes pedidos.<\/p>","protected":false},"featured_media":33365,"comment_status":"open","ping_status":"closed","template":"","meta":[],"product_brand":[],"product_cat":[20,326],"product_tag":[372,360,356,373],"class_list":{"0":"post-33388","1":"product","2":"type-product","3":"status-publish","4":"has-post-thumbnail","6":"product_cat-accessories","7":"product_cat-ipad-screen","8":"product_tag-ipad-screens","9":"product_tag-oem-replacement","10":"product_tag-us-eu-distributors","11":"product_tag-wholesale-tablet-parts","13":"first","14":"outofstock","15":"shipping-taxable","16":"product-type-simple"},"_links":{"self":[{"href":"https:\/\/screen-stocks.com\/es\/wp-json\/wp\/v2\/product\/33388","targetHints":{"allow":["GET"]}}],"collection":[{"href":"https:\/\/screen-stocks.com\/es\/wp-json\/wp\/v2\/product"}],"about":[{"href":"https:\/\/screen-stocks.com\/es\/wp-json\/wp\/v2\/types\/product"}],"replies":[{"embeddable":true,"href":"https:\/\/screen-stocks.com\/es\/wp-json\/wp\/v2\/comments?post=33388"}],"version-history":[{"count":4,"href":"https:\/\/screen-stocks.com\/es\/wp-json\/wp\/v2\/product\/33388\/revisions"}],"predecessor-version":[{"id":34230,"href":"https:\/\/screen-stocks.com\/es\/wp-json\/wp\/v2\/product\/33388\/revisions\/34230"}],"wp:featuredmedia":[{"embeddable":true,"href":"https:\/\/screen-stocks.com\/es\/wp-json\/wp\/v2\/media\/33365"}],"wp:attachment":[{"href":"https:\/\/screen-stocks.com\/es\/wp-json\/wp\/v2\/media?parent=33388"}],"wp:term":[{"taxonomy":"product_brand","embeddable":true,"href":"https:\/\/screen-stocks.com\/es\/wp-json\/wp\/v2\/product_brand?post=33388"},{"taxonomy":"product_cat","embeddable":true,"href":"https:\/\/screen-stocks.com\/es\/wp-json\/wp\/v2\/product_cat?post=33388"},{"taxonomy":"product_tag","embeddable":true,"href":"https:\/\/screen-stocks.com\/es\/wp-json\/wp\/v2\/product_tag?post=33388"}],"curies":[{"name":"wp","href":"https:\/\/api.w.org\/{rel}","templated":true}]}}