{"id":27782,"date":"2025-08-27T08:51:35","date_gmt":"2025-08-27T08:51:35","guid":{"rendered":"https:\/\/screen-stocks.com\/?post_type=product&#038;p=27782"},"modified":"2025-12-16T01:54:55","modified_gmt":"2025-12-16T01:54:55","slug":"iphone-7-screen-replacement-high-quality-lcd-digitizer-wholesale","status":"publish","type":"product","link":"https:\/\/screen-stocks.com\/fr\/iphone-7-screen-replacement-high-quality-lcd-digitizer-wholesale\/","title":{"rendered":"Remplacement d'\u00e9cran iPhone 7 | Digitizer LCD de haute qualit\u00e9 en gros"},"content":{"rendered":"<p data-start=\"156\" data-end=\"575\">Restaurez les performances d'origine des appareils iPhone 7 avec cet \u00e9cran de remplacement haut de gamme dot\u00e9 d'un LCD de haute qualit\u00e9 et d'un assemblage de digitizer sensible. Con\u00e7u pour une compatibilit\u00e9 parfaite et une installation facile, il offre une qualit\u00e9 d'affichage nette, une r\u00e9ponse tactile pr\u00e9cise et une durabilit\u00e9 longue dur\u00e9e. Un choix intelligent en gros pour les ateliers de r\u00e9paration et les r\u00e9novateurs souhaitant r\u00e9duire les d\u00e9fauts et augmenter la satisfaction client.<\/p>\n<p data-start=\"577\" data-end=\"595\"><strong data-start=\"577\" data-end=\"593\">Caract\u00e9ristiques principales<\/strong><\/p>\n<ul data-start=\"596\" data-end=\"911\">\n<li data-start=\"596\" data-end=\"631\">\n<p data-start=\"598\" data-end=\"631\">Compatible avec iPhone 7 (4,7\u2033)<\/p>\n<\/li>\n<li data-start=\"632\" data-end=\"664\">\n<p data-start=\"634\" data-end=\"664\">\u00c9cran LCD lumineux et clair<\/p>\n<\/li>\n<li data-start=\"665\" data-end=\"719\">\n<p data-start=\"667\" data-end=\"719\">Digitizer tactile de haute pr\u00e9cision pour un fonctionnement fluide<\/p>\n<\/li>\n<li data-start=\"720\" data-end=\"779\">\n<p data-start=\"722\" data-end=\"779\">Construction robuste du cadre pour un ajustement s\u00e9curis\u00e9 et stable<\/p>\n<\/li>\n<li data-start=\"780\" data-end=\"846\">\n<p data-start=\"782\" data-end=\"846\">Enti\u00e8rement test\u00e9 avant l'exp\u00e9dition pour garantir une performance sans d\u00e9faut<\/p>\n<\/li>\n<li data-start=\"847\" data-end=\"911\">\n<p data-start=\"849\" data-end=\"911\">Disponible \u00e0 l'achat en gros \u00e0 des prix comp\u00e9titifs<\/p>\n<\/li>\n<\/ul>\n<p data-start=\"913\" data-end=\"1052\"><strong data-start=\"913\" data-end=\"928\">Application<\/strong><br data-start=\"928\" data-end=\"931\" \/>Id\u00e9al pour r\u00e9parer les \u00e9crans fissur\u00e9s, bris\u00e9s, avec affichage noir, tactile non r\u00e9actif ou d\u00e9fectueux sur les appareils iPhone 7.<\/p>","protected":false},"excerpt":{"rendered":"<p>\u00c9cran de remplacement premium pour iPhone 7. Assemblage LCD + digitizer, test\u00e9 pour la luminosit\u00e9, la pr\u00e9cision des couleurs et la r\u00e9activit\u00e9 tactile. Id\u00e9al pour les ateliers de r\u00e9paration et les commandes en gros en France et en Europe.<\/p>","protected":false},"featured_media":27747,"comment_status":"closed","ping_status":"closed","template":"","meta":[],"product_brand":[],"product_cat":[74],"product_tag":[98,77,76,78],"class_list":{"0":"post-27782","1":"product","2":"type-product","3":"status-publish","4":"has-post-thumbnail","6":"product_cat-iphone-screen","7":"product_tag-iphone-7","8":"product_tag-lcd-digitizer","9":"product_tag-screen-replacement","10":"product_tag-wholesale","12":"first","13":"instock","14":"shipping-taxable","15":"product-type-simple"},"_links":{"self":[{"href":"https:\/\/screen-stocks.com\/fr\/wp-json\/wp\/v2\/product\/27782","targetHints":{"allow":["GET"]}}],"collection":[{"href":"https:\/\/screen-stocks.com\/fr\/wp-json\/wp\/v2\/product"}],"about":[{"href":"https:\/\/screen-stocks.com\/fr\/wp-json\/wp\/v2\/types\/product"}],"replies":[{"embeddable":true,"href":"https:\/\/screen-stocks.com\/fr\/wp-json\/wp\/v2\/comments?post=27782"}],"version-history":[{"count":1,"href":"https:\/\/screen-stocks.com\/fr\/wp-json\/wp\/v2\/product\/27782\/revisions"}],"predecessor-version":[{"id":33947,"href":"https:\/\/screen-stocks.com\/fr\/wp-json\/wp\/v2\/product\/27782\/revisions\/33947"}],"wp:featuredmedia":[{"embeddable":true,"href":"https:\/\/screen-stocks.com\/fr\/wp-json\/wp\/v2\/media\/27747"}],"wp:attachment":[{"href":"https:\/\/screen-stocks.com\/fr\/wp-json\/wp\/v2\/media?parent=27782"}],"wp:term":[{"taxonomy":"product_brand","embeddable":true,"href":"https:\/\/screen-stocks.com\/fr\/wp-json\/wp\/v2\/product_brand?post=27782"},{"taxonomy":"product_cat","embeddable":true,"href":"https:\/\/screen-stocks.com\/fr\/wp-json\/wp\/v2\/product_cat?post=27782"},{"taxonomy":"product_tag","embeddable":true,"href":"https:\/\/screen-stocks.com\/fr\/wp-json\/wp\/v2\/product_tag?post=27782"}],"curies":[{"name":"wp","href":"https:\/\/api.w.org\/{rel}","templated":true}]}}