{"id":27789,"date":"2025-08-27T08:51:36","date_gmt":"2025-08-27T08:51:36","guid":{"rendered":"https:\/\/screen-stocks.com\/?post_type=product&#038;p=27789"},"modified":"2025-10-28T08:18:21","modified_gmt":"2025-10-28T08:18:21","slug":"iphone-xs-screen-replacement-high-quality-lcd-digitizer-assembly-wholesale","status":"publish","type":"product","link":"https:\/\/screen-stocks.com\/fr\/iphone-xs-screen-replacement-high-quality-lcd-digitizer-assembly-wholesale\/","title":{"rendered":"Remplacement de l'\u00e9cran de l'iPhone Xs - Assemblage du LCD et du num\u00e9riseur de haute qualit\u00e9 (en gros)"},"content":{"rendered":"<p>Soyons r\u00e9alistes : le march\u00e9 de la r\u00e9paration de l'iPhone Xs (A1920, A2097) est enti\u00e8rement ax\u00e9 sur la qualit\u00e9 de l'\u00e9cran. Vos clients attendent ce look OLED parfait, et vous ne pouvez pas vous permettre des rappels pour des \u00e9crans avec des pixels morts, un d\u00e9calage tactile ou une mauvaise r\u00e9ponse 3D Touch.<\/p>\n<p>Nous comprenons. Nous sommes une entreprise exclusivement B2B <b>fournisseur en gros<\/b> con\u00e7u pour les professionnels de la r\u00e9paration.<\/p>\n<p>Nous travaillons en partenariat direct avec les <b>usine<\/b> pour s'approvisionner et tester rigoureusement nos assemblages OLED pour l'iPhone Xs. En tant que premier <b>distributeur<\/b>Nous fournissons une qualit\u00e9 constante (que vous pr\u00e9f\u00e9riez les OLED Premium Soft ou Hard) \u00e0 des prix comp\u00e9titifs. <b>en vrac<\/b> la tarification. Cessez de jouer aux d\u00e9s avec des fournisseurs al\u00e9atoires.<\/p>\n<p><b>Pourquoi s'associer \u00e0 nous ?<\/b><\/p>\n<ul>\n<li><b>Nous parlons de B2B :<\/b> Nous sommes une <b>commerce de gros<\/b>-d'abord <b>fournisseur<\/b>. Nous ne vendons pas sur Amazon ou eBay. Nous assurons le service <b>en vrac<\/b> pour les ateliers de r\u00e9paration aux \u00c9tats-Unis et dans l'UE.<\/li>\n<li><b>Prix direct de l'usine :<\/b> En tant qu'acteur direct <b>fabricant<\/b> partenaire, nous \u00e9liminons les interm\u00e9diaires. De meilleurs prix pour vos <b>en vrac<\/b> commandes, de meilleures marges pour votre magasin.<\/li>\n<li><b>Une qualit\u00e9 que vous pouvez installer (et oublier) :<\/b> Chaque \u00e9cran est test\u00e9. Nous proposons des OLEDs souples (comme l'original) et dures (rentables) pour r\u00e9pondre \u00e0 vos besoins.<\/li>\n<li><b>Exp\u00e9dition rapide aux \u00c9tats-Unis et dans l'Union europ\u00e9enne :<\/b> Nos entrep\u00f4ts sont approvisionn\u00e9s. Obtenez vos pi\u00e8ces et effectuez vos r\u00e9parations.<\/li>\n<\/ul>\n<p><b>Sp\u00e9cifications des pi\u00e8ces :<\/b><\/p>\n<ul>\n<li><b>Compatibilit\u00e9 :<\/b> iPhone Xs (Mod\u00e8les : A1920, A2097, A2098, A2100)<\/li>\n<li><b>Type :<\/b> OLED Premium Aftermarket (Soft \/ Hard -) <i>\u8bf7\u6839\u636e\u4f60\u7684\u5e93\u5b58\u9009\u62e9<\/i>)<\/li>\n<li><b>QC :<\/b> 100% Test\u00e9 en usine et manuellement<\/li>\n<li><b>3D Touch :<\/b> Support\u00e9 et test\u00e9<\/li>\n<\/ul>","protected":false},"excerpt":{"rendered":"<p>\u00c9cran de remplacement haut de gamme pour iPhone Xs. Assemblage LCD + num\u00e9riseur, test\u00e9 pour la luminosit\u00e9, la pr\u00e9cision des couleurs et la r\u00e9activit\u00e9 tactile. Id\u00e9al pour les ateliers de r\u00e9paration et les commandes en gros aux \u00c9tats-Unis et en Europe.<\/p>","protected":false},"featured_media":27629,"comment_status":"closed","ping_status":"closed","template":"","meta":[],"product_brand":[],"product_cat":[74],"product_tag":[105,77,76,78],"class_list":{"0":"post-27789","1":"product","2":"type-product","3":"status-publish","4":"has-post-thumbnail","6":"product_cat-iphone-screen","7":"product_tag-iphone-xs","8":"product_tag-lcd-digitizer","9":"product_tag-screen-replacement","10":"product_tag-wholesale","12":"first","13":"instock","14":"shipping-taxable","15":"product-type-simple"},"_links":{"self":[{"href":"https:\/\/screen-stocks.com\/fr\/wp-json\/wp\/v2\/product\/27789","targetHints":{"allow":["GET"]}}],"collection":[{"href":"https:\/\/screen-stocks.com\/fr\/wp-json\/wp\/v2\/product"}],"about":[{"href":"https:\/\/screen-stocks.com\/fr\/wp-json\/wp\/v2\/types\/product"}],"replies":[{"embeddable":true,"href":"https:\/\/screen-stocks.com\/fr\/wp-json\/wp\/v2\/comments?post=27789"}],"version-history":[{"count":1,"href":"https:\/\/screen-stocks.com\/fr\/wp-json\/wp\/v2\/product\/27789\/revisions"}],"predecessor-version":[{"id":33796,"href":"https:\/\/screen-stocks.com\/fr\/wp-json\/wp\/v2\/product\/27789\/revisions\/33796"}],"wp:featuredmedia":[{"embeddable":true,"href":"https:\/\/screen-stocks.com\/fr\/wp-json\/wp\/v2\/media\/27629"}],"wp:attachment":[{"href":"https:\/\/screen-stocks.com\/fr\/wp-json\/wp\/v2\/media?parent=27789"}],"wp:term":[{"taxonomy":"product_brand","embeddable":true,"href":"https:\/\/screen-stocks.com\/fr\/wp-json\/wp\/v2\/product_brand?post=27789"},{"taxonomy":"product_cat","embeddable":true,"href":"https:\/\/screen-stocks.com\/fr\/wp-json\/wp\/v2\/product_cat?post=27789"},{"taxonomy":"product_tag","embeddable":true,"href":"https:\/\/screen-stocks.com\/fr\/wp-json\/wp\/v2\/product_tag?post=27789"}],"curies":[{"name":"wp","href":"https:\/\/api.w.org\/{rel}","templated":true}]}}