{"id":28621,"date":"2025-08-27T09:47:11","date_gmt":"2025-08-27T09:47:11","guid":{"rendered":"https:\/\/screen-stocks.com\/?post_type=product&#038;p=28621"},"modified":"2026-02-01T17:53:32","modified_gmt":"2026-02-01T17:53:32","slug":"honor-9x-screen-replacement-lcd-digitizer-assembly-wholesale-factory-direct-quality","status":"publish","type":"product","link":"https:\/\/screen-stocks.com\/fr\/honor-9x-screen-replacement-lcd-digitizer-assembly-wholesale-factory-direct-quality\/","title":{"rendered":"Remplacement d'\u00e9cran Honor 9X Assemblage LCD &amp; Digitizer \u2013 Qualit\u00e9 directe d'usine en gros"},"content":{"rendered":"<p>En tant que fournisseur direct d'usine de premier plan, nous comprenons que la qualit\u00e9 et la coh\u00e9rence sont primordiales pour votre entreprise. Notre <strong>Remplacement d'\u00e9cran Honor 9X \u2013 Assemblage LCD &amp; Digitizer<\/strong> est con\u00e7u pour r\u00e9pondre aux normes les plus \u00e9lev\u00e9es de l'industrie, garantissant une int\u00e9gration parfaite et des performances sup\u00e9rieures pour chaque r\u00e9paration.<\/p>\n<p>Notre engagement envers l'excellence commence \u00e0 la source. Chaque <strong>LCD &amp; Digitizer Honor 9X<\/strong> subit un processus rigoureux de contr\u00f4le qualit\u00e9 en plusieurs \u00e9tapes dans notre installation ultramoderne. Cela inclut des inspections visuelles m\u00e9ticuleuses et des tests fonctionnels avanc\u00e9s pour garantir <strong>est optimis\u00e9 pour une sensibilit\u00e9 sup\u00e9rieure et une pr\u00e9cision multi-touch, offrant une interaction fluide et r\u00e9active sur l'ensemble de l'\u00e9cran. La reproduction des couleurs est primordiale ; nos \u00e9crans A71 disposent d'une gamme de couleurs \u00e9tendue, obtenant des teintes vibrantes et fid\u00e8les \u00e0 la vie qui correspondent aux sp\u00e9cifications visuelles de l'appareil d'origine, crucial pour maintenir l'int\u00e9grit\u00e9 de la marque. De plus, chaque unit\u00e9 subit un contr\u00f4le qualit\u00e9 rigoureux pour garantir<\/strong> une r\u00e9activit\u00e9 tactile impeccable. Nous testons rigoureusement la pr\u00e9cision des couleurs, la luminosit\u00e9 et l'int\u00e9grit\u00e9 globale de l'\u00e9cran, en veillant \u00e0 ce que chaque unit\u00e9 que vous recevez offre une exp\u00e9rience utilisateur de qualit\u00e9 OEM.<\/p>\n<p>En choisissant notre solution en gros directe d'usine, vous b\u00e9n\u00e9ficiez d'une assurance qualit\u00e9 in\u00e9gal\u00e9e. Nos protocoles stricts minimisent les d\u00e9fauts et maximisent la durabilit\u00e9, r\u00e9duisant les retours co\u00fbteux et am\u00e9liorant la satisfaction de vos clients. Partenaires avec nous pour des remplacements d'\u00e9cran Honor 9X fiables et haute performance qui refl\u00e8tent notre engagement envers la pr\u00e9cision et votre succ\u00e8s.<\/p>","protected":false},"excerpt":{"rendered":"<p>Obtenez des assemblages LCD &amp; Digitizer Honor 9X en gros directement de l'usine. Contr\u00f4le qualit\u00e9 strict, z\u00e9ro pixel mort, et durabilit\u00e9 garantie pour des r\u00e9parations fiables.<\/p>","protected":false},"featured_media":28023,"comment_status":"open","ping_status":"closed","template":"","meta":[],"product_brand":[],"product_cat":[106],"product_tag":[1358,395,1357,766,462],"class_list":{"0":"post-28621","1":"product","2":"type-product","3":"status-publish","4":"has-post-thumbnail","6":"product_cat-huawei-screen","7":"product_tag-bulk-phone-parts","8":"product_tag-factory-direct-screens","9":"product_tag-honor-9x-screen-wholesale","10":"product_tag-lcd-digitizer-assembly","11":"product_tag-zero-dead-pixel","13":"first","14":"instock","15":"shipping-taxable","16":"product-type-simple"},"_links":{"self":[{"href":"https:\/\/screen-stocks.com\/fr\/wp-json\/wp\/v2\/product\/28621","targetHints":{"allow":["GET"]}}],"collection":[{"href":"https:\/\/screen-stocks.com\/fr\/wp-json\/wp\/v2\/product"}],"about":[{"href":"https:\/\/screen-stocks.com\/fr\/wp-json\/wp\/v2\/types\/product"}],"replies":[{"embeddable":true,"href":"https:\/\/screen-stocks.com\/fr\/wp-json\/wp\/v2\/comments?post=28621"}],"version-history":[{"count":1,"href":"https:\/\/screen-stocks.com\/fr\/wp-json\/wp\/v2\/product\/28621\/revisions"}],"predecessor-version":[{"id":35297,"href":"https:\/\/screen-stocks.com\/fr\/wp-json\/wp\/v2\/product\/28621\/revisions\/35297"}],"wp:featuredmedia":[{"embeddable":true,"href":"https:\/\/screen-stocks.com\/fr\/wp-json\/wp\/v2\/media\/28023"}],"wp:attachment":[{"href":"https:\/\/screen-stocks.com\/fr\/wp-json\/wp\/v2\/media?parent=28621"}],"wp:term":[{"taxonomy":"product_brand","embeddable":true,"href":"https:\/\/screen-stocks.com\/fr\/wp-json\/wp\/v2\/product_brand?post=28621"},{"taxonomy":"product_cat","embeddable":true,"href":"https:\/\/screen-stocks.com\/fr\/wp-json\/wp\/v2\/product_cat?post=28621"},{"taxonomy":"product_tag","embeddable":true,"href":"https:\/\/screen-stocks.com\/fr\/wp-json\/wp\/v2\/product_tag?post=28621"}],"curies":[{"name":"wp","href":"https:\/\/api.w.org\/{rel}","templated":true}]}}