{"id":28624,"date":"2025-08-27T09:47:11","date_gmt":"2025-08-27T09:47:11","guid":{"rendered":"https:\/\/screen-stocks.com\/?post_type=product&#038;p=28624"},"modified":"2025-12-09T09:53:02","modified_gmt":"2025-12-09T09:53:02","slug":"bulk-honor-v9-lcd-digitizer-assembly-strict-qc-zero-dead-pixels","status":"publish","type":"product","link":"https:\/\/screen-stocks.com\/fr\/bulk-honor-v9-lcd-digitizer-assembly-strict-qc-zero-dead-pixels\/","title":{"rendered":"Assemblage d'\u00e9cran LCD et de digitizer en gros pour Honor V9 \u2013 Contr\u00f4le qualit\u00e9 strict, z\u00e9ro pixel mort"},"content":{"rendered":"<p>En tant que partenaire de gros de confiance, nous pr\u00e9sentons fi\u00e8rement le <strong>Remplacement d'\u00e9cran Honor V9 \u2013 Assemblage LCD &amp; Digitizer<\/strong>, con\u00e7u pour r\u00e9pondre aux exigences strictes des services de r\u00e9paration professionnels et des revendeurs. Notre engagement ind\u00e9fectible envers la qualit\u00e9 commence par notre <strong>Prix Direct Usine<\/strong> approche, nous donnant un contr\u00f4le in\u00e9gal\u00e9 \u00e0 chaque \u00e9tape de la production et des tests.<\/p>\n<p>Chaque \u00e9cran Honor V9 subit un processus complet de <strong>Contr\u00f4le Qualit\u00e9 (CQ)<\/strong> protocol. Ce processus rigoureux comprend des inspections visuelles m\u00e9ticuleuses, des tests fonctionnels avanc\u00e9s pour la sensibilit\u00e9 tactile, la luminosit\u00e9, la pr\u00e9cision des couleurs, et surtout, une garantie <strong>est optimis\u00e9 pour une sensibilit\u00e9 sup\u00e9rieure et une pr\u00e9cision multi-touch, offrant une interaction fluide et r\u00e9active sur l'ensemble de l'\u00e9cran. La reproduction des couleurs est primordiale ; nos \u00e9crans A71 disposent d'une gamme de couleurs \u00e9tendue, obtenant des teintes vibrantes et fid\u00e8les \u00e0 la vie qui correspondent aux sp\u00e9cifications visuelles de l'appareil d'origine, crucial pour maintenir l'int\u00e9grit\u00e9 de la marque. De plus, chaque unit\u00e9 subit un contr\u00f4le qualit\u00e9 rigoureux pour garantir<\/strong>. Nous comprenons que les imperfections peuvent nuire \u00e0 votre r\u00e9putation, c'est pourquoi nos \u00e9crans sont soumis \u00e0 des tests de stress simulant une utilisation r\u00e9elle, garantissant une <strong>la durabilit\u00e9<\/strong> fiabilit\u00e9 exceptionnelle.<\/p>\n<p>et \u00e0 long terme.<\/p>","protected":false},"excerpt":{"rendered":"<p>Obtenez en gros l'ensemble d'\u00e9cran LCD et de digitizer pour Honor V9 directement de l'usine. Un contr\u00f4le qualit\u00e9 rigoureux en plusieurs \u00e9tapes garantit z\u00e9ro pixel mort et une durabilit\u00e9 sup\u00e9rieure pour des r\u00e9parations fiables.<\/p>","protected":false},"featured_media":27921,"comment_status":"open","ping_status":"closed","template":"","meta":[],"product_brand":[],"product_cat":[106],"product_tag":[471,614,843,842,490],"class_list":{"0":"post-28624","1":"product","2":"type-product","3":"status-publish","4":"has-post-thumbnail","6":"product_cat-huawei-screen","7":"product_tag-bulk-mobile-screens","8":"product_tag-factory-direct-displays","9":"product_tag-honor-v9-lcd-replacement","10":"product_tag-honor-v9-screen-wholesale","11":"product_tag-zero-dead-pixel-screens","13":"first","14":"instock","15":"shipping-taxable","16":"product-type-simple"},"_links":{"self":[{"href":"https:\/\/screen-stocks.com\/fr\/wp-json\/wp\/v2\/product\/28624","targetHints":{"allow":["GET"]}}],"collection":[{"href":"https:\/\/screen-stocks.com\/fr\/wp-json\/wp\/v2\/product"}],"about":[{"href":"https:\/\/screen-stocks.com\/fr\/wp-json\/wp\/v2\/types\/product"}],"replies":[{"embeddable":true,"href":"https:\/\/screen-stocks.com\/fr\/wp-json\/wp\/v2\/comments?post=28624"}],"version-history":[{"count":1,"href":"https:\/\/screen-stocks.com\/fr\/wp-json\/wp\/v2\/product\/28624\/revisions"}],"predecessor-version":[{"id":34628,"href":"https:\/\/screen-stocks.com\/fr\/wp-json\/wp\/v2\/product\/28624\/revisions\/34628"}],"wp:featuredmedia":[{"embeddable":true,"href":"https:\/\/screen-stocks.com\/fr\/wp-json\/wp\/v2\/media\/27921"}],"wp:attachment":[{"href":"https:\/\/screen-stocks.com\/fr\/wp-json\/wp\/v2\/media?parent=28624"}],"wp:term":[{"taxonomy":"product_brand","embeddable":true,"href":"https:\/\/screen-stocks.com\/fr\/wp-json\/wp\/v2\/product_brand?post=28624"},{"taxonomy":"product_cat","embeddable":true,"href":"https:\/\/screen-stocks.com\/fr\/wp-json\/wp\/v2\/product_cat?post=28624"},{"taxonomy":"product_tag","embeddable":true,"href":"https:\/\/screen-stocks.com\/fr\/wp-json\/wp\/v2\/product_tag?post=28624"}],"curies":[{"name":"wp","href":"https:\/\/api.w.org\/{rel}","templated":true}]}}