{"id":28653,"date":"2025-08-27T09:47:15","date_gmt":"2025-08-27T09:47:15","guid":{"rendered":"https:\/\/screen-stocks.com\/?post_type=product&#038;p=28653"},"modified":"2025-12-17T05:33:48","modified_gmt":"2025-12-17T05:33:48","slug":"bulk-huawei-nova3i-screen-assembly-boost-repair-shop-profitability","status":"publish","type":"product","link":"https:\/\/screen-stocks.com\/fr\/bulk-huawei-nova3i-screen-assembly-boost-repair-shop-profitability\/","title":{"rendered":"Assemblage d'\u00e9cran en gros Huawei Nova3i \u2013 Am\u00e9liorez la rentabilit\u00e9 de votre atelier de r\u00e9paration"},"content":{"rendered":"<p>Am\u00e9liorez l'efficacit\u00e9 et la rentabilit\u00e9 de votre atelier de r\u00e9paration avec notre gamme premium <strong>Remplacement d'\u00e9cran Huawei Nova3i \u2013 Assemblage LCD &amp; Digitizer (Vente en gros)<\/strong>. Con\u00e7u sp\u00e9cifiquement pour les techniciens professionnels, cette unit\u00e9 compl\u00e8te garantit un processus de r\u00e9paration fluide et rapide, impactant directement votre r\u00e9sultat net.<\/p>\n<p>Nos \u00e9crans Nova3i sont con\u00e7us pour <strong>la facilit\u00e9 d'installation<\/strong>. Chaque unit\u00e9 est livr\u00e9e en tant que <strong>Assemblage d'\u00e9cran LCD et de digitizer<\/strong>, \u00e9liminant le besoin de s\u00e9paration fastidieuse des pi\u00e8ces et de r\u00e9assemblage. Ce design pr\u00e9-int\u00e9gr\u00e9 r\u00e9duit consid\u00e9rablement le temps de r\u00e9paration, permettant \u00e0 vos techniciens de r\u00e9aliser plus de travaux quotidiennement et de maximiser les revenus. De plus, vous appr\u00e9cierez la <strong>ajustement parfait du cadre<\/strong> de chaque \u00e9cran. La fabrication de pr\u00e9cision garantit que chaque remplacement s\u2019aligne parfaitement avec le ch\u00e2ssis de l\u2019appareil, \u00e9vitant les \u00e9carts, les d\u00e9salignements et les retours potentiels des clients dus \u00e0 des r\u00e9parations imparfaites. Cette attention \u00e0 la finition et \u00e0 l\u2019ajustement permet de gagner un temps pr\u00e9cieux consacr\u00e9 aux ajustements et aux reprises.<\/p>\n<p>Au-del\u00e0 de l\u2019efficacit\u00e9 op\u00e9rationnelle, offrir une exp\u00e9rience de r\u00e9paration sup\u00e9rieure favorise une <strong>satisfaction client<\/strong>. exceptionnelle. Nos \u00e9crans Nova3i de haute qualit\u00e9 restaurent la clart\u00e9 de l\u2019affichage et la r\u00e9activit\u00e9 tactile, ravissant vos clients et encourageant la fid\u00e9lit\u00e9 ainsi que les recommandations positives. Investissez dans nos \u00e9crans Huawei Nova3i en gros pour am\u00e9liorer la qualit\u00e9 de votre service, r\u00e9duire les co\u00fbts g\u00e9n\u00e9raux et renforcer votre r\u00e9putation en tant qu\u2019expert en r\u00e9paration.<\/p>","protected":false},"excerpt":{"rendered":"<p>Maximisez la profitabilit\u00e9 de votre atelier de r\u00e9paration avec des ensembles d'\u00e9cran LCD et de digitizer en gros pour Huawei Nova3i. Profitez d'une installation facile, d'un ajustement parfait et de clients satisfaits.<\/p>","protected":false},"featured_media":28254,"comment_status":"open","ping_status":"closed","template":"","meta":[],"product_brand":[],"product_cat":[106],"product_tag":[901,903,522,902,531],"class_list":{"0":"post-28653","1":"product","2":"type-product","3":"status-publish","4":"has-post-thumbnail","6":"product_cat-huawei-screen","7":"product_tag-huawei-nova3i-screen-wholesale","8":"product_tag-huawei-replacement-screen","9":"product_tag-mobile-repair-parts-supplier","10":"product_tag-nova3i-lcd-digitizer-bulk","11":"product_tag-phone-screen-repair-parts","13":"first","14":"instock","15":"shipping-taxable","16":"product-type-simple"},"_links":{"self":[{"href":"https:\/\/screen-stocks.com\/fr\/wp-json\/wp\/v2\/product\/28653","targetHints":{"allow":["GET"]}}],"collection":[{"href":"https:\/\/screen-stocks.com\/fr\/wp-json\/wp\/v2\/product"}],"about":[{"href":"https:\/\/screen-stocks.com\/fr\/wp-json\/wp\/v2\/types\/product"}],"replies":[{"embeddable":true,"href":"https:\/\/screen-stocks.com\/fr\/wp-json\/wp\/v2\/comments?post=28653"}],"version-history":[{"count":1,"href":"https:\/\/screen-stocks.com\/fr\/wp-json\/wp\/v2\/product\/28653\/revisions"}],"predecessor-version":[{"id":34680,"href":"https:\/\/screen-stocks.com\/fr\/wp-json\/wp\/v2\/product\/28653\/revisions\/34680"}],"wp:featuredmedia":[{"embeddable":true,"href":"https:\/\/screen-stocks.com\/fr\/wp-json\/wp\/v2\/media\/28254"}],"wp:attachment":[{"href":"https:\/\/screen-stocks.com\/fr\/wp-json\/wp\/v2\/media?parent=28653"}],"wp:term":[{"taxonomy":"product_brand","embeddable":true,"href":"https:\/\/screen-stocks.com\/fr\/wp-json\/wp\/v2\/product_brand?post=28653"},{"taxonomy":"product_cat","embeddable":true,"href":"https:\/\/screen-stocks.com\/fr\/wp-json\/wp\/v2\/product_cat?post=28653"},{"taxonomy":"product_tag","embeddable":true,"href":"https:\/\/screen-stocks.com\/fr\/wp-json\/wp\/v2\/product_tag?post=28653"}],"curies":[{"name":"wp","href":"https:\/\/api.w.org\/{rel}","templated":true}]}}