{"id":28664,"date":"2025-08-27T09:47:16","date_gmt":"2025-08-27T09:47:16","guid":{"rendered":"https:\/\/screen-stocks.com\/?post_type=product&#038;p=28664"},"modified":"2026-01-07T02:30:26","modified_gmt":"2026-01-07T02:30:26","slug":"boost-profits-huawei-p20-lite-lcd-digitizer-assembly-wholesale","status":"publish","type":"product","link":"https:\/\/screen-stocks.com\/fr\/boost-profits-huawei-p20-lite-lcd-digitizer-assembly-wholesale\/","title":{"rendered":"Boost Profits : Assemblage d'\u00e9cran LCD et de digitizer pour Huawei P20 Lite en gros"},"content":{"rendered":"<p>Pour les ateliers de r\u00e9paration mobile cherchant \u00e0 am\u00e9liorer \u00e0 la fois l'efficacit\u00e9 et la rentabilit\u00e9, notre ensemble d'\u00e9cran LCD et de digitizer en gros pour Huawei P20 lite offre un avantage concurrentiel distinct. Nous comprenons que le temps c'est de l'argent dans le secteur de la r\u00e9paration, c'est pourquoi nos ensembles sont m\u00e9ticuleusement con\u00e7us pour <strong>la facilit\u00e9 d'installation<\/strong>. Dot\u00e9s d'un <strong>ajustement parfait du cadre<\/strong>, ces \u00e9crans de remplacement s'int\u00e8grent parfaitement, r\u00e9duisant consid\u00e9rablement les frustrations et les retards couramment associ\u00e9s aux pi\u00e8ces de rechange apr\u00e8s-vente.<\/p>\n<p>Cette ing\u00e9nierie pr\u00e9cise se traduit directement par des <strong>\u00e9conomies de temps de travail<\/strong> importants pour vos techniciens, leur permettant d'effectuer plus de r\u00e9parations quotidiennement et d'augmenter le d\u00e9bit global de votre atelier. Au-del\u00e0 des avantages op\u00e9rationnels, la qualit\u00e9 sup\u00e9rieure de l'affichage et la r\u00e9activit\u00e9 du tactile de nos ensembles pour Huawei P20 lite garantissent des performances exceptionnelles de l'appareil apr\u00e8s r\u00e9paration. Cette norme \u00e9lev\u00e9e contribue directement \u00e0 des <strong>satisfaction client<\/strong>, favorisant la fid\u00e9lit\u00e9 et g\u00e9n\u00e9rant des recommandations positives de bouche-\u00e0-oreille. En choisissant nos remplacements d'\u00e9cran en gros, vous n'achetez pas seulement des pi\u00e8ces ; vous investissez dans une solution qui optimise votre flux de travail de r\u00e9paration, minimise les retouches co\u00fbteuses et, en fin de compte, augmente vos profits. \u00c9quipez votre \u00e9quipe avec des composants qui offrent fiabilit\u00e9 et performance, garantissant que chaque r\u00e9paration renforce votre r\u00e9putation et votre r\u00e9sultat financier.<\/p>","protected":false},"excerpt":{"rendered":"<p>Maximisez vos profits avec les assemblages d'\u00e9cran LCD et de digitizer en gros pour Huawei P20 Lite. Garantie d'installation facile, ajustement parfait, \u00e9conomies de main-d'\u0153uvre et haute satisfaction client.<\/p>","protected":false},"featured_media":28381,"comment_status":"open","ping_status":"closed","template":"","meta":[],"product_brand":[],"product_cat":[106],"product_tag":[1257,474,1258,1259,765],"class_list":{"0":"post-28664","1":"product","2":"type-product","3":"status-publish","4":"has-post-thumbnail","6":"product_cat-huawei-screen","7":"product_tag-huawei-p20-lite-screen-wholesale","8":"product_tag-mobile-repair-shop-supplies","9":"product_tag-p20-lite-lcd-digitizer-bulk","10":"product_tag-p20-lite-screen-replacement","11":"product_tag-wholesale-phone-parts","13":"first","14":"instock","15":"shipping-taxable","16":"product-type-simple"},"_links":{"self":[{"href":"https:\/\/screen-stocks.com\/fr\/wp-json\/wp\/v2\/product\/28664","targetHints":{"allow":["GET"]}}],"collection":[{"href":"https:\/\/screen-stocks.com\/fr\/wp-json\/wp\/v2\/product"}],"about":[{"href":"https:\/\/screen-stocks.com\/fr\/wp-json\/wp\/v2\/types\/product"}],"replies":[{"embeddable":true,"href":"https:\/\/screen-stocks.com\/fr\/wp-json\/wp\/v2\/comments?post=28664"}],"version-history":[{"count":1,"href":"https:\/\/screen-stocks.com\/fr\/wp-json\/wp\/v2\/product\/28664\/revisions"}],"predecessor-version":[{"id":34831,"href":"https:\/\/screen-stocks.com\/fr\/wp-json\/wp\/v2\/product\/28664\/revisions\/34831"}],"wp:featuredmedia":[{"embeddable":true,"href":"https:\/\/screen-stocks.com\/fr\/wp-json\/wp\/v2\/media\/28381"}],"wp:attachment":[{"href":"https:\/\/screen-stocks.com\/fr\/wp-json\/wp\/v2\/media?parent=28664"}],"wp:term":[{"taxonomy":"product_brand","embeddable":true,"href":"https:\/\/screen-stocks.com\/fr\/wp-json\/wp\/v2\/product_brand?post=28664"},{"taxonomy":"product_cat","embeddable":true,"href":"https:\/\/screen-stocks.com\/fr\/wp-json\/wp\/v2\/product_cat?post=28664"},{"taxonomy":"product_tag","embeddable":true,"href":"https:\/\/screen-stocks.com\/fr\/wp-json\/wp\/v2\/product_tag?post=28664"}],"curies":[{"name":"wp","href":"https:\/\/api.w.org\/{rel}","templated":true}]}}