{"id":28666,"date":"2025-08-27T09:47:17","date_gmt":"2025-08-27T09:47:17","guid":{"rendered":"https:\/\/screen-stocks.com\/?post_type=product&#038;p=28666"},"modified":"2025-12-23T00:32:11","modified_gmt":"2025-12-23T00:32:11","slug":"huawei-p30-lcd-digitizer-wholesale-factory-direct-quality-zero-dead-pixels","status":"publish","type":"product","link":"https:\/\/screen-stocks.com\/fr\/huawei-p30-lcd-digitizer-wholesale-factory-direct-quality-zero-dead-pixels\/","title":{"rendered":"Vente en gros d'\u00e9cran LCD et de digitizer Huawei P30 : Qualit\u00e9 directe d'usine, z\u00e9ro pixel mort"},"content":{"rendered":"<p>\u00c9levez votre entreprise de r\u00e9paration avec notre <strong>Remplacement d'\u00e9cran Huawei P30 \u2013 Assemblage LCD &amp; Digitizer (Vente en gros)<\/strong>. En tant que fournisseur direct d'usine, nous \u00e9liminons les interm\u00e9diaires, vous offrant non seulement des prix comp\u00e9titifs mais aussi une compr\u00e9hension et un contr\u00f4le in\u00e9gal\u00e9s de la qualit\u00e9 du produit depuis la conception jusqu'\u00e0 la livraison. Notre engagement envers l'excellence commence \u00e0 la source de fabrication, garantissant que chaque unit\u00e9 respecte des normes industrielles rigoureuses avant d'atteindre votre inventaire.<\/p>\n<p>Chacun <strong>Assemblage LCD &amp; Digitizer Huawei P30<\/strong> subit un protocole de test rigoureux en plusieurs \u00e9tapes dans nos installations. Cela inclut des tests fonctionnels complets, des inspections visuelles exhaustives et des \u00e9valuations de stress critiques pour garantir <strong>est optimis\u00e9 pour une sensibilit\u00e9 sup\u00e9rieure et une pr\u00e9cision multi-touch, offrant une interaction fluide et r\u00e9active sur l'ensemble de l'\u00e9cran. La reproduction des couleurs est primordiale ; nos \u00e9crans A71 disposent d'une gamme de couleurs \u00e9tendue, obtenant des teintes vibrantes et fid\u00e8les \u00e0 la vie qui correspondent aux sp\u00e9cifications visuelles de l'appareil d'origine, crucial pour maintenir l'int\u00e9grit\u00e9 de la marque. De plus, chaque unit\u00e9 subit un contr\u00f4le qualit\u00e9 rigoureux pour garantir<\/strong> sur chaque \u00e9cran. Nous comprenons que la durabilit\u00e9 est primordiale pour vos clients, c'est pourquoi nos assemblages sont con\u00e7us pour une performance durable, capables de r\u00e9sister \u00e0 une utilisation quotidienne et de r\u00e9duire consid\u00e9rablement les taux de retour pour votre entreprise. Partenaire avec nous pour des pi\u00e8ces de rechange fiables et de haute qualit\u00e9 qui renforcent la confiance des clients et simplifient vos op\u00e9rations.<\/p>","protected":false},"excerpt":{"rendered":"<p>Source d'usine directe pour la vente en gros d'\u00e9cran LCD et de digitizer Huawei P30. Exp\u00e9rience de contr\u00f4le de qualit\u00e9 sup\u00e9rieur, garantie z\u00e9ro pixel mort, et durabilit\u00e9 robuste pour des r\u00e9parations fiables.<\/p>","protected":false},"featured_media":28408,"comment_status":"open","ping_status":"closed","template":"","meta":[],"product_brand":[],"product_cat":[106],"product_tag":[1006,468,1004,1005,469],"class_list":{"0":"post-28666","1":"product","2":"type-product","3":"status-publish","4":"has-post-thumbnail","6":"product_cat-huawei-screen","7":"product_tag-durable-p30-replacement","8":"product_tag-factory-direct-phone-screens","9":"product_tag-huawei-p30-screen-wholesale","10":"product_tag-p30-lcd-digitizer-bulk","11":"product_tag-zero-dead-pixel-display","13":"first","14":"instock","15":"shipping-taxable","16":"product-type-simple"},"_links":{"self":[{"href":"https:\/\/screen-stocks.com\/fr\/wp-json\/wp\/v2\/product\/28666","targetHints":{"allow":["GET"]}}],"collection":[{"href":"https:\/\/screen-stocks.com\/fr\/wp-json\/wp\/v2\/product"}],"about":[{"href":"https:\/\/screen-stocks.com\/fr\/wp-json\/wp\/v2\/types\/product"}],"replies":[{"embeddable":true,"href":"https:\/\/screen-stocks.com\/fr\/wp-json\/wp\/v2\/comments?post=28666"}],"version-history":[{"count":1,"href":"https:\/\/screen-stocks.com\/fr\/wp-json\/wp\/v2\/product\/28666\/revisions"}],"predecessor-version":[{"id":34727,"href":"https:\/\/screen-stocks.com\/fr\/wp-json\/wp\/v2\/product\/28666\/revisions\/34727"}],"wp:featuredmedia":[{"embeddable":true,"href":"https:\/\/screen-stocks.com\/fr\/wp-json\/wp\/v2\/media\/28408"}],"wp:attachment":[{"href":"https:\/\/screen-stocks.com\/fr\/wp-json\/wp\/v2\/media?parent=28666"}],"wp:term":[{"taxonomy":"product_brand","embeddable":true,"href":"https:\/\/screen-stocks.com\/fr\/wp-json\/wp\/v2\/product_brand?post=28666"},{"taxonomy":"product_cat","embeddable":true,"href":"https:\/\/screen-stocks.com\/fr\/wp-json\/wp\/v2\/product_cat?post=28666"},{"taxonomy":"product_tag","embeddable":true,"href":"https:\/\/screen-stocks.com\/fr\/wp-json\/wp\/v2\/product_tag?post=28666"}],"curies":[{"name":"wp","href":"https:\/\/api.w.org\/{rel}","templated":true}]}}