{"id":29013,"date":"2025-08-29T06:34:01","date_gmt":"2025-08-29T06:34:01","guid":{"rendered":"https:\/\/screen-stocks.com\/?post_type=product&#038;p=29013"},"modified":"2025-11-26T06:47:29","modified_gmt":"2025-11-26T06:47:29","slug":"premium-galaxy-c7-2017-lcd-digitizer-assembly-bulk-screen-replacement-parts","status":"publish","type":"product","link":"https:\/\/screen-stocks.com\/fr\/premium-galaxy-c7-2017-lcd-digitizer-assembly-bulk-screen-replacement-parts\/","title":{"rendered":"Assemblage d'\u00e9cran LCD et de digitizer Premium Galaxy C7 (2017) | Pi\u00e8ces de remplacement en gros"},"content":{"rendered":"<p data-path-to-node=\"14\"><b>Remplacement d'\u00e9cran en gros pour Samsung Galaxy C7 (2017)<\/b> unit\u00e9. Cet ensemble complet <b>Assemblage LCD et Digitizer<\/b> est la solution parfaite pour r\u00e9parer un verre fissur\u00e9, une fonctionnalit\u00e9 tactile non r\u00e9active ou des \u00e9crans d\u00e9fectueux sur le <b>Galaxy C7 (2017)<\/b> (num\u00e9ros de mod\u00e8le : <b>C7100 \/ C710F<\/b>).<\/p>\n<p data-path-to-node=\"15\">\n<h3>\u2728 Points forts du produit pour les acheteurs en gros<\/h3>\n<p>&nbsp;<\/p>\n<ul data-path-to-node=\"16\">\n<li>\n<p data-path-to-node=\"16,0,0\"><b>Compatibilit\u00e9 parfaite :<\/b> Con\u00e7u sp\u00e9cifiquement pour le Samsung Galaxy C7 (2017), garantissant un ajustement et un fonctionnement parfaits.<\/p>\n<\/li>\n<li>\n<p data-path-to-node=\"16,1,0\"><b>Unit\u00e9 compl\u00e8te :<\/b> Comprend le <b>\u00c9cran LCD<\/b>, <b>Digitizer tactile<\/b>, et <b>Verre avant<\/b>, pr\u00e9-assembl\u00e9 pour une r\u00e9paration rapide et fiable.<\/p>\n<\/li>\n<li>\n<p data-path-to-node=\"16,2,0\"><b>Qualit\u00e9 Premium :<\/b> Chacun <b>L'\u00e9cran LCD du Galaxy C7 (2017)<\/b> subit des tests rigoureux de contr\u00f4le qualit\u00e9 pour garantir <b>des couleurs vives<\/b>, <b>clart\u00e9 nette<\/b>, et <b>performance tactile tr\u00e8s r\u00e9active<\/b>.<\/p>\n<\/li>\n<li>\n<p data-path-to-node=\"16,3,0\"><b>Tarifs de gros comp\u00e9titifs :<\/b> Profitez de nos faibles <b>achat en gros<\/b> tarifs, con\u00e7us pour soutenir les ateliers de r\u00e9paration, centres de remise \u00e0 neuf et distributeurs.<\/p>\n<\/li>\n<li>\n<p data-path-to-node=\"16,4,0\"><b>Boost instantan\u00e9 de l'inventaire :<\/b> Stockez des <b>pi\u00e8ces de rechange pour t\u00e9l\u00e9phones mobiles Samsung<\/b> pour r\u00e9pondre imm\u00e9diatement \u00e0 une forte demande des clients.<\/p>\n<\/li>\n<\/ul>","protected":false},"excerpt":{"rendered":"<p>\u00c9cran de remplacement premium pour Samsung Galaxy C7 (2017). Assemblage LCD + digitizer avec affichage lumineux et tactile r\u00e9actif. Id\u00e9al pour les ateliers de r\u00e9paration et les commandes en gros en France et en Europe.<\/p>","protected":false},"featured_media":28773,"comment_status":"open","ping_status":"closed","template":"","meta":[],"product_brand":[],"product_cat":[187],"product_tag":[77,213,76,78],"class_list":{"0":"post-29013","1":"product","2":"type-product","3":"status-publish","4":"has-post-thumbnail","6":"product_cat-samsung-screen","7":"product_tag-lcd-digitizer","8":"product_tag-samsung-samsung-galaxy-c7-2017","9":"product_tag-screen-replacement","10":"product_tag-wholesale","12":"first","13":"instock","14":"shipping-taxable","15":"product-type-simple"},"_links":{"self":[{"href":"https:\/\/screen-stocks.com\/fr\/wp-json\/wp\/v2\/product\/29013","targetHints":{"allow":["GET"]}}],"collection":[{"href":"https:\/\/screen-stocks.com\/fr\/wp-json\/wp\/v2\/product"}],"about":[{"href":"https:\/\/screen-stocks.com\/fr\/wp-json\/wp\/v2\/types\/product"}],"replies":[{"embeddable":true,"href":"https:\/\/screen-stocks.com\/fr\/wp-json\/wp\/v2\/comments?post=29013"}],"version-history":[{"count":1,"href":"https:\/\/screen-stocks.com\/fr\/wp-json\/wp\/v2\/product\/29013\/revisions"}],"predecessor-version":[{"id":34285,"href":"https:\/\/screen-stocks.com\/fr\/wp-json\/wp\/v2\/product\/29013\/revisions\/34285"}],"wp:featuredmedia":[{"embeddable":true,"href":"https:\/\/screen-stocks.com\/fr\/wp-json\/wp\/v2\/media\/28773"}],"wp:attachment":[{"href":"https:\/\/screen-stocks.com\/fr\/wp-json\/wp\/v2\/media?parent=29013"}],"wp:term":[{"taxonomy":"product_brand","embeddable":true,"href":"https:\/\/screen-stocks.com\/fr\/wp-json\/wp\/v2\/product_brand?post=29013"},{"taxonomy":"product_cat","embeddable":true,"href":"https:\/\/screen-stocks.com\/fr\/wp-json\/wp\/v2\/product_cat?post=29013"},{"taxonomy":"product_tag","embeddable":true,"href":"https:\/\/screen-stocks.com\/fr\/wp-json\/wp\/v2\/product_tag?post=29013"}],"curies":[{"name":"wp","href":"https:\/\/api.w.org\/{rel}","templated":true}]}}