{"id":29017,"date":"2025-08-29T06:34:01","date_gmt":"2025-08-29T06:34:01","guid":{"rendered":"https:\/\/screen-stocks.com\/?post_type=product&#038;p=29017"},"modified":"2025-11-18T08:52:34","modified_gmt":"2025-11-18T08:52:34","slug":"samsung-samsung-galaxy-j7-nxt-screen-replacement-lcd-digitizer-assembly-wholesale","status":"publish","type":"product","link":"https:\/\/screen-stocks.com\/fr\/samsung-samsung-galaxy-j7-nxt-screen-replacement-lcd-digitizer-assembly-wholesale\/","title":{"rendered":"Remplacement d'\u00e9cran pour Samsung Galaxy J7 Nxt | Grossiste LCD Digitizer"},"content":{"rendered":"<p data-start=\"156\" data-end=\"517\">Restaurez votre Samsung Galaxy J7 Nxt avec cet assemblage de LCD et digitizer tactile de haute qualit\u00e9. Chaque unit\u00e9 est test\u00e9e pour la luminosit\u00e9, la pr\u00e9cision des couleurs, les pixels morts et la r\u00e9activit\u00e9 multi-touch. Con\u00e7u pour un ajustement pr\u00e9cis et une installation facile, il est id\u00e9al pour les ateliers de r\u00e9paration, les refurbisseurs et les acheteurs en gros recherchant des \u00e9crans de remplacement fiables et pr\u00eats pour le volume.<\/p>\n<p data-start=\"519\" data-end=\"537\"><strong data-start=\"519\" data-end=\"535\">Caract\u00e9ristiques principales<\/strong><\/p>\n<ul data-start=\"538\" data-end=\"841\">\n<li data-start=\"538\" data-end=\"598\">\n<p data-start=\"540\" data-end=\"598\">LCD + digitizer pr\u00e9-assembl\u00e9s pour des r\u00e9parations plus rapides et plus faciles<\/p>\n<\/li>\n<li data-start=\"599\" data-end=\"649\">\n<p data-start=\"601\" data-end=\"649\">Affichage lumineux et stable avec des couleurs pr\u00e9cises<\/p>\n<\/li>\n<li data-start=\"650\" data-end=\"699\">\n<p data-start=\"652\" data-end=\"699\">Tactile capacitif fluide pour une op\u00e9ration pr\u00e9cise<\/p>\n<\/li>\n<li data-start=\"700\" data-end=\"769\">\n<p data-start=\"702\" data-end=\"769\">Connecteurs propres pour une installation s\u00e9curis\u00e9e et une r\u00e9duction des retours<\/p>\n<\/li>\n<li data-start=\"770\" data-end=\"841\">\n<p data-start=\"772\" data-end=\"841\">Emballage adapt\u00e9 \u00e0 la vente en gros, parfait pour les grossistes et les centres de service<\/p>\n<\/li>\n<\/ul>\n<p data-start=\"843\" data-end=\"862\"><strong data-start=\"843\" data-end=\"860\">Compatibilit\u00e9<\/strong><\/p>\n<ul data-start=\"863\" data-end=\"914\">\n<li data-start=\"863\" data-end=\"914\">\n<p data-start=\"865\" data-end=\"914\">Con\u00e7u sp\u00e9cifiquement pour Samsung Galaxy J7 Nxt<\/p>\n<\/li>\n<\/ul>\n<p data-start=\"916\" data-end=\"941\"><strong data-start=\"916\" data-end=\"939\">Contenu du paquet<\/strong><\/p>\n<ul data-start=\"942\" data-end=\"1044\">\n<li data-start=\"942\" data-end=\"1007\">\n<p data-start=\"944\" data-end=\"1007\">1\u00d7 \u00e9cran de remplacement pour Samsung Galaxy J7 Nxt (LCD + digitizer)<\/p>\n<\/li>\n<li data-start=\"1008\" data-end=\"1044\">\n<p data-start=\"1010\" data-end=\"1044\">Film adh\u00e9sif (le cas \u00e9ch\u00e9ant)<\/p>\n<\/li>\n<\/ul>","protected":false},"excerpt":{"rendered":"<p>\u00c9cran de remplacement haut de gamme pour Samsung Galaxy J7 Nxt. Assemblage LCD + digitizer avec affichage lumineux et tactile r\u00e9actif. Id\u00e9al pour les ateliers de r\u00e9paration et les commandes en gros en France et en Europe.<\/p>","protected":false},"featured_media":28809,"comment_status":"open","ping_status":"closed","template":"","meta":[],"product_brand":[],"product_cat":[187],"product_tag":[77,217,76,78],"class_list":{"0":"post-29017","1":"product","2":"type-product","3":"status-publish","4":"has-post-thumbnail","6":"product_cat-samsung-screen","7":"product_tag-lcd-digitizer","8":"product_tag-samsung-samsung-galaxy-j7-nxt","9":"product_tag-screen-replacement","10":"product_tag-wholesale","12":"first","13":"instock","14":"shipping-taxable","15":"product-type-simple"},"_links":{"self":[{"href":"https:\/\/screen-stocks.com\/fr\/wp-json\/wp\/v2\/product\/29017","targetHints":{"allow":["GET"]}}],"collection":[{"href":"https:\/\/screen-stocks.com\/fr\/wp-json\/wp\/v2\/product"}],"about":[{"href":"https:\/\/screen-stocks.com\/fr\/wp-json\/wp\/v2\/types\/product"}],"replies":[{"embeddable":true,"href":"https:\/\/screen-stocks.com\/fr\/wp-json\/wp\/v2\/comments?post=29017"}],"version-history":[{"count":2,"href":"https:\/\/screen-stocks.com\/fr\/wp-json\/wp\/v2\/product\/29017\/revisions"}],"predecessor-version":[{"id":33964,"href":"https:\/\/screen-stocks.com\/fr\/wp-json\/wp\/v2\/product\/29017\/revisions\/33964"}],"wp:featuredmedia":[{"embeddable":true,"href":"https:\/\/screen-stocks.com\/fr\/wp-json\/wp\/v2\/media\/28809"}],"wp:attachment":[{"href":"https:\/\/screen-stocks.com\/fr\/wp-json\/wp\/v2\/media?parent=29017"}],"wp:term":[{"taxonomy":"product_brand","embeddable":true,"href":"https:\/\/screen-stocks.com\/fr\/wp-json\/wp\/v2\/product_brand?post=29017"},{"taxonomy":"product_cat","embeddable":true,"href":"https:\/\/screen-stocks.com\/fr\/wp-json\/wp\/v2\/product_cat?post=29017"},{"taxonomy":"product_tag","embeddable":true,"href":"https:\/\/screen-stocks.com\/fr\/wp-json\/wp\/v2\/product_tag?post=29017"}],"curies":[{"name":"wp","href":"https:\/\/api.w.org\/{rel}","templated":true}]}}