{"id":29952,"date":"2025-08-29T09:50:51","date_gmt":"2025-08-29T09:50:51","guid":{"rendered":"https:\/\/screen-stocks.com\/?post_type=product&#038;p=29952"},"modified":"2025-12-18T03:30:13","modified_gmt":"2025-12-18T03:30:13","slug":"xiaomi-poco-f4-gt-screen-wholesale-premium-120hz-fhd-replacement","status":"publish","type":"product","link":"https:\/\/screen-stocks.com\/fr\/xiaomi-poco-f4-gt-screen-wholesale-premium-120hz-fhd-replacement\/","title":{"rendered":"Vente en gros d'\u00e9cran Xiaomi Poco F4 GT : Remplacement premium 120Hz FHD+"},"content":{"rendered":"<p>\u00c9levez vos offres de service de r\u00e9paration avec notre <strong>Vente en gros d'\u00e9cran de remplacement Xiaomi Poco F4 GT \u2013 Assemblage LCD &amp; Digitizer<\/strong>. Con\u00e7u pour r\u00e9pondre \u00e0 des sp\u00e9cifications OEM strictes, cette unit\u00e9 haut de gamme garantit des performances visuelles et tactiles in\u00e9gal\u00e9es pour vos clients. Au c\u0153ur de l'\u00e9cran, une r\u00e9solution nette <strong>2400 x 1080 FHD+<\/strong>, offrant une densit\u00e9 de pixels qui garantit des images et du texte d'une nettet\u00e9 extr\u00eame, essentiel pour une exp\u00e9rience utilisateur authentique.<\/p>\n<p>Nous privil\u00e9gions la r\u00e9activit\u00e9 et la fluidit\u00e9. Cet assemblage poss\u00e8de le <strong>120Hz<\/strong>, garantissant un d\u00e9filement ultra-lisse, des animations fluides et une exp\u00e9rience de jeu tr\u00e8s r\u00e9active. De plus, le <strong>Touch IC avanc\u00e9<\/strong> int\u00e9gr\u00e9 offre une sensibilit\u00e9 exceptionnelle du digitizer, capable de suivre les entr\u00e9es multi-touch avec une pr\u00e9cision et une latence minimales. Au-del\u00e0 de la r\u00e9solution et du taux de rafra\u00eechissement, la fid\u00e9lit\u00e9 des couleurs est primordiale : nos \u00e9crans sont m\u00e9ticuleusement calibr\u00e9s pour obtenir une large <strong>espace colorim\u00e9trique DCI-P3<\/strong>, pr\u00e9sentant des couleurs vives et fid\u00e8les \u00e0 la r\u00e9alit\u00e9 ainsi que des contrastes profonds, essentiels pour une consommation de m\u00e9dias de haute qualit\u00e9 et la satisfaction des utilisateurs. Investissez dans nos solutions en gros pour une qualit\u00e9 constante qui se traduit directement par une confiance accrue des clients et des affaires r\u00e9p\u00e9t\u00e9es.<\/p>","protected":false},"excerpt":{"rendered":"<p>Remplacement d'\u00e9cran Xiaomi Poco F4 GT haute fid\u00e9lit\u00e9. Caract\u00e9ristiques : 2400x1080 FHD+, rafra\u00eechissement \u00e0 120Hz, toucher pr\u00e9cis et pr\u00e9cision des couleurs DCI-P3 pour des r\u00e9parations sup\u00e9rieures.<\/p>","protected":false},"featured_media":29460,"comment_status":"open","ping_status":"closed","template":"","meta":[],"product_brand":[],"product_cat":[225],"product_tag":[792,916,914,915,913],"class_list":{"0":"post-29952","1":"product","2":"type-product","3":"status-publish","4":"has-post-thumbnail","6":"product_cat-xiaomi-screen","7":"product_tag-120hz-display-replacement","8":"product_tag-dci-p3-color-accuracy","9":"product_tag-f4-gt-lcd-digitizer-wholesale","10":"product_tag-poco-f4-gt-repair-parts","11":"product_tag-xiaomi-poco-f4-gt-screen","13":"first","14":"instock","15":"shipping-taxable","16":"product-type-simple"},"_links":{"self":[{"href":"https:\/\/screen-stocks.com\/fr\/wp-json\/wp\/v2\/product\/29952","targetHints":{"allow":["GET"]}}],"collection":[{"href":"https:\/\/screen-stocks.com\/fr\/wp-json\/wp\/v2\/product"}],"about":[{"href":"https:\/\/screen-stocks.com\/fr\/wp-json\/wp\/v2\/types\/product"}],"replies":[{"embeddable":true,"href":"https:\/\/screen-stocks.com\/fr\/wp-json\/wp\/v2\/comments?post=29952"}],"version-history":[{"count":1,"href":"https:\/\/screen-stocks.com\/fr\/wp-json\/wp\/v2\/product\/29952\/revisions"}],"predecessor-version":[{"id":34695,"href":"https:\/\/screen-stocks.com\/fr\/wp-json\/wp\/v2\/product\/29952\/revisions\/34695"}],"wp:featuredmedia":[{"embeddable":true,"href":"https:\/\/screen-stocks.com\/fr\/wp-json\/wp\/v2\/media\/29460"}],"wp:attachment":[{"href":"https:\/\/screen-stocks.com\/fr\/wp-json\/wp\/v2\/media?parent=29952"}],"wp:term":[{"taxonomy":"product_brand","embeddable":true,"href":"https:\/\/screen-stocks.com\/fr\/wp-json\/wp\/v2\/product_brand?post=29952"},{"taxonomy":"product_cat","embeddable":true,"href":"https:\/\/screen-stocks.com\/fr\/wp-json\/wp\/v2\/product_cat?post=29952"},{"taxonomy":"product_tag","embeddable":true,"href":"https:\/\/screen-stocks.com\/fr\/wp-json\/wp\/v2\/product_tag?post=29952"}],"curies":[{"name":"wp","href":"https:\/\/api.w.org\/{rel}","templated":true}]}}