{"id":30204,"date":"2025-08-29T09:56:40","date_gmt":"2025-08-29T09:56:40","guid":{"rendered":"https:\/\/screen-stocks.com\/?post_type=product&#038;p=30204"},"modified":"2025-12-30T02:30:32","modified_gmt":"2025-12-30T02:30:32","slug":"xiaomi-redmi-note-9t-9-5g-screen-wholesale-factory-direct-lcd-digitizer","status":"publish","type":"product","link":"https:\/\/screen-stocks.com\/fr\/xiaomi-redmi-note-9t-9-5g-screen-wholesale-factory-direct-lcd-digitizer\/","title":{"rendered":"Vente en gros d'\u00e9cran Xiaomi Redmi Note 9T \/ 9 5G : LCD et digitizer directement de l'usine"},"content":{"rendered":"<p>En tant qu'atelier de r\u00e9paration professionnel ou distributeur, votre r\u00e9putation d\u00e9pend de la qualit\u00e9 des composants que vous vous procurez. Notre usine offre la sup\u00e9rieure <strong>Remplacement d'\u00e9cran Xiaomi Redmi Note 9T \/ Redmi Note 9 5G \u2013 Assemblage LCD et Digitizer<\/strong>, con\u00e7u pour r\u00e9pondre aux exigences rigoureuses de votre activit\u00e9. Nous comprenons l'importance cruciale de la fiabilit\u00e9, c'est pourquoi notre attention reste enti\u00e8rement concentr\u00e9e sur un contr\u00f4le qualit\u00e9 sans compromis, directement depuis notre usine de fabrication.<\/p>\n<p>D\u00e9couvrez l'avantage de <strong>Prix Direct Usine<\/strong> l'approvisionnement, o\u00f9 chaque unit\u00e9 subit un protocole de test rigoureux en plusieurs \u00e9tapes. De l'inspection initiale des composants aux diagnostics complets avant exp\u00e9dition, chaque <strong>Assemblage d'\u00e9cran LCD et de digitizer<\/strong> est soigneusement \u00e9valu\u00e9 pour la clart\u00e9 de l'affichage, la r\u00e9activit\u00e9 tactile, la pr\u00e9cision des couleurs et l'uniformit\u00e9 de la r\u00e9tro\u00e9clairage. Nous garantissons fi\u00e8rement <strong>est optimis\u00e9 pour une sensibilit\u00e9 sup\u00e9rieure et une pr\u00e9cision multi-touch, offrant une interaction fluide et r\u00e9active sur l'ensemble de l'\u00e9cran. La reproduction des couleurs est primordiale ; nos \u00e9crans A71 disposent d'une gamme de couleurs \u00e9tendue, obtenant des teintes vibrantes et fid\u00e8les \u00e0 la vie qui correspondent aux sp\u00e9cifications visuelles de l'appareil d'origine, crucial pour maintenir l'int\u00e9grit\u00e9 de la marque. De plus, chaque unit\u00e9 subit un contr\u00f4le qualit\u00e9 rigoureux pour garantir<\/strong>, assurant que chaque \u00e9cran que vous recevez offre des performances visuelles impeccables d\u00e8s la sortie de la bo\u00eete. Ce processus rigoureux r\u00e9duit consid\u00e9rablement vos taux de retour et am\u00e9liore la satisfaction client, vous permettant d'installer en toute confiance et de b\u00e2tir une relation de confiance durable avec votre client\u00e8le. Collaborez avec nous pour des remplacements durables et haute performance qui respectent vos standards de qualit\u00e9.<\/p>","protected":false},"excerpt":{"rendered":"<p>Vente en gros haut de gamme d'\u00e9cran Xiaomi Redmi Note 9T\/9 5G LCD et digitizer. Qualit\u00e9 directe d'usine avec des tests stricts et garantie de z\u00e9ro pixel mort pour des r\u00e9parations fiables.<\/p>","protected":false},"featured_media":30147,"comment_status":"open","ping_status":"closed","template":"","meta":[],"product_brand":[],"product_cat":[225],"product_tag":[527,1133,1134,1132,469],"class_list":{"0":"post-30204","1":"product","2":"type-product","3":"status-publish","4":"has-post-thumbnail","6":"product_cat-xiaomi-screen","7":"product_tag-factory-direct-screen-replacement","8":"product_tag-redmi-note-9-5g-lcd-assembly","9":"product_tag-wholesale-mobile-phone-parts","10":"product_tag-xiaomi-redmi-note-9t-screen-wholesale","11":"product_tag-zero-dead-pixel-display","13":"first","14":"instock","15":"shipping-taxable","16":"product-type-simple"},"_links":{"self":[{"href":"https:\/\/screen-stocks.com\/fr\/wp-json\/wp\/v2\/product\/30204","targetHints":{"allow":["GET"]}}],"collection":[{"href":"https:\/\/screen-stocks.com\/fr\/wp-json\/wp\/v2\/product"}],"about":[{"href":"https:\/\/screen-stocks.com\/fr\/wp-json\/wp\/v2\/types\/product"}],"replies":[{"embeddable":true,"href":"https:\/\/screen-stocks.com\/fr\/wp-json\/wp\/v2\/comments?post=30204"}],"version-history":[{"count":1,"href":"https:\/\/screen-stocks.com\/fr\/wp-json\/wp\/v2\/product\/30204\/revisions"}],"predecessor-version":[{"id":34781,"href":"https:\/\/screen-stocks.com\/fr\/wp-json\/wp\/v2\/product\/30204\/revisions\/34781"}],"wp:featuredmedia":[{"embeddable":true,"href":"https:\/\/screen-stocks.com\/fr\/wp-json\/wp\/v2\/media\/30147"}],"wp:attachment":[{"href":"https:\/\/screen-stocks.com\/fr\/wp-json\/wp\/v2\/media?parent=30204"}],"wp:term":[{"taxonomy":"product_brand","embeddable":true,"href":"https:\/\/screen-stocks.com\/fr\/wp-json\/wp\/v2\/product_brand?post=30204"},{"taxonomy":"product_cat","embeddable":true,"href":"https:\/\/screen-stocks.com\/fr\/wp-json\/wp\/v2\/product_cat?post=30204"},{"taxonomy":"product_tag","embeddable":true,"href":"https:\/\/screen-stocks.com\/fr\/wp-json\/wp\/v2\/product_tag?post=30204"}],"curies":[{"name":"wp","href":"https:\/\/api.w.org\/{rel}","templated":true}]}}