{"id":30734,"date":"2025-08-30T06:56:40","date_gmt":"2025-08-30T06:56:40","guid":{"rendered":"https:\/\/screen-stocks.com\/?post_type=product&#038;p=30734"},"modified":"2025-12-30T03:30:13","modified_gmt":"2025-12-30T03:30:13","slug":"xiaomi-mi-mix-screen-replacement-lcd-digitizer-assembly-wholesale","status":"publish","type":"product","link":"https:\/\/screen-stocks.com\/fr\/xiaomi-mi-mix-screen-replacement-lcd-digitizer-assembly-wholesale\/","title":{"rendered":"Remplacement d'\u00e9cran Xiaomi Mi Mix Assemblage LCD &amp; Digitizer \u2013 Vente en gros"},"content":{"rendered":"<p>\u00c9levez vos op\u00e9rations de r\u00e9paration et de r\u00e9novation avec notre gamme premium <strong>Remplacement d'\u00e9cran Xiaomi Mi Mix \u2013 Assemblage LCD &amp; Digitizer<\/strong>. Con\u00e7us sp\u00e9cifiquement pour r\u00e9pondre \u00e0 des sp\u00e9cifications OEM strictes, ces unit\u00e9s en gros offrent des performances visuelles et tactiles exceptionnelles, essentielles pour maintenir l'int\u00e9grit\u00e9 de l'appareil dans tout votre inventaire.<\/p>\n<p>Chaque assemblage comporte l'authentique <strong>r\u00e9solution FHD+ de 2040 x 1080 pixels<\/strong>, garantissant des visuels d'une clart\u00e9 cristalline et une reproduction pr\u00e9cise des d\u00e9tails, refl\u00e9tant la qualit\u00e9 d'affichage de l'appareil d'origine. Optimis\u00e9 pour une interaction utilisateur fluide, l'\u00e9cran int\u00e9gr\u00e9 fonctionne \u00e0 un <strong>60Hz<\/strong>, offrant des animations fluides et une exp\u00e9rience v\u00e9ritablement r\u00e9active sans lag.<\/p>\n<p>Notre engagement envers la qualit\u00e9 s'\u00e9tend \u00e0 la performance tactile. Le <strong>Au-del\u00e0 de la fid\u00e9lit\u00e9 visuelle, le<\/strong> int\u00e8gre des circuits int\u00e9gr\u00e9s tactiles haute sensibilit\u00e9, garantissant une reconnaissance tactile pixel par pixel, un support robuste pour les gestes multi-digits, et une latence minimale. Cette r\u00e9activit\u00e9 tactile sup\u00e9rieure est essentielle pour une satisfaction client constante.<\/p>\n<p>De plus, ces \u00e9crans sont calibr\u00e9s pour atteindre une gamme de couleurs \u00e9tendue, d\u00e9passant g\u00e9n\u00e9ralement <strong>couverture DCI-P3 90%<\/strong> et offrant une <strong>pr\u00e9cision sRGB 100%<\/strong>. Cette d\u00e9votion \u00e0 la fid\u00e9lit\u00e9 des couleurs garantit des teintes vibrantes et fid\u00e8les \u00e0 la vie, ainsi qu\u2019un contraste exceptionnel, crucial pour une exp\u00e9rience utilisateur immersive et visuellement pr\u00e9cise. Collaborez avec nous pour des solutions d'\u00e9cran en gros fiables et haute performance qui respectent les normes de qualit\u00e9 de votre marque.<\/p>","protected":false},"excerpt":{"rendered":"<p>Assemblage d'\u00e9cran LCD et digitizer en gros pour Xiaomi Mi Mix. Caract\u00e9ristiques : FHD+ 2040\u00d71080, rafra\u00eechissement \u00e0 60Hz, tactile haute sensibilit\u00e9, et gamme de couleurs DCI-P3 90%+. Fournisseur en gros.<\/p>","protected":false},"featured_media":29026,"comment_status":"open","ping_status":"closed","template":"","meta":[],"product_brand":[],"product_cat":[225],"product_tag":[1139,1138,1136,1135,1137],"class_list":{"0":"post-30734","1":"product","2":"type-product","3":"status-publish","4":"has-post-thumbnail","6":"product_cat-xiaomi-screen","7":"product_tag-fhd-touch-screen","8":"product_tag-mi-mix-display-supplier","9":"product_tag-mi-mix-lcd-digitizer-bulk","10":"product_tag-xiaomi-mi-mix-screen-wholesale","11":"product_tag-xiaomi-screen-replacement-b2b","13":"first","14":"instock","15":"shipping-taxable","16":"product-type-simple"},"_links":{"self":[{"href":"https:\/\/screen-stocks.com\/fr\/wp-json\/wp\/v2\/product\/30734","targetHints":{"allow":["GET"]}}],"collection":[{"href":"https:\/\/screen-stocks.com\/fr\/wp-json\/wp\/v2\/product"}],"about":[{"href":"https:\/\/screen-stocks.com\/fr\/wp-json\/wp\/v2\/types\/product"}],"replies":[{"embeddable":true,"href":"https:\/\/screen-stocks.com\/fr\/wp-json\/wp\/v2\/comments?post=30734"}],"version-history":[{"count":1,"href":"https:\/\/screen-stocks.com\/fr\/wp-json\/wp\/v2\/product\/30734\/revisions"}],"predecessor-version":[{"id":34782,"href":"https:\/\/screen-stocks.com\/fr\/wp-json\/wp\/v2\/product\/30734\/revisions\/34782"}],"wp:featuredmedia":[{"embeddable":true,"href":"https:\/\/screen-stocks.com\/fr\/wp-json\/wp\/v2\/media\/29026"}],"wp:attachment":[{"href":"https:\/\/screen-stocks.com\/fr\/wp-json\/wp\/v2\/media?parent=30734"}],"wp:term":[{"taxonomy":"product_brand","embeddable":true,"href":"https:\/\/screen-stocks.com\/fr\/wp-json\/wp\/v2\/product_brand?post=30734"},{"taxonomy":"product_cat","embeddable":true,"href":"https:\/\/screen-stocks.com\/fr\/wp-json\/wp\/v2\/product_cat?post=30734"},{"taxonomy":"product_tag","embeddable":true,"href":"https:\/\/screen-stocks.com\/fr\/wp-json\/wp\/v2\/product_tag?post=30734"}],"curies":[{"name":"wp","href":"https:\/\/api.w.org\/{rel}","templated":true}]}}