{"id":30750,"date":"2025-08-30T06:56:42","date_gmt":"2025-08-30T06:56:42","guid":{"rendered":"https:\/\/screen-stocks.com\/?post_type=product&#038;p=30750"},"modified":"2025-12-19T07:30:13","modified_gmt":"2025-12-19T07:30:13","slug":"boost-profit-redmi-10c-lcd-digitizer-assembly-bulk-phone-screens","status":"publish","type":"product","link":"https:\/\/screen-stocks.com\/fr\/boost-profit-redmi-10c-lcd-digitizer-assembly-bulk-phone-screens\/","title":{"rendered":"Boostez votre profit : Assemblage de digitizer LCD Redmi 10C \u2013 \u00c9crans de t\u00e9l\u00e9phone en gros"},"content":{"rendered":"<p>Am\u00e9liorez l'efficacit\u00e9 et la rentabilit\u00e9 de votre atelier de r\u00e9paration avec notre gamme premium <strong>Remplacement d'\u00e9cran Xiaomi Redmi 10C \u2013 Assemblage LCD &amp; Digitizer (Gros)<\/strong>. Con\u00e7u sp\u00e9cifiquement pour les techniciens professionnels, cet ensemble d'affichage complet est con\u00e7u pour offrir une facilit\u00e9 d'installation in\u00e9gal\u00e9e, garantissant un temps de travail minimal et un d\u00e9bit maximal pour votre entreprise.<\/p>\n<p>Chaque assemblage comprend un <strong>ajustement parfait du cadre<\/strong>, m\u00e9ticuleusement calibr\u00e9 pour correspondre aux sp\u00e9cifications de l'appareil d'origine. Cette pr\u00e9cision \u00e9limine les probl\u00e8mes courants des pi\u00e8ces mal ajust\u00e9es, r\u00e9duisant les retouches co\u00fbteuses et permettant \u00e0 votre \u00e9quipe de r\u00e9aliser des r\u00e9parations rapidement et parfaitement. En rationalisant votre processus de r\u00e9paration, vous am\u00e9liorez directement votre <strong>\u00e9conomies de main-d'\u0153uvre<\/strong> et l'efficacit\u00e9 op\u00e9rationnelle globale, se traduisant directement par des marges b\u00e9n\u00e9ficiaires plus \u00e9lev\u00e9es pour chaque r\u00e9paration du Redmi 10C.<\/p>\n<p>Investissez dans un produit qui non seulement r\u00e9pond mais d\u00e9passe les attentes des clients. Nos \u00e9crans LCD de haute qualit\u00e9 et notre digitizer r\u00e9actif offrent un affichage vibrant et une exp\u00e9rience tactile fluide, garantissant <strong>une satisfaction client sup\u00e9rieure<\/strong>. Des clients satisfaits signifient des affaires r\u00e9p\u00e9t\u00e9es et des recommandations positives, renfor\u00e7ant la r\u00e9putation de votre atelier. Choisissez nos \u00e9crans Redmi 10C en gros et transformez votre service de r\u00e9paration en une op\u00e9ration tr\u00e8s rentable, bas\u00e9e sur la rapidit\u00e9, la qualit\u00e9 et la fiabilit\u00e9.<\/p>","protected":false},"excerpt":{"rendered":"<p>Maximisez le profit de votre atelier de r\u00e9paration avec notre assemblage LCD et digitizer pour Xiaomi Redmi 10C. Ajustement parfait, installation facile et satisfaction client garantie pour les acheteurs en gros.<\/p>","protected":false},"featured_media":30710,"comment_status":"open","ping_status":"closed","template":"","meta":[],"product_brand":[],"product_cat":[225],"product_tag":[953,511,951,816,952],"class_list":{"0":"post-30750","1":"product","2":"type-product","3":"status-publish","4":"has-post-thumbnail","6":"product_cat-xiaomi-screen","7":"product_tag-lcd-digitizer-assembly-redmi-10c","8":"product_tag-phone-repair-parts-supplier","9":"product_tag-redmi-10c-screen-wholesale","10":"product_tag-wholesale-mobile-screens","11":"product_tag-xiaomi-display-bulk","13":"first","14":"instock","15":"shipping-taxable","16":"product-type-simple"},"_links":{"self":[{"href":"https:\/\/screen-stocks.com\/fr\/wp-json\/wp\/v2\/product\/30750","targetHints":{"allow":["GET"]}}],"collection":[{"href":"https:\/\/screen-stocks.com\/fr\/wp-json\/wp\/v2\/product"}],"about":[{"href":"https:\/\/screen-stocks.com\/fr\/wp-json\/wp\/v2\/types\/product"}],"replies":[{"embeddable":true,"href":"https:\/\/screen-stocks.com\/fr\/wp-json\/wp\/v2\/comments?post=30750"}],"version-history":[{"count":1,"href":"https:\/\/screen-stocks.com\/fr\/wp-json\/wp\/v2\/product\/30750\/revisions"}],"predecessor-version":[{"id":34704,"href":"https:\/\/screen-stocks.com\/fr\/wp-json\/wp\/v2\/product\/30750\/revisions\/34704"}],"wp:featuredmedia":[{"embeddable":true,"href":"https:\/\/screen-stocks.com\/fr\/wp-json\/wp\/v2\/media\/30710"}],"wp:attachment":[{"href":"https:\/\/screen-stocks.com\/fr\/wp-json\/wp\/v2\/media?parent=30750"}],"wp:term":[{"taxonomy":"product_brand","embeddable":true,"href":"https:\/\/screen-stocks.com\/fr\/wp-json\/wp\/v2\/product_brand?post=30750"},{"taxonomy":"product_cat","embeddable":true,"href":"https:\/\/screen-stocks.com\/fr\/wp-json\/wp\/v2\/product_cat?post=30750"},{"taxonomy":"product_tag","embeddable":true,"href":"https:\/\/screen-stocks.com\/fr\/wp-json\/wp\/v2\/product_tag?post=30750"}],"curies":[{"name":"wp","href":"https:\/\/api.w.org\/{rel}","templated":true}]}}