{"id":31414,"date":"2025-08-30T08:22:39","date_gmt":"2025-08-30T08:22:39","guid":{"rendered":"https:\/\/screen-stocks.com\/?post_type=product&#038;p=31414"},"modified":"2026-02-25T04:53:01","modified_gmt":"2026-02-25T04:53:01","slug":"xiaomi-black-shark-3-screen-replacement-factory-direct-lcd-digitizer-wholesale","status":"publish","type":"product","link":"https:\/\/screen-stocks.com\/fr\/xiaomi-black-shark-3-screen-replacement-factory-direct-lcd-digitizer-wholesale\/","title":{"rendered":"Remplacement d'\u00e9cran Xiaomi Black Shark 3 \u2013 LCD et digitizer d'usine en gros"},"content":{"rendered":"<p>\u00c9levez votre service de r\u00e9paration avec notre gamme premium <strong>Remplacement d'\u00e9cran Xiaomi Black Shark 3 \u2013 Assemblage LCD &amp; Digitizer<\/strong>, disponible en gros. En tant que fournisseur direct d'usine, nous comprenons que la qualit\u00e9 constante est primordiale pour la r\u00e9ussite de votre entreprise. C\u2019est pourquoi chaque unit\u00e9 subit un processus de contr\u00f4le qualit\u00e9 exhaustif en plusieurs \u00e9tapes directement dans notre usine, garantissant une fiabilit\u00e9 in\u00e9gal\u00e9e d\u00e8s la source.<\/p>\n<p>Notre engagement envers l'excellence commence par une s\u00e9lection rigoureuse des mat\u00e9riaux et se poursuit \u00e0 chaque \u00e9tape de la fabrication. Chaque <strong>Assemblage LCD et Digitizer<\/strong> est soumis \u00e0 des tests fonctionnels complets, y compris la sensibilit\u00e9 tactile, la pr\u00e9cision des couleurs, les niveaux de luminosit\u00e9 et l'uniformit\u00e9 du r\u00e9tro\u00e9clairage. Nous sommes fiers d'appliquer une politique stricte de \u201c Z\u00e9ro pixel mort \u201d, ce qui signifie que chaque \u00e9cran que vous recevez est minutieusement inspect\u00e9 pour \u00eatre parfaitement impeccable, d\u00e8s la sortie de l'usine. Ce protocole de test interne strict garantit que nos \u00e9crans non seulement r\u00e9pondent mais d\u00e9passent les normes de l'industrie en mati\u00e8re de performance et de durabilit\u00e9.<\/p>\n<p>Investir dans nos \u00e9crans Black Shark 3 directement issus de l'usine, c\u2019est investir dans la durabilit\u00e9 et la satisfaction client. Nos assemblages sont con\u00e7us pour r\u00e9sister aux exigences d'une utilisation quotidienne, offrant un remplacement d'\u00e9cran robuste et vibrant auquel vos clients peuvent faire confiance. Collaborez avec nous pour une cha\u00eene d'approvisionnement fiable qui garantit une qualit\u00e9 sup\u00e9rieure du produit et minimise les retours co\u00fbteux, renfor\u00e7ant ainsi votre r\u00e9putation pour des r\u00e9parations de haute qualit\u00e9.<\/p>","protected":false},"excerpt":{"rendered":"<p>Remplacement d'\u00e9cran Xiaomi Black Shark 3 d'usine. LCD et digitizer de qualit\u00e9 OEM, strictement test\u00e9 pour z\u00e9ro pixel mort et durabilit\u00e9 sup\u00e9rieure. Vente en gros et en gros disponible.<\/p>","protected":false},"featured_media":29147,"comment_status":"open","ping_status":"closed","template":"","meta":[],"product_brand":[],"product_cat":[225],"product_tag":[1668,1667,527,526,469],"class_list":{"0":"post-31414","1":"product","2":"type-product","3":"status-publish","4":"has-post-thumbnail","6":"product_cat-xiaomi-screen","7":"product_tag-black-shark-3-repair-parts","8":"product_tag-black-shark-3-screen-wholesale","9":"product_tag-factory-direct-screen-replacement","10":"product_tag-xiaomi-lcd-digitizer-bulk","11":"product_tag-zero-dead-pixel-display","13":"first","14":"instock","15":"shipping-taxable","16":"product-type-simple"},"_links":{"self":[{"href":"https:\/\/screen-stocks.com\/fr\/wp-json\/wp\/v2\/product\/31414","targetHints":{"allow":["GET"]}}],"collection":[{"href":"https:\/\/screen-stocks.com\/fr\/wp-json\/wp\/v2\/product"}],"about":[{"href":"https:\/\/screen-stocks.com\/fr\/wp-json\/wp\/v2\/types\/product"}],"replies":[{"embeddable":true,"href":"https:\/\/screen-stocks.com\/fr\/wp-json\/wp\/v2\/comments?post=31414"}],"version-history":[{"count":1,"href":"https:\/\/screen-stocks.com\/fr\/wp-json\/wp\/v2\/product\/31414\/revisions"}],"predecessor-version":[{"id":35437,"href":"https:\/\/screen-stocks.com\/fr\/wp-json\/wp\/v2\/product\/31414\/revisions\/35437"}],"wp:featuredmedia":[{"embeddable":true,"href":"https:\/\/screen-stocks.com\/fr\/wp-json\/wp\/v2\/media\/29147"}],"wp:attachment":[{"href":"https:\/\/screen-stocks.com\/fr\/wp-json\/wp\/v2\/media?parent=31414"}],"wp:term":[{"taxonomy":"product_brand","embeddable":true,"href":"https:\/\/screen-stocks.com\/fr\/wp-json\/wp\/v2\/product_brand?post=31414"},{"taxonomy":"product_cat","embeddable":true,"href":"https:\/\/screen-stocks.com\/fr\/wp-json\/wp\/v2\/product_cat?post=31414"},{"taxonomy":"product_tag","embeddable":true,"href":"https:\/\/screen-stocks.com\/fr\/wp-json\/wp\/v2\/product_tag?post=31414"}],"curies":[{"name":"wp","href":"https:\/\/api.w.org\/{rel}","templated":true}]}}