{"id":31422,"date":"2025-08-30T08:22:40","date_gmt":"2025-08-30T08:22:40","guid":{"rendered":"https:\/\/screen-stocks.com\/?post_type=product&#038;p=31422"},"modified":"2025-12-10T03:13:29","modified_gmt":"2025-12-10T03:13:29","slug":"mi-11i-screen-assembly-wholesale-premium-lcd-digitizer-for-repair-shops","status":"publish","type":"product","link":"https:\/\/screen-stocks.com\/fr\/mi-11i-screen-assembly-wholesale-premium-lcd-digitizer-for-repair-shops\/","title":{"rendered":"Ensemble d'\u00e9cran Mi 11i Vente en gros \u2013 \u00c9cran LCD et digitizer premium pour ateliers de r\u00e9paration"},"content":{"rendered":"<p>Augmentez la rentabilit\u00e9 et la r\u00e9putation de votre atelier de r\u00e9paration avec notre gamme premium <strong>Assemblage d'\u00e9cran LCD et de digitizer Xiaomi Mi 11i (vente en gros)<\/strong>. Nous comprenons que le temps c'est de l'argent pour votre entreprise, et nos remplacements d'\u00e9cran sont m\u00e9ticuleusement con\u00e7us pour optimiser votre flux de travail et maximiser vos marges.<\/p>\n<p>Chaque unit\u00e9 dispose d'un <strong>cadre parfaitement align\u00e9<\/strong>, garantissant un remplacement en toute simplicit\u00e9 qui \u00e9limine les probl\u00e8mes frustrants d'ajustement. Cette pr\u00e9cision contribue grandement \u00e0 <strong>la facilit\u00e9 d'installation<\/strong>, se traduisant directement par des \u00e9conomies pr\u00e9cieuses de temps de travail pour vos techniciens. Moins de temps consacr\u00e9 \u00e0 l'ajustement signifie plus de r\u00e9parations effectu\u00e9es par jour, augmentant directement le chiffre d'affaires de votre atelier.<\/p>\n<p>Au-del\u00e0 de l'efficacit\u00e9 op\u00e9rationnelle, nos \u00e9crans offrent une qualit\u00e9 d'affichage coh\u00e9rente et vibrante, conduisant \u00e0 une performance sup\u00e9rieure <strong>satisfaction client<\/strong>. En offrant une exp\u00e9rience de r\u00e9paration impeccable, vous renforcez la fid\u00e9lit\u00e9 de vos clients et encouragez le bouche-\u00e0-oreille positif. Collaborez avec nous pour une cha\u00eene d'approvisionnement fiable garantissant des composants de haute qualit\u00e9, permettant \u00e0 votre entreprise de prosp\u00e9rer gr\u00e2ce \u00e0 l'efficacit\u00e9 et \u00e0 un service exceptionnel.<\/p>","protected":false},"excerpt":{"rendered":"<p>Augmentez les profits de votre atelier de r\u00e9paration avec des ensembles d'\u00e9cran LCD et digitizer en gros pour Xiaomi Mi 11i. Installation facile, ajustement parfait, gain de temps de main-d'\u0153uvre, satisfaction client assur\u00e9e.<\/p>","protected":false},"featured_media":29247,"comment_status":"open","ping_status":"closed","template":"","meta":[],"product_brand":[],"product_cat":[225],"product_tag":[855,853,480,854,852],"class_list":{"0":"post-31422","1":"product","2":"type-product","3":"status-publish","4":"has-post-thumbnail","6":"product_cat-xiaomi-screen","7":"product_tag-digitizer-assembly-replacement","8":"product_tag-mi-11i-lcd-wholesale","9":"product_tag-mobile-screen-supplier","10":"product_tag-phone-repair-parts-bulk","11":"product_tag-xiaomi-mi-11i-screen","13":"first","14":"instock","15":"shipping-taxable","16":"product-type-simple"},"_links":{"self":[{"href":"https:\/\/screen-stocks.com\/fr\/wp-json\/wp\/v2\/product\/31422","targetHints":{"allow":["GET"]}}],"collection":[{"href":"https:\/\/screen-stocks.com\/fr\/wp-json\/wp\/v2\/product"}],"about":[{"href":"https:\/\/screen-stocks.com\/fr\/wp-json\/wp\/v2\/types\/product"}],"replies":[{"embeddable":true,"href":"https:\/\/screen-stocks.com\/fr\/wp-json\/wp\/v2\/comments?post=31422"}],"version-history":[{"count":2,"href":"https:\/\/screen-stocks.com\/fr\/wp-json\/wp\/v2\/product\/31422\/revisions"}],"predecessor-version":[{"id":34632,"href":"https:\/\/screen-stocks.com\/fr\/wp-json\/wp\/v2\/product\/31422\/revisions\/34632"}],"wp:featuredmedia":[{"embeddable":true,"href":"https:\/\/screen-stocks.com\/fr\/wp-json\/wp\/v2\/media\/29247"}],"wp:attachment":[{"href":"https:\/\/screen-stocks.com\/fr\/wp-json\/wp\/v2\/media?parent=31422"}],"wp:term":[{"taxonomy":"product_brand","embeddable":true,"href":"https:\/\/screen-stocks.com\/fr\/wp-json\/wp\/v2\/product_brand?post=31422"},{"taxonomy":"product_cat","embeddable":true,"href":"https:\/\/screen-stocks.com\/fr\/wp-json\/wp\/v2\/product_cat?post=31422"},{"taxonomy":"product_tag","embeddable":true,"href":"https:\/\/screen-stocks.com\/fr\/wp-json\/wp\/v2\/product_tag?post=31422"}],"curies":[{"name":"wp","href":"https:\/\/api.w.org\/{rel}","templated":true}]}}