{"id":31423,"date":"2025-08-30T08:22:41","date_gmt":"2025-08-30T08:22:41","guid":{"rendered":"https:\/\/screen-stocks.com\/?post_type=product&#038;p=31423"},"modified":"2025-12-25T01:30:28","modified_gmt":"2025-12-25T01:30:28","slug":"premium-xiaomi-mi-11-lite-lcd-digitizer-assembly-wholesale-zero-dead-pixels","status":"publish","type":"product","link":"https:\/\/screen-stocks.com\/fr\/premium-xiaomi-mi-11-lite-lcd-digitizer-assembly-wholesale-zero-dead-pixels\/","title":{"rendered":"Assemblage d'\u00e9cran LCD et digitizer en gros pour Xiaomi Mi 11 Lite Premium \u2013 Pixels morts z\u00e9ro"},"content":{"rendered":"<p>Pour les entreprises recherchant une qualit\u00e9 irr\u00e9prochable dans les pi\u00e8ces de rechange, notre <strong>Remplacement d'\u00e9cran Xiaomi Mi 11 Lite<\/strong> offre le summum de la fiabilit\u00e9 directe d'usine. En tant que partenaire grossiste d\u00e9di\u00e9, nous \u00e9liminons les interm\u00e9diaires, vous fournissant un ensemble LCD et digitizer soigneusement con\u00e7u et rigoureusement inspect\u00e9 \u00e0 chaque \u00e9tape de la production.<\/p>\n<p>Notre engagement envers l'excellence commence par un protocole de contr\u00f4le qualit\u00e9 multi-\u00e9tapes et strict. Chaque <strong>Ensemble LCD et Digitizer Xiaomi Mi 11 Lite<\/strong> subit des tests fonctionnels exhaustifs, garantissant une r\u00e9activit\u00e9 tactile parfaite, une pr\u00e9cision des couleurs constante et des niveaux de luminosit\u00e9 optimaux. Un pilier de notre promesse directe d'usine est notre garantie absolue de <strong>est optimis\u00e9 pour une sensibilit\u00e9 sup\u00e9rieure et une pr\u00e9cision multi-touch, offrant une interaction fluide et r\u00e9active sur l'ensemble de l'\u00e9cran. La reproduction des couleurs est primordiale ; nos \u00e9crans A71 disposent d'une gamme de couleurs \u00e9tendue, obtenant des teintes vibrantes et fid\u00e8les \u00e0 la vie qui correspondent aux sp\u00e9cifications visuelles de l'appareil d'origine, crucial pour maintenir l'int\u00e9grit\u00e9 de la marque. De plus, chaque unit\u00e9 subit un contr\u00f4le qualit\u00e9 rigoureux pour garantir<\/strong>. Chaque \u00e9cran est examin\u00e9 individuellement dans des conditions pr\u00e9cises pour confirmer une int\u00e9grit\u00e9 visuelle impeccable, offrant une exp\u00e9rience utilisateur premium qui augmente la satisfaction de vos clients et minimise les retours co\u00fbteux.<\/p>\n<p>Au-del\u00e0 de la fonctionnalit\u00e9 initiale, nous privil\u00e9gions la durabilit\u00e9 \u00e0 long terme. Nos composants sont s\u00e9lectionn\u00e9s pour leur construction robuste, con\u00e7us pour r\u00e9sister \u00e0 une utilisation quotidienne et fournir des performances fiables sur de longues p\u00e9riodes. En choisissant notre solution en gros, vous investissez dans un produit soutenu par un processus de fabrication obsessionnel de pr\u00e9cision et de qualit\u00e9 durable, directement \u00e0 la source. \u00c9levez vos services de r\u00e9paration avec des \u00e9crans qui fonctionnent parfaitement d\u00e8s l'installation et lors d'une utilisation prolong\u00e9e, renfor\u00e7ant votre r\u00e9putation pour des r\u00e9parations sup\u00e9rieures.<\/p>","protected":false},"excerpt":{"rendered":"<p>Obtenez des remplacements d'\u00e9cran Xiaomi Mi 11 Lite en gros directement de notre usine. Garantie pixels morts z\u00e9ro et contr\u00f4le qualit\u00e9 strict pour une durabilit\u00e9 et des performances sup\u00e9rieures.<\/p>","protected":false},"featured_media":29263,"comment_status":"open","ping_status":"closed","template":"","meta":[],"product_brand":[],"product_cat":[225],"product_tag":[527,1077,1078,1076,469],"class_list":{"0":"post-31423","1":"product","2":"type-product","3":"status-publish","4":"has-post-thumbnail","6":"product_cat-xiaomi-screen","7":"product_tag-factory-direct-screen-replacement","8":"product_tag-mi-11-lite-lcd-digitizer","9":"product_tag-mobile-screen-bulk-supplier","10":"product_tag-xiaomi-mi-11-lite-screen-wholesale","11":"product_tag-zero-dead-pixel-display","13":"first","14":"instock","15":"shipping-taxable","16":"product-type-simple"},"_links":{"self":[{"href":"https:\/\/screen-stocks.com\/fr\/wp-json\/wp\/v2\/product\/31423","targetHints":{"allow":["GET"]}}],"collection":[{"href":"https:\/\/screen-stocks.com\/fr\/wp-json\/wp\/v2\/product"}],"about":[{"href":"https:\/\/screen-stocks.com\/fr\/wp-json\/wp\/v2\/types\/product"}],"replies":[{"embeddable":true,"href":"https:\/\/screen-stocks.com\/fr\/wp-json\/wp\/v2\/comments?post=31423"}],"version-history":[{"count":1,"href":"https:\/\/screen-stocks.com\/fr\/wp-json\/wp\/v2\/product\/31423\/revisions"}],"predecessor-version":[{"id":34746,"href":"https:\/\/screen-stocks.com\/fr\/wp-json\/wp\/v2\/product\/31423\/revisions\/34746"}],"wp:featuredmedia":[{"embeddable":true,"href":"https:\/\/screen-stocks.com\/fr\/wp-json\/wp\/v2\/media\/29263"}],"wp:attachment":[{"href":"https:\/\/screen-stocks.com\/fr\/wp-json\/wp\/v2\/media?parent=31423"}],"wp:term":[{"taxonomy":"product_brand","embeddable":true,"href":"https:\/\/screen-stocks.com\/fr\/wp-json\/wp\/v2\/product_brand?post=31423"},{"taxonomy":"product_cat","embeddable":true,"href":"https:\/\/screen-stocks.com\/fr\/wp-json\/wp\/v2\/product_cat?post=31423"},{"taxonomy":"product_tag","embeddable":true,"href":"https:\/\/screen-stocks.com\/fr\/wp-json\/wp\/v2\/product_tag?post=31423"}],"curies":[{"name":"wp","href":"https:\/\/api.w.org\/{rel}","templated":true}]}}