{"id":31433,"date":"2025-08-30T08:22:43","date_gmt":"2025-08-30T08:22:43","guid":{"rendered":"https:\/\/screen-stocks.com\/?post_type=product&#038;p=31433"},"modified":"2025-12-23T09:30:13","modified_gmt":"2025-12-23T09:30:13","slug":"premium-xiaomi-mi-a1-mi-5x-screen-replacement-wholesale-lcd-digitizer","status":"publish","type":"product","link":"https:\/\/screen-stocks.com\/fr\/premium-xiaomi-mi-a1-mi-5x-screen-replacement-wholesale-lcd-digitizer\/","title":{"rendered":"Remplacement d'\u00e9cran en gros pour Xiaomi Mi A1 \/ Mi 5X \u2013 LCD &amp; Digitizer"},"content":{"rendered":"<p>Maximisez la rentabilit\u00e9 de votre atelier de r\u00e9paration et am\u00e9liorez la r\u00e9putation de votre service avec notre gamme premium <strong>Ensemble d'\u00e9cran LCD et de digitizer pour Xiaomi Mi A1 (Mi 5X)<\/strong>. En tant que partenaire B2B, nous comprenons le r\u00f4le crucial de l'efficacit\u00e9 dans vos op\u00e9rations quotidiennes. Nos remplacements d'\u00e9cran en gros sont con\u00e7us en pensant \u00e0 la r\u00e9ussite de votre entreprise.<\/p>\n<p>Ces ensembles sont con\u00e7us pour une int\u00e9gration transparente, comprenant un <strong>ajustement parfait du cadre<\/strong> qui \u00e9limine les probl\u00e8mes frustrants d'alignement et r\u00e9duit consid\u00e9rablement le risque de retouches co\u00fbteuses. Cette pr\u00e9cision se traduit directement par une <strong>proc\u00e9dure d'installation plus facile<\/strong>, permettant \u00e0 vos techniciens de r\u00e9aliser les r\u00e9parations plus rapidement et avec une plus grande coh\u00e9rence. En \u00e9conomisant consid\u00e9rablement <strong>du temps de travail<\/strong> sur chaque intervention, vous pouvez augmenter le volume de r\u00e9parations quotidiennes sans compromettre la qualit\u00e9 ni n\u00e9cessiter de personnel suppl\u00e9mentaire, ce qui augmente directement votre b\u00e9n\u00e9fice net.<\/p>\n<p>Au-del\u00e0 de l'efficacit\u00e9 op\u00e9rationnelle, nos unit\u00e9s LCD et Digitizer de haute qualit\u00e9 offrent des visuels nets et une fonctionnalit\u00e9 tactile r\u00e9active, garantissant une exp\u00e9rience ultime <strong>satisfaction client<\/strong>. Une r\u00e9paration fiable et de haute qualit\u00e9 signifie des clients satisfaits, des avis positifs et un bouche-\u00e0-oreille solide \u2013 tous essentiels pour une croissance commerciale soutenue. Collaborez avec nous pour un approvisionnement constant en composants sup\u00e9rieurs qui am\u00e9liorent la rentabilit\u00e9 de votre atelier et renforcent sa r\u00e9putation d'excellence.<\/p>","protected":false},"excerpt":{"rendered":"<p>Augmentez les b\u00e9n\u00e9fices de votre atelier de r\u00e9paration avec notre ensemble d'\u00e9cran LCD &amp; Digitizer en gros pour Xiaomi Mi A1 (Mi 5X). Installation facile, ajustement parfait, gain de temps de main-d'\u0153uvre, satisfaction client assur\u00e9e.<\/p>","protected":false},"featured_media":29394,"comment_status":"open","ping_status":"closed","template":"","meta":[],"product_brand":[],"product_cat":[225],"product_tag":[758,1038,1040,1039,1037],"class_list":{"0":"post-31433","1":"product","2":"type-product","3":"status-publish","4":"has-post-thumbnail","6":"product_cat-xiaomi-screen","7":"product_tag-digitizer-assembly-wholesale","8":"product_tag-mi-5x-lcd-replacement-bulk","9":"product_tag-mobile-screen-distributor","10":"product_tag-phone-repair-parts-supply","11":"product_tag-xiaomi-mi-a1-screen-wholesale","13":"first","14":"instock","15":"shipping-taxable","16":"product-type-simple"},"_links":{"self":[{"href":"https:\/\/screen-stocks.com\/fr\/wp-json\/wp\/v2\/product\/31433","targetHints":{"allow":["GET"]}}],"collection":[{"href":"https:\/\/screen-stocks.com\/fr\/wp-json\/wp\/v2\/product"}],"about":[{"href":"https:\/\/screen-stocks.com\/fr\/wp-json\/wp\/v2\/types\/product"}],"replies":[{"embeddable":true,"href":"https:\/\/screen-stocks.com\/fr\/wp-json\/wp\/v2\/comments?post=31433"}],"version-history":[{"count":1,"href":"https:\/\/screen-stocks.com\/fr\/wp-json\/wp\/v2\/product\/31433\/revisions"}],"predecessor-version":[{"id":34735,"href":"https:\/\/screen-stocks.com\/fr\/wp-json\/wp\/v2\/product\/31433\/revisions\/34735"}],"wp:featuredmedia":[{"embeddable":true,"href":"https:\/\/screen-stocks.com\/fr\/wp-json\/wp\/v2\/media\/29394"}],"wp:attachment":[{"href":"https:\/\/screen-stocks.com\/fr\/wp-json\/wp\/v2\/media?parent=31433"}],"wp:term":[{"taxonomy":"product_brand","embeddable":true,"href":"https:\/\/screen-stocks.com\/fr\/wp-json\/wp\/v2\/product_brand?post=31433"},{"taxonomy":"product_cat","embeddable":true,"href":"https:\/\/screen-stocks.com\/fr\/wp-json\/wp\/v2\/product_cat?post=31433"},{"taxonomy":"product_tag","embeddable":true,"href":"https:\/\/screen-stocks.com\/fr\/wp-json\/wp\/v2\/product_tag?post=31433"}],"curies":[{"name":"wp","href":"https:\/\/api.w.org\/{rel}","templated":true}]}}