{"id":32404,"date":"2025-09-02T02:01:20","date_gmt":"2025-09-02T02:01:20","guid":{"rendered":"https:\/\/screen-stocks.com\/?post_type=product&#038;p=32404"},"modified":"2025-12-17T00:34:14","modified_gmt":"2025-12-17T00:34:14","slug":"premium-ipad-air-2-tp-wholesale-factory-direct-quality-zero-dead-pixels","status":"publish","type":"product","link":"https:\/\/screen-stocks.com\/fr\/premium-ipad-air-2-tp-wholesale-factory-direct-quality-zero-dead-pixels\/","title":{"rendered":"Grossiste Premium iPad Air 2 TP : Qualit\u00e9 Directe Usine &amp; Z\u00e9ro Pixels Mort"},"content":{"rendered":"<p>En tant que partenaire de gros de confiance, nous pr\u00e9sentons fi\u00e8rement notre gamme premium <strong>digitizers iPad Air 2 TP<\/strong>, fabriqu\u00e9s avec un engagement sans faille envers la qualit\u00e9 et la fiabilit\u00e9. Notre mod\u00e8le unique \u2018Directement en usine\u2019 garantit une supervision compl\u00e8te du processus de production, se traduisant par des produits sup\u00e9rieurs pour votre inventaire.<\/p>\n<p>Chaque unit\u00e9 de digitizer iPad Air 2 TP subit un protocole d\u2019assurance qualit\u00e9 exhaustif et en plusieurs \u00e9tapes. Ce r\u00e9gime de tests rigoureux v\u00e9rifie m\u00e9ticuleusement la fonctionnalit\u00e9, la r\u00e9activit\u00e9 et la perfection esth\u00e9tique. Nous garantissons <strong>est optimis\u00e9 pour une sensibilit\u00e9 sup\u00e9rieure et une pr\u00e9cision multi-touch, offrant une interaction fluide et r\u00e9active sur l'ensemble de l'\u00e9cran. La reproduction des couleurs est primordiale ; nos \u00e9crans A71 disposent d'une gamme de couleurs \u00e9tendue, obtenant des teintes vibrantes et fid\u00e8les \u00e0 la vie qui correspondent aux sp\u00e9cifications visuelles de l'appareil d'origine, crucial pour maintenir l'int\u00e9grit\u00e9 de la marque. De plus, chaque unit\u00e9 subit un contr\u00f4le qualit\u00e9 rigoureux pour garantir<\/strong> sur chaque \u00e9cran, un diff\u00e9renciateur critique qui prot\u00e8ge votre r\u00e9putation et minimise les retours co\u00fbteux des clients. Notre calibration pr\u00e9cise et notre qualit\u00e9 de fabrication robuste assurent une pr\u00e9cision tactile exceptionnelle et une durabilit\u00e9 \u00e0 long terme, permettant \u00e0 votre entreprise de fournir des r\u00e9parations et remplacements performants et constants. Partenaire avec nous pour \u00e9lever votre offre de produits avec des \u00e9crans con\u00e7us pour l\u2019excellence et soutenus par nos normes strictes en usine.<\/p>","protected":false},"excerpt":{"rendered":"<p>Sourcez des digitizers iPad Air 2 TP premium en gros. Notre contr\u00f4le qualit\u00e9 direct usine garantit des tests stricts, Z\u00e9ro Pixels Mort, et une durabilit\u00e9 exceptionnelle.<\/p>","protected":false},"featured_media":32134,"comment_status":"open","ping_status":"closed","template":"","meta":[],"product_brand":[],"product_cat":[20],"product_tag":[768,888,887,889,486],"class_list":{"0":"post-32404","1":"product","2":"type-product","3":"status-publish","4":"has-post-thumbnail","6":"product_cat-accessories","7":"product_tag-factory-direct-ipad-screens","8":"product_tag-ipad-air-2-digitizer-bulk","9":"product_tag-ipad-air-2-tp-wholesale","10":"product_tag-tablet-screen-supplier","11":"product_tag-zero-dead-pixel-displays","13":"first","14":"outofstock","15":"shipping-taxable","16":"product-type-simple"},"_links":{"self":[{"href":"https:\/\/screen-stocks.com\/fr\/wp-json\/wp\/v2\/product\/32404","targetHints":{"allow":["GET"]}}],"collection":[{"href":"https:\/\/screen-stocks.com\/fr\/wp-json\/wp\/v2\/product"}],"about":[{"href":"https:\/\/screen-stocks.com\/fr\/wp-json\/wp\/v2\/types\/product"}],"replies":[{"embeddable":true,"href":"https:\/\/screen-stocks.com\/fr\/wp-json\/wp\/v2\/comments?post=32404"}],"version-history":[{"count":1,"href":"https:\/\/screen-stocks.com\/fr\/wp-json\/wp\/v2\/product\/32404\/revisions"}],"predecessor-version":[{"id":34675,"href":"https:\/\/screen-stocks.com\/fr\/wp-json\/wp\/v2\/product\/32404\/revisions\/34675"}],"wp:featuredmedia":[{"embeddable":true,"href":"https:\/\/screen-stocks.com\/fr\/wp-json\/wp\/v2\/media\/32134"}],"wp:attachment":[{"href":"https:\/\/screen-stocks.com\/fr\/wp-json\/wp\/v2\/media?parent=32404"}],"wp:term":[{"taxonomy":"product_brand","embeddable":true,"href":"https:\/\/screen-stocks.com\/fr\/wp-json\/wp\/v2\/product_brand?post=32404"},{"taxonomy":"product_cat","embeddable":true,"href":"https:\/\/screen-stocks.com\/fr\/wp-json\/wp\/v2\/product_cat?post=32404"},{"taxonomy":"product_tag","embeddable":true,"href":"https:\/\/screen-stocks.com\/fr\/wp-json\/wp\/v2\/product_tag?post=32404"}],"curies":[{"name":"wp","href":"https:\/\/api.w.org\/{rel}","templated":true}]}}