{"id":32407,"date":"2025-09-02T02:01:21","date_gmt":"2025-09-02T02:01:21","guid":{"rendered":"https:\/\/screen-stocks.com\/?post_type=product&#038;p=32407"},"modified":"2026-01-11T17:30:14","modified_gmt":"2026-01-11T17:30:14","slug":"ipad-air-2022tp-wholesale-displays-boost-your-repair-shops-profitability","status":"publish","type":"product","link":"https:\/\/screen-stocks.com\/fr\/ipad-air-2022tp-wholesale-displays-boost-your-repair-shops-profitability\/","title":{"rendered":"\u00c9crans en gros pour iPad Air 2022tp : Augmentez la rentabilit\u00e9 de votre atelier de r\u00e9paration"},"content":{"rendered":"<p>En tant que fournisseur de gros leader, nous comprenons que pour les ateliers de r\u00e9paration, chaque minute et chaque r\u00e9paration r\u00e9ussie impactent directement votre r\u00e9sultat net. C\u2019est pourquoi nous sommes fiers de pr\u00e9senter notre \u00e9cran de remplacement premium pour le <strong>iPad Air 2022tp<\/strong>, con\u00e7u sp\u00e9cifiquement pour am\u00e9liorer la qualit\u00e9 de votre service et l\u2019efficacit\u00e9 op\u00e9rationnelle.<\/p>\n<p>Notre <strong>les \u00e9crans de remplacement pour iPad Air 2022tp<\/strong> sont fabriqu\u00e9s avec soin selon les sp\u00e9cifications OEM, garantissant un ajustement et une finition parfaits. Les techniciens appr\u00e9cieront les composants con\u00e7us avec pr\u00e9cision qui facilitent un <strong>la facilit\u00e9 d'installation<\/strong>. Cet ajustement parfait du <strong>cadre<\/strong> \u00e9limine les ajustements frustrants et les risques de dommages lors de l\u2019assemblage, r\u00e9duisant consid\u00e9rablement le temps de travail consacr\u00e9 \u00e0 chaque r\u00e9paration. Moins de temps par r\u00e9paration signifie une productivit\u00e9 accrue des techniciens et plus de cr\u00e9neaux de service pour votre atelier.<\/p>\n<p>Au-del\u00e0 de l\u2019efficacit\u00e9 op\u00e9rationnelle, la qualit\u00e9 sup\u00e9rieure et l\u2019ajustement parfait de nos \u00e9crans se traduisent directement par une am\u00e9lioration de <strong>satisfaction client<\/strong>. Un \u00e9cran parfaitement install\u00e9 qui ressemble et fonctionne comme du neuf inspire confiance et encourage la fid\u00e9lit\u00e9 et les recommandations positives \u2013 des atouts inestimables pour tout atelier de r\u00e9paration. Collaborez avec nous pour vos <strong>besoins en \u00e9crans de gros pour iPad Air 2022tp<\/strong> et constatez une am\u00e9lioration tangible de votre r\u00e9putation de service et de votre performance financi\u00e8re.<\/p>","protected":false},"excerpt":{"rendered":"<p>\u00c9crans en gros premium pour iPad Air 2022tp con\u00e7us pour une installation sans effort, un ajustement parfait du cadre et une satisfaction client sup\u00e9rieure, maximisant les profits de votre atelier de r\u00e9paration.<\/p>","protected":false},"featured_media":32163,"comment_status":"open","ping_status":"closed","template":"","meta":[],"product_brand":[],"product_cat":[20],"product_tag":[1300,1298,1301,889,1299],"class_list":{"0":"post-32407","1":"product","2":"type-product","3":"status-publish","4":"has-post-thumbnail","6":"product_cat-accessories","7":"product_tag-ipad-air-2022tp-replacement-parts","8":"product_tag-ipad-air-2022tp-screen","9":"product_tag-repair-shop-screens-bulk","10":"product_tag-tablet-screen-supplier","11":"product_tag-wholesale-ipad-air-2022tp-display","13":"first","14":"outofstock","15":"shipping-taxable","16":"product-type-simple"},"_links":{"self":[{"href":"https:\/\/screen-stocks.com\/fr\/wp-json\/wp\/v2\/product\/32407","targetHints":{"allow":["GET"]}}],"collection":[{"href":"https:\/\/screen-stocks.com\/fr\/wp-json\/wp\/v2\/product"}],"about":[{"href":"https:\/\/screen-stocks.com\/fr\/wp-json\/wp\/v2\/types\/product"}],"replies":[{"embeddable":true,"href":"https:\/\/screen-stocks.com\/fr\/wp-json\/wp\/v2\/comments?post=32407"}],"version-history":[{"count":1,"href":"https:\/\/screen-stocks.com\/fr\/wp-json\/wp\/v2\/product\/32407\/revisions"}],"predecessor-version":[{"id":34855,"href":"https:\/\/screen-stocks.com\/fr\/wp-json\/wp\/v2\/product\/32407\/revisions\/34855"}],"wp:featuredmedia":[{"embeddable":true,"href":"https:\/\/screen-stocks.com\/fr\/wp-json\/wp\/v2\/media\/32163"}],"wp:attachment":[{"href":"https:\/\/screen-stocks.com\/fr\/wp-json\/wp\/v2\/media?parent=32407"}],"wp:term":[{"taxonomy":"product_brand","embeddable":true,"href":"https:\/\/screen-stocks.com\/fr\/wp-json\/wp\/v2\/product_brand?post=32407"},{"taxonomy":"product_cat","embeddable":true,"href":"https:\/\/screen-stocks.com\/fr\/wp-json\/wp\/v2\/product_cat?post=32407"},{"taxonomy":"product_tag","embeddable":true,"href":"https:\/\/screen-stocks.com\/fr\/wp-json\/wp\/v2\/product_tag?post=32407"}],"curies":[{"name":"wp","href":"https:\/\/api.w.org\/{rel}","templated":true}]}}