{"id":32408,"date":"2025-09-02T02:01:21","date_gmt":"2025-09-02T02:01:21","guid":{"rendered":"https:\/\/screen-stocks.com\/?post_type=product&#038;p=32408"},"modified":"2026-02-17T01:53:15","modified_gmt":"2026-02-17T01:53:15","slug":"wholesale-ipad-air-lcds-maximize-repair-shop-efficiency-customer-satisfaction","status":"publish","type":"product","link":"https:\/\/screen-stocks.com\/fr\/wholesale-ipad-air-lcds-maximize-repair-shop-efficiency-customer-satisfaction\/","title":{"rendered":"LCD iPad Air en gros : Optimisez l'efficacit\u00e9 de votre atelier de r\u00e9paration et la satisfaction de vos clients"},"content":{"rendered":"<p>Maximisez la rentabilit\u00e9 de votre atelier de r\u00e9paration avec notre gamme premium <strong>\u00c9cran LCD iPad Air<\/strong> \u00e9crans en gros. Nous comprenons que dans l'industrie de la r\u00e9paration mobile rapide, l'efficacit\u00e9 et la qualit\u00e9 sont primordiales pour votre rentabilit\u00e9. Nos LCD m\u00e9ticuleusement fabriqu\u00e9s pour l'iPad Air sont con\u00e7us en pensant \u00e0 vos techniciens, garantissant un <strong>la facilit\u00e9 d'installation<\/strong> qui r\u00e9duit consid\u00e9rablement le temps de travail par r\u00e9paration.<\/p>\n<p>D\u00e9couvrez la diff\u00e9rence d'un <strong>ajustement parfait du cadre<\/strong> chaque fois. Cette ing\u00e9nierie de pr\u00e9cision non seulement rationalise votre processus de r\u00e9paration mais \u00e9limine \u00e9galement les frustrations courantes des pi\u00e8ces mal ajust\u00e9es, \u00e9vitant des reprises co\u00fbteuses et assurant une finition fluide, semblable \u00e0 celle d'une usine. En minimisant le temps d'installation et en maximisant les chances d'une r\u00e9paration r\u00e9ussie d\u00e8s la premi\u00e8re fois, nos \u00e9crans contribuent directement \u00e0 une <strong>\u00e9conomies de temps de travail<\/strong> importante pour votre entreprise.<\/p>\n<p>Au-del\u00e0 de l'efficacit\u00e9 op\u00e9rationnelle, nos <strong>LCD iPad Air<\/strong> garantissent une performance d'affichage sup\u00e9rieure, conduisant directement \u00e0 une <strong>satisfaction client<\/strong>. Des clients satisfaits signifient des affaires r\u00e9p\u00e9t\u00e9es, des avis positifs et des recommandations pr\u00e9cieuses \u2013 tous des moteurs essentiels pour une croissance soutenue. Collaborez avec nous pour des pi\u00e8ces fiables et haute performance qui permettent \u00e0 votre entreprise d'offrir un service exceptionnel et d'augmenter votre rentabilit\u00e9.<\/p>","protected":false},"excerpt":{"rendered":"<p>LCD iPad Air en gros con\u00e7us pour les ateliers de r\u00e9paration. Assurez une installation facile, un ajustement parfait et une satisfaction client accrue pour maximiser la rentabilit\u00e9 de votre activit\u00e9 de r\u00e9paration.<\/p>","protected":false},"featured_media":32175,"comment_status":"open","ping_status":"closed","template":"","meta":[],"product_brand":[],"product_cat":[20],"product_tag":[1558,1217,467,889,1559],"class_list":{"0":"post-32408","1":"product","2":"type-product","3":"status-publish","4":"has-post-thumbnail","6":"product_cat-accessories","7":"product_tag-ipad-air-lcd-wholesale","8":"product_tag-ipad-repair-parts-bulk","9":"product_tag-repair-shop-profitability","10":"product_tag-tablet-screen-supplier","11":"product_tag-wholesale-ipad-air-display","13":"first","14":"outofstock","15":"shipping-taxable","16":"product-type-simple"},"_links":{"self":[{"href":"https:\/\/screen-stocks.com\/fr\/wp-json\/wp\/v2\/product\/32408","targetHints":{"allow":["GET"]}}],"collection":[{"href":"https:\/\/screen-stocks.com\/fr\/wp-json\/wp\/v2\/product"}],"about":[{"href":"https:\/\/screen-stocks.com\/fr\/wp-json\/wp\/v2\/types\/product"}],"replies":[{"embeddable":true,"href":"https:\/\/screen-stocks.com\/fr\/wp-json\/wp\/v2\/comments?post=32408"}],"version-history":[{"count":1,"href":"https:\/\/screen-stocks.com\/fr\/wp-json\/wp\/v2\/product\/32408\/revisions"}],"predecessor-version":[{"id":35399,"href":"https:\/\/screen-stocks.com\/fr\/wp-json\/wp\/v2\/product\/32408\/revisions\/35399"}],"wp:featuredmedia":[{"embeddable":true,"href":"https:\/\/screen-stocks.com\/fr\/wp-json\/wp\/v2\/media\/32175"}],"wp:attachment":[{"href":"https:\/\/screen-stocks.com\/fr\/wp-json\/wp\/v2\/media?parent=32408"}],"wp:term":[{"taxonomy":"product_brand","embeddable":true,"href":"https:\/\/screen-stocks.com\/fr\/wp-json\/wp\/v2\/product_brand?post=32408"},{"taxonomy":"product_cat","embeddable":true,"href":"https:\/\/screen-stocks.com\/fr\/wp-json\/wp\/v2\/product_cat?post=32408"},{"taxonomy":"product_tag","embeddable":true,"href":"https:\/\/screen-stocks.com\/fr\/wp-json\/wp\/v2\/product_tag?post=32408"}],"curies":[{"name":"wp","href":"https:\/\/api.w.org\/{rel}","templated":true}]}}