{"id":32411,"date":"2025-09-02T02:01:22","date_gmt":"2025-09-02T02:01:22","guid":{"rendered":"https:\/\/screen-stocks.com\/?post_type=product&#038;p=32411"},"modified":"2026-01-04T16:30:56","modified_gmt":"2026-01-04T16:30:56","slug":"bulk-ipad-mini-5-lcd-screens-perfect-fit-faster-repairs-higher-profits","status":"publish","type":"product","link":"https:\/\/screen-stocks.com\/fr\/bulk-ipad-mini-5-lcd-screens-perfect-fit-faster-repairs-higher-profits\/","title":{"rendered":"\u00c9crans LCD en gros pour iPad mini 5 : Ajustement parfait, r\u00e9parations plus rapides, profits plus \u00e9lev\u00e9s"},"content":{"rendered":"<p>Pour les ateliers de r\u00e9paration professionnels cherchant \u00e0 maximiser leur efficacit\u00e9 op\u00e9rationnelle et leur rentabilit\u00e9, nos <strong>\u00c9cran LCD iPad mini 2019<\/strong> les \u00e9crans de remplacement sont un atout indispensable. Con\u00e7us avec une pr\u00e9cision m\u00e9ticuleuse, ces unit\u00e9s LCD garantissent un <strong>ajustement parfait du cadre<\/strong> \u00e0 chaque fois, \u00e9liminant les probl\u00e8mes courants d'alignement et assurant une finition fluide, semblable \u00e0 celle d'une usine. Cette adaptation sup\u00e9rieure se traduit directement par <strong>une r\u00e9duction significative du temps d'installation<\/strong> pour vos techniciens, leur permettant de r\u00e9parer plus rapidement et de passer au travail suivant en toute confiance.<\/p>\n<p>Notre engagement envers la qualit\u00e9 signifie que chaque <strong>\u00c9cran LCD iPad mini 2019<\/strong> est rigoureusement test\u00e9 pour garantir <strong>une fonctionnalit\u00e9 pr\u00eate \u00e0 l'emploi<\/strong> et une fiabilit\u00e9 \u00e0 long terme. En minimisant les retouches et les d\u00e9pannages, vous \u00e9conomisez des co\u00fbts de main-d'\u0153uvre pr\u00e9cieux et augmentez consid\u00e9rablement votre capacit\u00e9 de r\u00e9paration quotidienne. Le r\u00e9sultat ? Non seulement vous am\u00e9liorez votre rentabilit\u00e9 gr\u00e2ce \u00e0 une efficacit\u00e9 accrue, mais vous cultivez \u00e9galement une r\u00e9putation in\u00e9gal\u00e9e <strong>satisfaction client<\/strong>. Les clients appr\u00e9cieront la rapidit\u00e9 et la qualit\u00e9 de leurs r\u00e9parations, ce qui conduira \u00e0 des avis positifs, des affaires r\u00e9p\u00e9t\u00e9es et une r\u00e9putation irr\u00e9prochable sur un march\u00e9 concurrentiel. Investissez dans nos solutions en gros et faites l'exp\u00e9rience de la diff\u00e9rence dans la productivit\u00e9 et la rentabilit\u00e9 de votre atelier de r\u00e9paration.<\/p>","protected":false},"excerpt":{"rendered":"<p>Augmentez la rentabilit\u00e9 de votre atelier de r\u00e9paration avec nos \u00e9crans LCD en gros pour iPad mini 2019. Assurez un ajustement parfait, des installations plus rapides et augmentez la satisfaction client.<\/p>","protected":false},"featured_media":32205,"comment_status":"open","ping_status":"closed","template":"","meta":[],"product_brand":[],"product_cat":[20],"product_tag":[1193,1191,1192,1195,1194],"class_list":{"0":"post-32411","1":"product","2":"type-product","3":"status-publish","4":"has-post-thumbnail","6":"product_cat-accessories","7":"product_tag-bulk-ipad-parts","8":"product_tag-ipad-mini-2019-lcd-wholesale","9":"product_tag-ipad-mini-5-screen-replacement","10":"product_tag-lcd-panel-supply","11":"product_tag-tablet-repair-components","13":"first","14":"outofstock","15":"shipping-taxable","16":"product-type-simple"},"_links":{"self":[{"href":"https:\/\/screen-stocks.com\/fr\/wp-json\/wp\/v2\/product\/32411","targetHints":{"allow":["GET"]}}],"collection":[{"href":"https:\/\/screen-stocks.com\/fr\/wp-json\/wp\/v2\/product"}],"about":[{"href":"https:\/\/screen-stocks.com\/fr\/wp-json\/wp\/v2\/types\/product"}],"replies":[{"embeddable":true,"href":"https:\/\/screen-stocks.com\/fr\/wp-json\/wp\/v2\/comments?post=32411"}],"version-history":[{"count":1,"href":"https:\/\/screen-stocks.com\/fr\/wp-json\/wp\/v2\/product\/32411\/revisions"}],"predecessor-version":[{"id":34807,"href":"https:\/\/screen-stocks.com\/fr\/wp-json\/wp\/v2\/product\/32411\/revisions\/34807"}],"wp:featuredmedia":[{"embeddable":true,"href":"https:\/\/screen-stocks.com\/fr\/wp-json\/wp\/v2\/media\/32205"}],"wp:attachment":[{"href":"https:\/\/screen-stocks.com\/fr\/wp-json\/wp\/v2\/media?parent=32411"}],"wp:term":[{"taxonomy":"product_brand","embeddable":true,"href":"https:\/\/screen-stocks.com\/fr\/wp-json\/wp\/v2\/product_brand?post=32411"},{"taxonomy":"product_cat","embeddable":true,"href":"https:\/\/screen-stocks.com\/fr\/wp-json\/wp\/v2\/product_cat?post=32411"},{"taxonomy":"product_tag","embeddable":true,"href":"https:\/\/screen-stocks.com\/fr\/wp-json\/wp\/v2\/product_tag?post=32411"}],"curies":[{"name":"wp","href":"https:\/\/api.w.org\/{rel}","templated":true}]}}