{"id":32418,"date":"2025-09-02T02:01:23","date_gmt":"2025-09-02T02:01:23","guid":{"rendered":"https:\/\/screen-stocks.com\/?post_type=product&#038;p=32418"},"modified":"2026-02-27T01:53:15","modified_gmt":"2026-02-27T01:53:15","slug":"wholesale-ipad-pro-12-9-2020-tp-boost-profitability-repair-efficiency","status":"publish","type":"product","link":"https:\/\/screen-stocks.com\/fr\/wholesale-ipad-pro-12-9-2020-tp-boost-profitability-repair-efficiency\/","title":{"rendered":"Vente en gros d'iPad Pro 12,9 2020 TP : Augmentez la rentabilit\u00e9 et l'efficacit\u00e9 de la r\u00e9paration"},"content":{"rendered":"<p>Pour les ateliers de r\u00e9paration professionnels ax\u00e9s sur la maximisation du d\u00e9bit et de la rentabilit\u00e9, notre <strong>iPad Pro 12.9 2020 TP<\/strong> est con\u00e7u pour offrir une valeur exceptionnelle. Nous comprenons que le temps c'est de l'argent dans l'industrie de la r\u00e9paration, c'est pourquoi nos ensembles de panneaux tactiles sont fabriqu\u00e9s avec une pr\u00e9cision m\u00e9ticuleuse <strong>ing\u00e9nierie de pr\u00e9cision<\/strong>, garantissant un composant parfait \u00e0 chaque fois. Cela se traduit directement par des r\u00e9parations plus rapides et une marge d'erreur consid\u00e9rablement r\u00e9duite.<\/p>\n<p>Notre engagement envers la qualit\u00e9 signifie que chaque <strong>iPad Pro 12.9 2020 TP<\/strong> fournit un <strong>ajustement parfait du cadre<\/strong>, \u00e9liminant les probl\u00e8mes frustrants d'alignement qui peuvent affecter des pi\u00e8ces de moindre qualit\u00e9. Ce design sup\u00e9rieur garantit un <strong>la facilit\u00e9 d'installation<\/strong> qui r\u00e9duit consid\u00e9rablement le temps de r\u00e9paration, permettant \u00e0 vos techniciens de r\u00e9aliser plus de travaux par jour. En minimisant la reprise et en acc\u00e9l\u00e9rant les d\u00e9lais d'ex\u00e9cution, votre atelier peut r\u00e9aliser des <strong>\u00e9conomies sur les co\u00fbts de main-d'\u0153uvre<\/strong> et am\u00e9liorer l'efficacit\u00e9 op\u00e9rationnelle globale.<\/p>\n<p>Au-del\u00e0 des avantages imm\u00e9diats de rapidit\u00e9 et de facilit\u00e9, l'utilisation de nos pi\u00e8ces de qualit\u00e9 sup\u00e9rieure impacte directement votre client\u00e8le. Les r\u00e9parations effectu\u00e9es avec nos composants de haute qualit\u00e9 offrent une exp\u00e9rience tactile fluide, r\u00e9active et une finition professionnelle, ce qui entra\u00eene une augmentation des <strong>satisfaction client<\/strong>. Des clients satisfaits sont des clients fid\u00e8les, et ils sont vos meilleurs ambassadeurs pour de nouvelles affaires. Investissez dans nos <strong>solutions en gros<\/strong> pour le TP de l'iPad Pro 12.9 2020 et donnez \u00e0 votre atelier de r\u00e9paration les moyens d'offrir un service sup\u00e9rieur, de fid\u00e9liser durablement votre client\u00e8le et d'augmenter consid\u00e9rablement votre chiffre d'affaires.<\/p>","protected":false},"excerpt":{"rendered":"<p>Maximisez la rentabilit\u00e9 de votre atelier de r\u00e9paration avec notre TP iPad Pro 12,9 2020 premium. Assurez une installation facile, un ajustement parfait et une satisfaction client optimale.<\/p>","protected":false},"featured_media":32283,"comment_status":"open","ping_status":"closed","template":"","meta":[],"product_brand":[],"product_cat":[20],"product_tag":[1689,1688,1690,467,1175],"class_list":{"0":"post-32418","1":"product","2":"type-product","3":"status-publish","4":"has-post-thumbnail","6":"product_cat-accessories","7":"product_tag-ipad-digitizer-replacement","8":"product_tag-ipad-pro-12-9-2020-tp-wholesale","9":"product_tag-premium-ipad-screens","10":"product_tag-repair-shop-profitability","11":"product_tag-tablet-repair-parts-bulk","13":"first","14":"outofstock","15":"shipping-taxable","16":"product-type-simple"},"_links":{"self":[{"href":"https:\/\/screen-stocks.com\/fr\/wp-json\/wp\/v2\/product\/32418","targetHints":{"allow":["GET"]}}],"collection":[{"href":"https:\/\/screen-stocks.com\/fr\/wp-json\/wp\/v2\/product"}],"about":[{"href":"https:\/\/screen-stocks.com\/fr\/wp-json\/wp\/v2\/types\/product"}],"replies":[{"embeddable":true,"href":"https:\/\/screen-stocks.com\/fr\/wp-json\/wp\/v2\/comments?post=32418"}],"version-history":[{"count":1,"href":"https:\/\/screen-stocks.com\/fr\/wp-json\/wp\/v2\/product\/32418\/revisions"}],"predecessor-version":[{"id":35444,"href":"https:\/\/screen-stocks.com\/fr\/wp-json\/wp\/v2\/product\/32418\/revisions\/35444"}],"wp:featuredmedia":[{"embeddable":true,"href":"https:\/\/screen-stocks.com\/fr\/wp-json\/wp\/v2\/media\/32283"}],"wp:attachment":[{"href":"https:\/\/screen-stocks.com\/fr\/wp-json\/wp\/v2\/media?parent=32418"}],"wp:term":[{"taxonomy":"product_brand","embeddable":true,"href":"https:\/\/screen-stocks.com\/fr\/wp-json\/wp\/v2\/product_brand?post=32418"},{"taxonomy":"product_cat","embeddable":true,"href":"https:\/\/screen-stocks.com\/fr\/wp-json\/wp\/v2\/product_cat?post=32418"},{"taxonomy":"product_tag","embeddable":true,"href":"https:\/\/screen-stocks.com\/fr\/wp-json\/wp\/v2\/product_tag?post=32418"}],"curies":[{"name":"wp","href":"https:\/\/api.w.org\/{rel}","templated":true}]}}