{"id":32777,"date":"2025-09-02T02:54:46","date_gmt":"2025-09-02T02:54:46","guid":{"rendered":"https:\/\/screen-stocks.com\/?post_type=product&#038;p=32777"},"modified":"2026-02-11T02:53:19","modified_gmt":"2026-02-11T02:53:19","slug":"bulk-motorola-moto-g800-g8-displays-high-res-90hz-dci-p3-wholesale","status":"publish","type":"product","link":"https:\/\/screen-stocks.com\/fr\/bulk-motorola-moto-g800-g8-displays-high-res-90hz-dci-p3-wholesale\/","title":{"rendered":"\u00c9crans en gros Motorola Moto G800 G8 : Haute r\u00e9solution, 90Hz, DCI-P3 Vente en gros"},"content":{"rendered":"<p>En tant que fournisseur B2B de premier plan, nous sommes sp\u00e9cialis\u00e9s dans la fourniture de produits de qualit\u00e9 sup\u00e9rieure <strong>\u00c9crans de remplacement Motorola motg800 g8<\/strong> con\u00e7us pour r\u00e9pondre aux exigences rigoureuses du secteur de la r\u00e9paration et de la remise \u00e0 neuf. Notre approvisionnement en gros offre une qualit\u00e9 in\u00e9gal\u00e9e, soutenue par des sp\u00e9cifications techniques pr\u00e9cises, essentielles pour restaurer les appareils \u00e0 leurs performances optimales.<\/p>\n<p>Chacun <strong>Ensemble \u00e9cran Motorola motg800 g8<\/strong> b\u00e9n\u00e9ficie d'un affichage \u00e9clatant <strong>r\u00e9solution de 1080 x 2300 pixels<\/strong>, offrant des visuels d'une clart\u00e9 cristalline et un rendu de texte net, essentiels pour une exp\u00e9rience utilisateur haute fid\u00e9lit\u00e9. Cette clart\u00e9 visuelle est compl\u00e9t\u00e9e par un impressionnant <strong>90Hz<\/strong>, assurant un d\u00e9filement exceptionnellement fluide et des animations r\u00e9actives, conformes aux normes modernes des smartphones. Pour l'interaction tactile, nos \u00e9crans int\u00e8grent un syst\u00e8me avanc\u00e9 <strong>circuit int\u00e9gr\u00e9 multi-touch \u00e0 haute sensibilit\u00e9<\/strong>, offrant une sensibilit\u00e9 et une pr\u00e9cision sup\u00e9rieures avec une latence tactile constamment mesur\u00e9e en dessous de 50 ms, garantissant une interface utilisateur transparente et pr\u00e9cise. De plus, la reproduction des couleurs est exceptionnelle, avec une <strong>couverture de l'espace colorim\u00e9trique DCI-P3 d\u00e9passant 95\u00a0%<\/strong>, ce qui se traduit par des couleurs riches, pr\u00e9cises et fid\u00e8les \u00e0 la r\u00e9alit\u00e9, essentielles pour la consommation multim\u00e9dia et les applications professionnelles. Optez pour nos \u00e9crans Motorola motg800 g8 en gros pour vous assurer que votre inventaire est approvisionn\u00e9 avec des composants qui offrent \u00e0 la fois performance et fiabilit\u00e9, augmentant ainsi la valeur de vos services.<\/p>","protected":false},"excerpt":{"rendered":"<p>S\u00e9curisez la vente en gros d'\u00e9crans Motorola motg800 g8 en gros avec 1080p, rafra\u00eechissement \u00e0 90Hz et couleur DCI-P3. Qualit\u00e9 bas\u00e9e sur les donn\u00e9es pour votre cha\u00eene d'approvisionnement B2B.<\/p>","protected":false},"featured_media":32712,"comment_status":"open","ping_status":"closed","template":"","meta":[],"product_brand":[],"product_cat":[357],"product_tag":[1501,1499,1500,1498,1497],"class_list":{"0":"post-32777","1":"product","2":"type-product","3":"status-publish","4":"has-post-thumbnail","6":"product_cat-motorola","7":"product_tag-90hz-display-supplier","8":"product_tag-bulk-smartphone-display","9":"product_tag-high-resolution-mobile-screens","10":"product_tag-motorola-g8-lcd-wholesale","11":"product_tag-motorola-motg800-g8-screen","13":"first","14":"outofstock","15":"shipping-taxable","16":"product-type-simple"},"_links":{"self":[{"href":"https:\/\/screen-stocks.com\/fr\/wp-json\/wp\/v2\/product\/32777","targetHints":{"allow":["GET"]}}],"collection":[{"href":"https:\/\/screen-stocks.com\/fr\/wp-json\/wp\/v2\/product"}],"about":[{"href":"https:\/\/screen-stocks.com\/fr\/wp-json\/wp\/v2\/types\/product"}],"replies":[{"embeddable":true,"href":"https:\/\/screen-stocks.com\/fr\/wp-json\/wp\/v2\/comments?post=32777"}],"version-history":[{"count":2,"href":"https:\/\/screen-stocks.com\/fr\/wp-json\/wp\/v2\/product\/32777\/revisions"}],"predecessor-version":[{"id":35376,"href":"https:\/\/screen-stocks.com\/fr\/wp-json\/wp\/v2\/product\/32777\/revisions\/35376"}],"wp:featuredmedia":[{"embeddable":true,"href":"https:\/\/screen-stocks.com\/fr\/wp-json\/wp\/v2\/media\/32712"}],"wp:attachment":[{"href":"https:\/\/screen-stocks.com\/fr\/wp-json\/wp\/v2\/media?parent=32777"}],"wp:term":[{"taxonomy":"product_brand","embeddable":true,"href":"https:\/\/screen-stocks.com\/fr\/wp-json\/wp\/v2\/product_brand?post=32777"},{"taxonomy":"product_cat","embeddable":true,"href":"https:\/\/screen-stocks.com\/fr\/wp-json\/wp\/v2\/product_cat?post=32777"},{"taxonomy":"product_tag","embeddable":true,"href":"https:\/\/screen-stocks.com\/fr\/wp-json\/wp\/v2\/product_tag?post=32777"}],"curies":[{"name":"wp","href":"https:\/\/api.w.org\/{rel}","templated":true}]}}