{"id":32781,"date":"2025-09-02T02:54:47","date_gmt":"2025-09-02T02:54:47","guid":{"rendered":"https:\/\/screen-stocks.com\/?post_type=product&#038;p=32781"},"modified":"2025-12-24T08:30:30","modified_gmt":"2025-12-24T08:30:30","slug":"seamless-installation-higher-profits-motorola-motonef-one-fion-wholesale-screens","status":"publish","type":"product","link":"https:\/\/screen-stocks.com\/fr\/seamless-installation-higher-profits-motorola-motonef-one-fion-wholesale-screens\/","title":{"rendered":"Installation sans couture, profits accrus : \u00e9crans en gros Motorola Motonef One Fion"},"content":{"rendered":"<p>Pour les professionnels de la r\u00e9paration mobile ax\u00e9s sur la maximisation de l'efficacit\u00e9 op\u00e9rationnelle et la fid\u00e9lisation de la client\u00e8le, notre <strong>ensembles d'\u00e9crans en gros Motorola Motonef One Fion<\/strong> offrent une solution in\u00e9gal\u00e9e. Nous comprenons que le temps c'est de l'argent dans votre activit\u00e9, c'est pourquoi nos \u00e9crans sont con\u00e7us pour une installation rapide et sans tracas.<\/p>\n<p>Chaque unit\u00e9 est livr\u00e9e avec un <strong>cadre parfaitement ajust\u00e9<\/strong>, \u00e9liminant le processus fastidieux et chronophage de s\u00e9paration et de r\u00e9installation de l'ancien cadre. Ce design pr\u00e9-assembl\u00e9 r\u00e9duit consid\u00e9rablement <strong>temps de main-d'\u0153uvre<\/strong> par r\u00e9paration, permettant \u00e0 vos techniciens d'effectuer plus de r\u00e9parations quotidiennement et d'augmenter le d\u00e9bit de votre atelier. La pr\u00e9cision de l'ing\u00e9nierie garantit un ajustement parfait, imitant l'esth\u00e9tique et la fonctionnalit\u00e9 de l'appareil d'origine, ce qui contribue directement \u00e0 une augmentation de <strong>satisfaction client<\/strong> et \u00e0 moins de retouches co\u00fbteuses.<\/p>\n<p>En investissant dans notre approvisionnement en gros d'\u00e9crans Motorola Motonef One Fion, vous n'achetez pas seulement des composants ; vous acqu\u00e9rez un avantage strat\u00e9gique. Am\u00e9liorez la qualit\u00e9 de vos r\u00e9parations, r\u00e9duisez les co\u00fbts g\u00e9n\u00e9raux et construisez une r\u00e9putation de fiabilit\u00e9 qui fid\u00e9lise vos clients. Faites le choix intelligent, faites le choix rentable \u2013 optez pour nos solutions en gros.<\/p>","protected":false},"excerpt":{"rendered":"<p>\u00c9crans Motorola Motonef One Fion en gros pour ateliers de r\u00e9paration. Fonctionnalit\u00e9s d'installation facile, ajustement parfait, gain de temps de main-d'\u0153uvre, et augmentation de la satisfaction client et des profits.<\/p>","protected":false},"featured_media":32748,"comment_status":"open","ping_status":"closed","template":"","meta":[],"product_brand":[],"product_cat":[357],"product_tag":[1071,620,1070,858,467],"class_list":{"0":"post-32781","1":"product","2":"type-product","3":"status-publish","4":"has-post-thumbnail","6":"product_cat-motorola","7":"product_tag-lcd-assembly-bulk","8":"product_tag-mobile-screen-wholesale","9":"product_tag-motorola-motonef-one-fion-screen","10":"product_tag-phone-repair-parts","11":"product_tag-repair-shop-profitability","13":"first","14":"outofstock","15":"shipping-taxable","16":"product-type-simple"},"_links":{"self":[{"href":"https:\/\/screen-stocks.com\/fr\/wp-json\/wp\/v2\/product\/32781","targetHints":{"allow":["GET"]}}],"collection":[{"href":"https:\/\/screen-stocks.com\/fr\/wp-json\/wp\/v2\/product"}],"about":[{"href":"https:\/\/screen-stocks.com\/fr\/wp-json\/wp\/v2\/types\/product"}],"replies":[{"embeddable":true,"href":"https:\/\/screen-stocks.com\/fr\/wp-json\/wp\/v2\/comments?post=32781"}],"version-history":[{"count":3,"href":"https:\/\/screen-stocks.com\/fr\/wp-json\/wp\/v2\/product\/32781\/revisions"}],"predecessor-version":[{"id":34744,"href":"https:\/\/screen-stocks.com\/fr\/wp-json\/wp\/v2\/product\/32781\/revisions\/34744"}],"wp:featuredmedia":[{"embeddable":true,"href":"https:\/\/screen-stocks.com\/fr\/wp-json\/wp\/v2\/media\/32748"}],"wp:attachment":[{"href":"https:\/\/screen-stocks.com\/fr\/wp-json\/wp\/v2\/media?parent=32781"}],"wp:term":[{"taxonomy":"product_brand","embeddable":true,"href":"https:\/\/screen-stocks.com\/fr\/wp-json\/wp\/v2\/product_brand?post=32781"},{"taxonomy":"product_cat","embeddable":true,"href":"https:\/\/screen-stocks.com\/fr\/wp-json\/wp\/v2\/product_cat?post=32781"},{"taxonomy":"product_tag","embeddable":true,"href":"https:\/\/screen-stocks.com\/fr\/wp-json\/wp\/v2\/product_tag?post=32781"}],"curies":[{"name":"wp","href":"https:\/\/api.w.org\/{rel}","templated":true}]}}