{"id":32914,"date":"2025-09-02T03:16:16","date_gmt":"2025-09-02T03:16:16","guid":{"rendered":"https:\/\/screen-stocks.com\/?post_type=product&#038;p=32914"},"modified":"2026-02-03T04:53:42","modified_gmt":"2026-02-03T04:53:42","slug":"maximize-repair-profit-sony-xperia-10-plus-lcd-frame-wholesale-bulk","status":"publish","type":"product","link":"https:\/\/screen-stocks.com\/fr\/maximize-repair-profit-sony-xperia-10-plus-lcd-frame-wholesale-bulk\/","title":{"rendered":"Maximiser le profit de r\u00e9paration : gros de pi\u00e8ces LCD et cadre pour Sony Xperia 10 Plus en gros"},"content":{"rendered":"<p>Pour les ateliers de r\u00e9paration de t\u00e9l\u00e9phones mobiles professionnels, il est primordial de maximiser l'efficacit\u00e9 et la rentabilit\u00e9 par intervention. Notre <strong>fourniture en gros d'\u00e9crans LCD et de ch\u00e2ssis pour Sony Xperia 10 Plus<\/strong> est con\u00e7ue pr\u00e9cis\u00e9ment dans cet esprit. Nous fournissons un ensemble complet, <strong>Assemblage OLED<\/strong> avec un ch\u00e2ssis pr\u00e9-install\u00e9, m\u00e9ticuleusement con\u00e7u pour r\u00e9pondre aux <strong>sp\u00e9cifications de qualit\u00e9 OEM<\/strong> pour un processus d'installation rapide et sans faille.<\/p>\n<p>Les <strong>ing\u00e9nierie de pr\u00e9cision<\/strong> de ces unit\u00e9s garantit un ajustement parfait, conforme aux normes d'usine \u00e0 chaque fois, r\u00e9duisant consid\u00e9rablement le temps d'installation et \u00e9liminant les retouches co\u00fbteuses. En \u00e9conomisant un temps pr\u00e9cieux <strong>les co\u00fbts de main-d'\u0153uvre<\/strong> sur chaque r\u00e9paration, vos techniciens peuvent effectuer plus d'interventions par jour, ce qui se traduit directement par une augmentation des revenus et des <strong>marges b\u00e9n\u00e9ficiaires<\/strong>. nettement plus \u00e9lev\u00e9es. Notre engagement envers une qualit\u00e9 constante minimise les probl\u00e8mes post-installation, am\u00e9liorant encore l'efficacit\u00e9 op\u00e9rationnelle et r\u00e9duisant les \u00e9ventuelles demandes de garantie.<\/p>\n<p>Au-del\u00e0 des gains op\u00e9rationnels, nos \u00e9crans Xperia 10 Plus de haute qualit\u00e9 garantissent des performances visuelles sup\u00e9rieures, contribuant directement \u00e0 une <strong>satisfaction client<\/strong>. Des clients satisfaits entra\u00eenent une fid\u00e9lisation et des recommandations positives, consolidant la r\u00e9putation de votre atelier et assurant une croissance \u00e0 long terme. Investissez dans notre approvisionnement en gros pour rationaliser vos r\u00e9parations, am\u00e9liorer la qualit\u00e9 de votre service et surpasser syst\u00e9matiquement vos concurrents.<\/p>","protected":false},"excerpt":{"rendered":"<p>Augmentez vos profits avec nos ensembles LCD et cadres en gros pour Sony Xperia 10 Plus. Con\u00e7us pour des installations rapides et parfaites, \u00e9conomisant du travail et augmentant la satisfaction client.<\/p>","protected":false},"featured_media":32803,"comment_status":"open","ping_status":"closed","template":"","meta":[],"product_brand":[],"product_cat":[361],"product_tag":[1391,1392,1389,1393,1390],"class_list":{"0":"post-32914","1":"product","2":"type-product","3":"status-publish","4":"has-post-thumbnail","6":"product_cat-sony","7":"product_tag-bulk-mobile-phone-screens","8":"product_tag-repair-shop-parts-supply","9":"product_tag-sony-xperia-10-plus-wholesale-lcd","10":"product_tag-wholesale-smartphone-displays","11":"product_tag-xperia-10-plus-screen-replacement","13":"first","14":"outofstock","15":"shipping-taxable","16":"product-type-simple"},"_links":{"self":[{"href":"https:\/\/screen-stocks.com\/fr\/wp-json\/wp\/v2\/product\/32914","targetHints":{"allow":["GET"]}}],"collection":[{"href":"https:\/\/screen-stocks.com\/fr\/wp-json\/wp\/v2\/product"}],"about":[{"href":"https:\/\/screen-stocks.com\/fr\/wp-json\/wp\/v2\/types\/product"}],"replies":[{"embeddable":true,"href":"https:\/\/screen-stocks.com\/fr\/wp-json\/wp\/v2\/comments?post=32914"}],"version-history":[{"count":3,"href":"https:\/\/screen-stocks.com\/fr\/wp-json\/wp\/v2\/product\/32914\/revisions"}],"predecessor-version":[{"id":35317,"href":"https:\/\/screen-stocks.com\/fr\/wp-json\/wp\/v2\/product\/32914\/revisions\/35317"}],"wp:featuredmedia":[{"embeddable":true,"href":"https:\/\/screen-stocks.com\/fr\/wp-json\/wp\/v2\/media\/32803"}],"wp:attachment":[{"href":"https:\/\/screen-stocks.com\/fr\/wp-json\/wp\/v2\/media?parent=32914"}],"wp:term":[{"taxonomy":"product_brand","embeddable":true,"href":"https:\/\/screen-stocks.com\/fr\/wp-json\/wp\/v2\/product_brand?post=32914"},{"taxonomy":"product_cat","embeddable":true,"href":"https:\/\/screen-stocks.com\/fr\/wp-json\/wp\/v2\/product_cat?post=32914"},{"taxonomy":"product_tag","embeddable":true,"href":"https:\/\/screen-stocks.com\/fr\/wp-json\/wp\/v2\/product_tag?post=32914"}],"curies":[{"name":"wp","href":"https:\/\/api.w.org\/{rel}","templated":true}]}}