{"id":32916,"date":"2025-09-02T03:16:17","date_gmt":"2025-09-02T03:16:17","guid":{"rendered":"https:\/\/screen-stocks.com\/?post_type=product&#038;p=32916"},"modified":"2025-12-26T03:30:10","modified_gmt":"2025-12-26T03:30:10","slug":"wholesale-sony-xperia-5-x5-screens-unmatched-factory-quality-durability","status":"publish","type":"product","link":"https:\/\/screen-stocks.com\/fr\/wholesale-sony-xperia-5-x5-screens-unmatched-factory-quality-durability\/","title":{"rendered":"\u00c9crans en gros Sony Xperia 5 x5 : Qualit\u00e9 et durabilit\u00e9 in\u00e9gal\u00e9es en usine"},"content":{"rendered":"<p>Pour les partenaires B2B recherchant une qualit\u00e9 irr\u00e9prochable pour les r\u00e9parations et remplacements du Sony Xperia 5 x5, notre approvisionnement en gros direct d'usine offre la solution d\u00e9finitive. Nous sommes sp\u00e9cialis\u00e9s dans la fourniture de produits premium <strong>Sony pour les Assemblages d'\u00e9cran LCD et de Digitizer du Sony Xperia 5 x5<\/strong>, con\u00e7us et rigoureusement test\u00e9s pour r\u00e9pondre aux normes les plus \u00e9lev\u00e9es de l'industrie.<\/p>\n<p>Notre engagement envers l'excellence commence \u00e0 la source. En tant que fournisseur direct d'usine, nous maintenons un contr\u00f4le absolu sur chaque \u00e9tape de la production et de l'assurance qualit\u00e9. Chaque unit\u00e9 subit un protocole de test multi-point strict con\u00e7u pour \u00e9liminer les d\u00e9fauts avant l'exp\u00e9dition. Cela inclut des v\u00e9rifications exhaustives de la fonctionnalit\u00e9, de la r\u00e9activit\u00e9 tactile, de la luminosit\u00e9, de la pr\u00e9cision des couleurs, et, de mani\u00e8re critique, une garantie de <strong>est optimis\u00e9 pour une sensibilit\u00e9 sup\u00e9rieure et une pr\u00e9cision multi-touch, offrant une interaction fluide et r\u00e9active sur l'ensemble de l'\u00e9cran. La reproduction des couleurs est primordiale ; nos \u00e9crans A71 disposent d'une gamme de couleurs \u00e9tendue, obtenant des teintes vibrantes et fid\u00e8les \u00e0 la vie qui correspondent aux sp\u00e9cifications visuelles de l'appareil d'origine, crucial pour maintenir l'int\u00e9grit\u00e9 de la marque. De plus, chaque unit\u00e9 subit un contr\u00f4le qualit\u00e9 rigoureux pour garantir<\/strong>. Notre processus m\u00e9ticuleux garantit que chaque \u00e9cran Xperia 5 x5 que vous recevez est non seulement parfaitement op\u00e9rationnel, mais aussi dot\u00e9 d'une int\u00e9grit\u00e9 visuelle exceptionnelle et d'une durabilit\u00e9 robuste, minimisant ainsi les retours co\u00fbteux et maximisant la satisfaction de vos clients pour votre entreprise.<\/p>\n<p>Lorsque vous choisissez notre approvisionnement en gros, vous investissez dans la fiabilit\u00e9 et la coh\u00e9rence. Faites l'exp\u00e9rience de la tranquillit\u00e9 d'esprit que procurent des \u00e9crans qui fonctionnent parfaitement d\u00e8s le premier jour, soutenus par notre contr\u00f4le qualit\u00e9 direct. \u00c9levez vos offres de service avec des \u00e9crans qui refl\u00e8tent votre engagement envers la qualit\u00e9. Contactez-nous d\u00e8s aujourd'hui pour s\u00e9curiser votre commande en gros d'\u00e9crans Sony Xperia 5 x5.<\/p>","protected":false},"excerpt":{"rendered":"<p>Prot\u00e9gez en gros les \u00e9crans d'affichage Sony Xperia 5 x5 directement depuis notre usine. Des tests rigoureux garantissent z\u00e9ro pixel mort et une durabilit\u00e9 exceptionnelle pour des r\u00e9parations fiables.<\/p>","protected":false},"featured_media":32795,"comment_status":"open","ping_status":"closed","template":"","meta":[],"product_brand":[],"product_cat":[361],"product_tag":[485,1096,359,1097,486],"class_list":{"0":"post-32916","1":"product","2":"type-product","3":"status-publish","4":"has-post-thumbnail","6":"product_cat-sony","7":"product_tag-factory-direct-mobile-screens","8":"product_tag-sony-xperia-5-screen-wholesale","9":"product_tag-wholesale-smartphone-parts","10":"product_tag-xperia-5-x5-bulk-display","11":"product_tag-zero-dead-pixel-displays","13":"first","14":"outofstock","15":"shipping-taxable","16":"product-type-simple"},"_links":{"self":[{"href":"https:\/\/screen-stocks.com\/fr\/wp-json\/wp\/v2\/product\/32916","targetHints":{"allow":["GET"]}}],"collection":[{"href":"https:\/\/screen-stocks.com\/fr\/wp-json\/wp\/v2\/product"}],"about":[{"href":"https:\/\/screen-stocks.com\/fr\/wp-json\/wp\/v2\/types\/product"}],"replies":[{"embeddable":true,"href":"https:\/\/screen-stocks.com\/fr\/wp-json\/wp\/v2\/comments?post=32916"}],"version-history":[{"count":2,"href":"https:\/\/screen-stocks.com\/fr\/wp-json\/wp\/v2\/product\/32916\/revisions"}],"predecessor-version":[{"id":34761,"href":"https:\/\/screen-stocks.com\/fr\/wp-json\/wp\/v2\/product\/32916\/revisions\/34761"}],"wp:featuredmedia":[{"embeddable":true,"href":"https:\/\/screen-stocks.com\/fr\/wp-json\/wp\/v2\/media\/32795"}],"wp:attachment":[{"href":"https:\/\/screen-stocks.com\/fr\/wp-json\/wp\/v2\/media?parent=32916"}],"wp:term":[{"taxonomy":"product_brand","embeddable":true,"href":"https:\/\/screen-stocks.com\/fr\/wp-json\/wp\/v2\/product_brand?post=32916"},{"taxonomy":"product_cat","embeddable":true,"href":"https:\/\/screen-stocks.com\/fr\/wp-json\/wp\/v2\/product_cat?post=32916"},{"taxonomy":"product_tag","embeddable":true,"href":"https:\/\/screen-stocks.com\/fr\/wp-json\/wp\/v2\/product_tag?post=32916"}],"curies":[{"name":"wp","href":"https:\/\/api.w.org\/{rel}","templated":true}]}}