{"id":32920,"date":"2025-09-02T03:16:17","date_gmt":"2025-09-02T03:16:17","guid":{"rendered":"https:\/\/screen-stocks.com\/?post_type=product&#038;p=32920"},"modified":"2025-12-28T16:30:15","modified_gmt":"2025-12-28T16:30:15","slug":"premium-sony-xperia-e5-lcd-assemblies-bulk-wholesale-partner","status":"publish","type":"product","link":"https:\/\/screen-stocks.com\/fr\/premium-sony-xperia-e5-lcd-assemblies-bulk-wholesale-partner\/","title":{"rendered":"Assemblages LCD Premium Sony Xperia E5 \u2013 Partenaire de vente en gros en gros"},"content":{"rendered":"<p>Notre approvisionnement en gros en vrac de <strong>\u00e9crans de remplacement Sony Xperia E5<\/strong> offre une qualit\u00e9 et une coh\u00e9rence in\u00e9gal\u00e9es pour votre activit\u00e9 de r\u00e9paration. Chaque unit\u00e9 est con\u00e7ue pour r\u00e9pondre ou d\u00e9passer les sp\u00e9cifications du fabricant d\u2019\u00e9quipement d\u2019origine (OEM), garantissant une int\u00e9gration transparente et une exp\u00e9rience utilisateur optimale. Nous privil\u00e9gions une qualit\u00e9 bas\u00e9e sur les donn\u00e9es pour renforcer vos op\u00e9rations avec des composants fiables.<\/p>\n<p>Dot\u00e9s d\u2019un <strong>\u00e9cran LCD IPS de 5,0 pouces<\/strong>, ces \u00e9crans offrent une r\u00e9solution native de <strong>720 x 1280 pixels<\/strong>, ce qui donne une densit\u00e9 de pixels d\u2019environ 294 ppi. Cela garantit un rendu clair du texte et une reproduction d\u2019image nette, essentielle pour les interactions quotidiennes avec le smartphone. L\u2019affichage maintient une norme <strong>60Hz<\/strong>, offrant des transitions visuelles fluides et un d\u00e9filement r\u00e9actif, crucial pour la satisfaction de l\u2019utilisateur final. Notre processus de calibration rigoureux garantit une coh\u00e9rence <strong>espace colorim\u00e9trique<\/strong>, atteignant une couverture sRGB \u00e9lev\u00e9e pour des couleurs vives et fid\u00e8les \u00e0 la vie \u00e0 travers toute la gamme de l\u2019\u00e9cran.<\/p>\n<p>De plus, l\u2019 <strong>Touch IC<\/strong> int\u00e9gr\u00e9 est pr\u00e9cis\u00e9ment calibr\u00e9 pour une sensibilit\u00e9 et une pr\u00e9cision exceptionnelles. Cela permet une reconnaissance fluide des gestes multi-touch et une entr\u00e9e tr\u00e8s r\u00e9active, minimisant la latence et assurant une interaction utilisateur haut de gamme. Notre engagement envers l\u2019excellence technique signifie que chaque \u00e9cran subit des tests rigoureux d\u2019assurance qualit\u00e9, v\u00e9rifiant l\u2019uniformit\u00e9 de la luminosit\u00e9, la stabilit\u00e9 du r\u00e9tro\u00e9clairage et l\u2019int\u00e9grit\u00e9 des pixels avant d\u2019atteindre votre inventaire. Assurez votre approvisionnement en ces \u00e9crans Xperia E5 haute performance et techniquement sup\u00e9rieurs d\u00e8s aujourd\u2019hui.<\/p>","protected":false},"excerpt":{"rendered":"<p>Fourniture en gros d\u2019\u00e9crans Sony Xperia E5. LCD IPS conforme aux sp\u00e9cifications OEM avec r\u00e9solution 720p, rafra\u00eechissement 60Hz, Touch IC optimis\u00e9 et gamme de couleurs pr\u00e9cise pour des r\u00e9parations sup\u00e9rieures.<\/p>","protected":false},"featured_media":32812,"comment_status":"open","ping_status":"closed","template":"","meta":[],"product_brand":[],"product_cat":[361],"product_tag":[1100,1058,1101,1098,1099],"class_list":{"0":"post-32920","1":"product","2":"type-product","3":"status-publish","4":"has-post-thumbnail","6":"product_cat-sony","7":"product_tag-e5-display-supplier","8":"product_tag-mobile-screen-replacement-b2b","9":"product_tag-oem-quality-xperia-screens","10":"product_tag-sony-xperia-e5-screen-wholesale","11":"product_tag-xperia-e5-lcd-bulk","13":"first","14":"outofstock","15":"shipping-taxable","16":"product-type-simple"},"_links":{"self":[{"href":"https:\/\/screen-stocks.com\/fr\/wp-json\/wp\/v2\/product\/32920","targetHints":{"allow":["GET"]}}],"collection":[{"href":"https:\/\/screen-stocks.com\/fr\/wp-json\/wp\/v2\/product"}],"about":[{"href":"https:\/\/screen-stocks.com\/fr\/wp-json\/wp\/v2\/types\/product"}],"replies":[{"embeddable":true,"href":"https:\/\/screen-stocks.com\/fr\/wp-json\/wp\/v2\/comments?post=32920"}],"version-history":[{"count":2,"href":"https:\/\/screen-stocks.com\/fr\/wp-json\/wp\/v2\/product\/32920\/revisions"}],"predecessor-version":[{"id":34762,"href":"https:\/\/screen-stocks.com\/fr\/wp-json\/wp\/v2\/product\/32920\/revisions\/34762"}],"wp:featuredmedia":[{"embeddable":true,"href":"https:\/\/screen-stocks.com\/fr\/wp-json\/wp\/v2\/media\/32812"}],"wp:attachment":[{"href":"https:\/\/screen-stocks.com\/fr\/wp-json\/wp\/v2\/media?parent=32920"}],"wp:term":[{"taxonomy":"product_brand","embeddable":true,"href":"https:\/\/screen-stocks.com\/fr\/wp-json\/wp\/v2\/product_brand?post=32920"},{"taxonomy":"product_cat","embeddable":true,"href":"https:\/\/screen-stocks.com\/fr\/wp-json\/wp\/v2\/product_cat?post=32920"},{"taxonomy":"product_tag","embeddable":true,"href":"https:\/\/screen-stocks.com\/fr\/wp-json\/wp\/v2\/product_tag?post=32920"}],"curies":[{"name":"wp","href":"https:\/\/api.w.org\/{rel}","templated":true}]}}