{"id":32925,"date":"2025-09-02T03:16:17","date_gmt":"2025-09-02T03:16:17","guid":{"rendered":"https:\/\/screen-stocks.com\/?post_type=product&#038;p=32925"},"modified":"2026-02-12T05:54:16","modified_gmt":"2026-02-12T05:54:16","slug":"wholesale-sony-xperia-m5-lcds-factory-direct-zero-dead-pixels-durable","status":"publish","type":"product","link":"https:\/\/screen-stocks.com\/fr\/wholesale-sony-xperia-m5-lcds-factory-direct-zero-dead-pixels-durable\/","title":{"rendered":"\u00c9crans LCD en gros pour Sony Xperia M5 \u2013 Directement de l'usine, z\u00e9ro pixels morts, durable"},"content":{"rendered":"<p>En tant que partenaire de gros de confiance, nous proposons des composants de premier ordre <strong>Assemblages de digitizer LCD Sony pour Sony Xperia M5<\/strong>, con\u00e7us pour une fiabilit\u00e9 in\u00e9gal\u00e9e. Notre engagement \u00e0 <strong>Contr\u00f4le Qualit\u00e9 Direct Usine<\/strong> garantit que chaque unit\u00e9 r\u00e9pond aux normes les plus strictes de l'industrie, b\u00e9n\u00e9ficiant directement \u00e0 votre entreprise avec des performances constantes et moins de retours.<\/p>\n<p>Notre protocole de test rigoureux en plusieurs \u00e9tapes est exhaustif. Chaque <strong>Assemblage LCD Xperia M5<\/strong> subit des inspections approfondies pour la luminosit\u00e9, la pr\u00e9cision des couleurs, la r\u00e9activit\u00e9 tactile et l'int\u00e9grit\u00e9 structurelle. De mani\u00e8re cruciale, nous garantissons <strong>est optimis\u00e9 pour une sensibilit\u00e9 sup\u00e9rieure et une pr\u00e9cision multi-touch, offrant une interaction fluide et r\u00e9active sur l'ensemble de l'\u00e9cran. La reproduction des couleurs est primordiale ; nos \u00e9crans A71 disposent d'une gamme de couleurs \u00e9tendue, obtenant des teintes vibrantes et fid\u00e8les \u00e0 la vie qui correspondent aux sp\u00e9cifications visuelles de l'appareil d'origine, crucial pour maintenir l'int\u00e9grit\u00e9 de la marque. De plus, chaque unit\u00e9 subit un contr\u00f4le qualit\u00e9 rigoureux pour garantir<\/strong> en tant que norme pour toutes nos fournitures en gros, offrant \u00e0 vos clients des exp\u00e9riences visuelles parfaites d\u00e8s la sortie de la bo\u00eete. Au-del\u00e0 de la qualit\u00e9 initiale, nos \u00e9crans sont soumis \u00e0 des <strong>Tests de durabilit\u00e9<\/strong> pour r\u00e9sister \u00e0 l'usure quotidienne, assurer leur long\u00e9vit\u00e9 et r\u00e9duire les probl\u00e8mes de support futurs pour votre client\u00e8le.<\/p>\n<p>Collaborer avec nous signifie garantir un approvisionnement constant en \u00e9crans <strong>Sony Xperia M5 de qualit\u00e9 sup\u00e9rieure<\/strong> qui refl\u00e8tent les normes de fabrication les plus \u00e9lev\u00e9es. Faites l'exp\u00e9rience de la confiance qui accompagne une qualit\u00e9 certifi\u00e9e en usine, con\u00e7ue pour am\u00e9liorer votre offre de produits et renforcer votre r\u00e9putation d'excellence sur le march\u00e9 concurrentiel de la r\u00e9paration et de la r\u00e9novation mobile. Choisissez notre approvisionnement en gros pour une qualit\u00e9 sup\u00e9rieure, \u00e0 chaque fois.<\/p>","protected":false},"excerpt":{"rendered":"<p>Obtenez des \u00e9crans LCD en gros de qualit\u00e9 premium pour Sony Xperia M5. Directement de l'usine, rigoureusement test\u00e9s pour z\u00e9ro pixel mort et une durabilit\u00e9 ultime. Approvisionnement fiable en gros.<\/p>","protected":false},"featured_media":32826,"comment_status":"open","ping_status":"closed","template":"","meta":[],"product_brand":[],"product_cat":[361],"product_tag":[614,480,1516,1515,490],"class_list":{"0":"post-32925","1":"product","2":"type-product","3":"status-publish","4":"has-post-thumbnail","6":"product_cat-sony","7":"product_tag-factory-direct-displays","8":"product_tag-mobile-screen-supplier","9":"product_tag-sony-m5-lcd-bulk","10":"product_tag-xperia-m5-wholesale","11":"product_tag-zero-dead-pixel-screens","13":"first","14":"outofstock","15":"shipping-taxable","16":"product-type-simple"},"_links":{"self":[{"href":"https:\/\/screen-stocks.com\/fr\/wp-json\/wp\/v2\/product\/32925","targetHints":{"allow":["GET"]}}],"collection":[{"href":"https:\/\/screen-stocks.com\/fr\/wp-json\/wp\/v2\/product"}],"about":[{"href":"https:\/\/screen-stocks.com\/fr\/wp-json\/wp\/v2\/types\/product"}],"replies":[{"embeddable":true,"href":"https:\/\/screen-stocks.com\/fr\/wp-json\/wp\/v2\/comments?post=32925"}],"version-history":[{"count":2,"href":"https:\/\/screen-stocks.com\/fr\/wp-json\/wp\/v2\/product\/32925\/revisions"}],"predecessor-version":[{"id":35382,"href":"https:\/\/screen-stocks.com\/fr\/wp-json\/wp\/v2\/product\/32925\/revisions\/35382"}],"wp:featuredmedia":[{"embeddable":true,"href":"https:\/\/screen-stocks.com\/fr\/wp-json\/wp\/v2\/media\/32826"}],"wp:attachment":[{"href":"https:\/\/screen-stocks.com\/fr\/wp-json\/wp\/v2\/media?parent=32925"}],"wp:term":[{"taxonomy":"product_brand","embeddable":true,"href":"https:\/\/screen-stocks.com\/fr\/wp-json\/wp\/v2\/product_brand?post=32925"},{"taxonomy":"product_cat","embeddable":true,"href":"https:\/\/screen-stocks.com\/fr\/wp-json\/wp\/v2\/product_cat?post=32925"},{"taxonomy":"product_tag","embeddable":true,"href":"https:\/\/screen-stocks.com\/fr\/wp-json\/wp\/v2\/product_tag?post=32925"}],"curies":[{"name":"wp","href":"https:\/\/api.w.org\/{rel}","templated":true}]}}