{"id":32945,"date":"2025-09-02T03:16:21","date_gmt":"2025-09-02T03:16:21","guid":{"rendered":"https:\/\/screen-stocks.com\/?post_type=product&#038;p=32945"},"modified":"2026-01-06T03:30:22","modified_gmt":"2026-01-06T03:30:22","slug":"sony-xperia-z-screens-wholesale-bulk-supply-for-profitable-repairs","status":"publish","type":"product","link":"https:\/\/screen-stocks.com\/fr\/sony-xperia-z-screens-wholesale-bulk-supply-for-profitable-repairs\/","title":{"rendered":"\u00c9crans Sony Xperia Z : Approvisionnement en gros pour des r\u00e9parations rentables"},"content":{"rendered":"<p>En tant que sp\u00e9cialiste professionnel en produits B2B, je comprends le besoin crucial de qualit\u00e9, d'efficacit\u00e9 et de rentabilit\u00e9 dans votre activit\u00e9 de r\u00e9paration mobile. Notre approvisionnement en gros en gros de <strong>Sony pour les assemblages d'\u00e9cran Sony Xperia Z<\/strong> est con\u00e7u pr\u00e9cis\u00e9ment en gardant ces priorit\u00e9s \u00e0 l'esprit.<\/p>\n<p>Chaque unit\u00e9 subit un contr\u00f4le qualit\u00e9 rigoureux pour garantir un ajustement parfait et un fonctionnement sans faille, en miroir avec les sp\u00e9cifications de l'appareil d'origine. Cet engagement envers la pr\u00e9cision se traduit directement par des avantages op\u00e9rationnels importants pour vos techniciens. Le <strong>ajustement parfait du cadre<\/strong> minimise le temps d'installation et \u00e9limine les ajustements frustrants, permettant \u00e0 votre \u00e9quipe de terminer les r\u00e9parations plus rapidement et de passer \u00e0 la suivante. Ce processus rationalis\u00e9 r\u00e9duit directement <strong>le temps de main-d'\u0153uvre par r\u00e9paration<\/strong>, augmentant consid\u00e9rablement la rentabilit\u00e9 globale de votre atelier.<\/p>\n<p>Au-del\u00e0 des \u00e9conomies imm\u00e9diates, la meilleure adaptation et performance conduisent \u00e0 une satisfaction in\u00e9gal\u00e9e <strong>satisfaction client<\/strong>. Lorsqu'un Xperia Z quitte votre atelier avec un aspect et un fonctionnement comme neuf, vous gagnez la confiance et favorisez la fid\u00e9lit\u00e9 \u00e0 long terme. Des clients satisfaits signifient moins de r\u00e9clamations sous garantie, plus de clients r\u00e9guliers et des recommandations positives. Investir dans nos \u00e9crans Xperia Z de qualit\u00e9 sup\u00e9rieure en gros est un investissement dans votre r\u00e9sultat net et votre r\u00e9putation. Assurez votre approvisionnement d\u00e8s aujourd'hui et \u00e9levez votre service de r\u00e9paration \u00e0 de nouveaux standards d'efficacit\u00e9 et de satisfaction client.<\/p>","protected":false},"excerpt":{"rendered":"<p>Augmentez les b\u00e9n\u00e9fices de votre atelier de r\u00e9paration avec nos ensembles d'\u00e9crans Sony Xperia Z en gros. Exp\u00e9rience de montage parfait, installation facile, r\u00e9duction de la main-d'\u0153uvre et clients satisfaits. Commandez en gros d\u00e8s aujourd'hui !<\/p>","protected":false},"featured_media":32881,"comment_status":"open","ping_status":"closed","template":"","meta":[],"product_brand":[],"product_cat":[361],"product_tag":[474,580,1240,1241,1242],"class_list":{"0":"post-32945","1":"product","2":"type-product","3":"status-publish","4":"has-post-thumbnail","6":"product_cat-sony","7":"product_tag-mobile-repair-shop-supplies","8":"product_tag-phone-screen-distributors","9":"product_tag-sony-xperia-z-wholesale-screens","10":"product_tag-xperia-z-display-bulk","11":"product_tag-xperia-z-replacement-parts","13":"first","14":"outofstock","15":"shipping-taxable","16":"product-type-simple"},"_links":{"self":[{"href":"https:\/\/screen-stocks.com\/fr\/wp-json\/wp\/v2\/product\/32945","targetHints":{"allow":["GET"]}}],"collection":[{"href":"https:\/\/screen-stocks.com\/fr\/wp-json\/wp\/v2\/product"}],"about":[{"href":"https:\/\/screen-stocks.com\/fr\/wp-json\/wp\/v2\/types\/product"}],"replies":[{"embeddable":true,"href":"https:\/\/screen-stocks.com\/fr\/wp-json\/wp\/v2\/comments?post=32945"}],"version-history":[{"count":2,"href":"https:\/\/screen-stocks.com\/fr\/wp-json\/wp\/v2\/product\/32945\/revisions"}],"predecessor-version":[{"id":34826,"href":"https:\/\/screen-stocks.com\/fr\/wp-json\/wp\/v2\/product\/32945\/revisions\/34826"}],"wp:featuredmedia":[{"embeddable":true,"href":"https:\/\/screen-stocks.com\/fr\/wp-json\/wp\/v2\/media\/32881"}],"wp:attachment":[{"href":"https:\/\/screen-stocks.com\/fr\/wp-json\/wp\/v2\/media?parent=32945"}],"wp:term":[{"taxonomy":"product_brand","embeddable":true,"href":"https:\/\/screen-stocks.com\/fr\/wp-json\/wp\/v2\/product_brand?post=32945"},{"taxonomy":"product_cat","embeddable":true,"href":"https:\/\/screen-stocks.com\/fr\/wp-json\/wp\/v2\/product_cat?post=32945"},{"taxonomy":"product_tag","embeddable":true,"href":"https:\/\/screen-stocks.com\/fr\/wp-json\/wp\/v2\/product_tag?post=32945"}],"curies":[{"name":"wp","href":"https:\/\/api.w.org\/{rel}","templated":true}]}}