{"id":32949,"date":"2025-09-02T03:16:21","date_gmt":"2025-09-02T03:16:21","guid":{"rendered":"https:\/\/screen-stocks.com\/?post_type=product&#038;p=32949"},"modified":"2026-02-27T00:53:07","modified_gmt":"2026-02-27T00:53:07","slug":"bulk-sony-xperia-z2-lcd-screens-factory-direct-quality-zero-dead-pixels","status":"publish","type":"product","link":"https:\/\/screen-stocks.com\/fr\/bulk-sony-xperia-z2-lcd-screens-factory-direct-quality-zero-dead-pixels\/","title":{"rendered":"\u00c9crans LCD en gros pour Sony Xperia Z2 : qualit\u00e9 directe d'usine et z\u00e9ro pixel mort"},"content":{"rendered":"<p>Pour les centres de r\u00e9paration professionnels et les distributeurs, la recherche de composants fiables est primordiale. Nous offrons <strong>Fourniture en gros en grande quantit\u00e9<\/strong> d'\u00e9crans de remplacement premium pour le Sony Xperia Z2, garantissant que votre inventaire r\u00e9pond aux normes les plus \u00e9lev\u00e9es. En tant que fournisseur direct d'usine, nous \u00e9liminons les interm\u00e9diaires, vous donnant un acc\u00e8s direct \u00e0 nos processus de production rigoureux et \u00e0 l'assurance qualit\u00e9.<\/p>\n<p>Notre engagement envers l'excellence commence \u00e0 la ligne de fabrication. Chaque assemblage d'\u00e9cran Sony Xperia Z2 subit un <strong>Contr\u00f4le Qualit\u00e9 Multi-\u00c9tapes, Directement en Usine<\/strong> protocol. Ce test complet inclut des v\u00e9rifications minutieuses de la sensibilit\u00e9 tactile, de la pr\u00e9cision des couleurs de l'\u00e9cran, de l'uniformit\u00e9 du r\u00e9tro\u00e9clairage et de l'int\u00e9grit\u00e9 physique. Nous garantissons <strong>est optimis\u00e9 pour une sensibilit\u00e9 sup\u00e9rieure et une pr\u00e9cision multi-touch, offrant une interaction fluide et r\u00e9active sur l'ensemble de l'\u00e9cran. La reproduction des couleurs est primordiale ; nos \u00e9crans A71 disposent d'une gamme de couleurs \u00e9tendue, obtenant des teintes vibrantes et fid\u00e8les \u00e0 la vie qui correspondent aux sp\u00e9cifications visuelles de l'appareil d'origine, crucial pour maintenir l'int\u00e9grit\u00e9 de la marque. De plus, chaque unit\u00e9 subit un contr\u00f4le qualit\u00e9 rigoureux pour garantir<\/strong>, un indicateur critique pour la satisfaction client et la fiabilit\u00e9 du produit. Nos \u00e9crans sont con\u00e7us pour une qualit\u00e9 sup\u00e9rieure <strong>Durabilit\u00e9<\/strong>, con\u00e7us pour r\u00e9sister \u00e0 une utilisation quotidienne et minimiser les retours futurs, refl\u00e9tant directement la robustesse de la qualit\u00e9 de notre production en usine.<\/p>\n<p>Choisir notre approvisionnement direct d'usine signifie investir dans une qualit\u00e9 et une coh\u00e9rence in\u00e9gal\u00e9es. Vous recevez des composants qui ont pass\u00e9 des crit\u00e8res internes stricts, r\u00e9duisant consid\u00e9rablement vos soucis op\u00e9rationnels et am\u00e9liorant la satisfaction de vos utilisateurs finaux. Partenaire avec nous pour des \u00e9crans Xperia Z2 fiables et haute performance qui renforcent votre r\u00e9putation en mati\u00e8re de r\u00e9parations de qualit\u00e9.<\/p>","protected":false},"excerpt":{"rendered":"<p>Sourcez en gros des \u00e9crans Sony Xperia Z2 de qualit\u00e9 sup\u00e9rieure. Notre processus direct d'usine garantit un contr\u00f4le strict de la qualit\u00e9, z\u00e9ro pixel mort et une durabilit\u00e9 sup\u00e9rieure pour vos besoins en gros.<\/p>","protected":false},"featured_media":32883,"comment_status":"open","ping_status":"closed","template":"","meta":[],"product_brand":[],"product_cat":[361],"product_tag":[1687,1686,528,1685,570],"class_list":{"0":"post-32949","1":"product","2":"type-product","3":"status-publish","4":"has-post-thumbnail","6":"product_cat-sony","7":"product_tag-bulk-xperia-z2-display","8":"product_tag-factory-direct-lcd-supply","9":"product_tag-mobile-screen-quality-control","10":"product_tag-sony-xperia-z2-screen-wholesale","11":"product_tag-zero-dead-pixel-guarantee","13":"first","14":"outofstock","15":"shipping-taxable","16":"product-type-simple"},"_links":{"self":[{"href":"https:\/\/screen-stocks.com\/fr\/wp-json\/wp\/v2\/product\/32949","targetHints":{"allow":["GET"]}}],"collection":[{"href":"https:\/\/screen-stocks.com\/fr\/wp-json\/wp\/v2\/product"}],"about":[{"href":"https:\/\/screen-stocks.com\/fr\/wp-json\/wp\/v2\/types\/product"}],"replies":[{"embeddable":true,"href":"https:\/\/screen-stocks.com\/fr\/wp-json\/wp\/v2\/comments?post=32949"}],"version-history":[{"count":2,"href":"https:\/\/screen-stocks.com\/fr\/wp-json\/wp\/v2\/product\/32949\/revisions"}],"predecessor-version":[{"id":35443,"href":"https:\/\/screen-stocks.com\/fr\/wp-json\/wp\/v2\/product\/32949\/revisions\/35443"}],"wp:featuredmedia":[{"embeddable":true,"href":"https:\/\/screen-stocks.com\/fr\/wp-json\/wp\/v2\/media\/32883"}],"wp:attachment":[{"href":"https:\/\/screen-stocks.com\/fr\/wp-json\/wp\/v2\/media?parent=32949"}],"wp:term":[{"taxonomy":"product_brand","embeddable":true,"href":"https:\/\/screen-stocks.com\/fr\/wp-json\/wp\/v2\/product_brand?post=32949"},{"taxonomy":"product_cat","embeddable":true,"href":"https:\/\/screen-stocks.com\/fr\/wp-json\/wp\/v2\/product_cat?post=32949"},{"taxonomy":"product_tag","embeddable":true,"href":"https:\/\/screen-stocks.com\/fr\/wp-json\/wp\/v2\/product_tag?post=32949"}],"curies":[{"name":"wp","href":"https:\/\/api.w.org\/{rel}","templated":true}]}}