{"id":33108,"date":"2025-09-02T03:53:26","date_gmt":"2025-09-02T03:53:26","guid":{"rendered":"https:\/\/screen-stocks.com\/?post_type=product&#038;p=33108"},"modified":"2026-01-06T02:30:45","modified_gmt":"2026-01-06T02:30:45","slug":"lg-g4-lcd-digitizer-wholesale-factory-direct-strict-testing-zero-dead-pixels","status":"publish","type":"product","link":"https:\/\/screen-stocks.com\/fr\/lg-g4-lcd-digitizer-wholesale-factory-direct-strict-testing-zero-dead-pixels\/","title":{"rendered":"Vente en gros de digitizer LCD pour LG G4 | Directement de l'usine, test rigoureux, z\u00e9ro pixel mort"},"content":{"rendered":"<p>\u00c9levez votre entreprise de r\u00e9paration ou votre ligne de fabrication avec notre gamme premium <strong>Assemblage d'\u00e9cran LG G4<\/strong>, disponible en gros directement de notre usine. En tant que partenaire B2B de confiance, nous comprenons que la qualit\u00e9 constante est essentielle pour votre r\u00e9putation et votre efficacit\u00e9 op\u00e9rationnelle.<\/p>\n<p>Notre engagement envers l'excellence commence par notre approche \u201c Direct de l'usine \u201d. Cela signifie une supervision sans faille \u00e0 chaque \u00e9tape, de l'approvisionnement en mat\u00e9riaux \u00e0 l'emballage final. Nous mettons en \u0153uvre un protocole de contr\u00f4le qualit\u00e9 rigoureux et multi-\u00e9tapes con\u00e7u pour d\u00e9passer les normes de l'industrie. Chaque <strong>LCD LG G4 avec digitizer<\/strong> subit des tests complets avant la production, en ligne et apr\u00e8s la production. Cela inclut des v\u00e9rifications minutieuses de la sensibilit\u00e9 tactile, de la calibration des couleurs, de l'uniformit\u00e9 de la r\u00e9tro\u00e9clairage et des \u00e9valuations cruciales de durabilit\u00e9 physique.<\/p>\n<p>Nous garantissons une <strong>est optimis\u00e9 pour une sensibilit\u00e9 sup\u00e9rieure et une pr\u00e9cision multi-touch, offrant une interaction fluide et r\u00e9active sur l'ensemble de l'\u00e9cran. La reproduction des couleurs est primordiale ; nos \u00e9crans A71 disposent d'une gamme de couleurs \u00e9tendue, obtenant des teintes vibrantes et fid\u00e8les \u00e0 la vie qui correspondent aux sp\u00e9cifications visuelles de l'appareil d'origine, crucial pour maintenir l'int\u00e9grit\u00e9 de la marque. De plus, chaque unit\u00e9 subit un contr\u00f4le qualit\u00e9 rigoureux pour garantir<\/strong> politique sur tous nos \u00e9crans LG G4, assurant \u00e0 vos clients une performance visuelle impeccable \u00e0 chaque fois. Ces tests rigoureux, combin\u00e9s \u00e0 une construction robuste, offrent une durabilit\u00e9 exceptionnelle et une fiabilit\u00e9 \u00e0 long terme. Collaborez avec nous pour une cha\u00eene d'approvisionnement fiable qui privil\u00e9gie votre succ\u00e8s gr\u00e2ce \u00e0 une qualit\u00e9 sans compromis. Contactez-nous d\u00e8s aujourd'hui pour les prix en gros et pour discuter de vos exigences sp\u00e9cifiques de commande.<\/p>","protected":false},"excerpt":{"rendered":"<p>Obtenez des ensembles d'affichage LG G4 en gros directement de l'usine. Pixels morts z\u00e9ro garanti, contr\u00f4le qualit\u00e9 strict et durabilit\u00e9 sup\u00e9rieure pour vos besoins en approvisionnement en gros.<\/p>","protected":false},"featured_media":32968,"comment_status":"open","ping_status":"closed","template":"","meta":[],"product_brand":[],"product_cat":[363],"product_tag":[1238,1236,1237,1235,1239],"class_list":{"0":"post-33108","1":"product","2":"type-product","3":"status-publish","4":"has-post-thumbnail","6":"product_cat-lg","7":"product_tag-factory-direct-g4-screen","8":"product_tag-lg-g4-display-bulk","9":"product_tag-lg-g4-lcd-digitizer","10":"product_tag-lg-g4-wholesale-screen","11":"product_tag-zero-dead-pixel-g4","13":"first","14":"outofstock","15":"shipping-taxable","16":"product-type-simple"},"_links":{"self":[{"href":"https:\/\/screen-stocks.com\/fr\/wp-json\/wp\/v2\/product\/33108","targetHints":{"allow":["GET"]}}],"collection":[{"href":"https:\/\/screen-stocks.com\/fr\/wp-json\/wp\/v2\/product"}],"about":[{"href":"https:\/\/screen-stocks.com\/fr\/wp-json\/wp\/v2\/types\/product"}],"replies":[{"embeddable":true,"href":"https:\/\/screen-stocks.com\/fr\/wp-json\/wp\/v2\/comments?post=33108"}],"version-history":[{"count":2,"href":"https:\/\/screen-stocks.com\/fr\/wp-json\/wp\/v2\/product\/33108\/revisions"}],"predecessor-version":[{"id":34825,"href":"https:\/\/screen-stocks.com\/fr\/wp-json\/wp\/v2\/product\/33108\/revisions\/34825"}],"wp:featuredmedia":[{"embeddable":true,"href":"https:\/\/screen-stocks.com\/fr\/wp-json\/wp\/v2\/media\/32968"}],"wp:attachment":[{"href":"https:\/\/screen-stocks.com\/fr\/wp-json\/wp\/v2\/media?parent=33108"}],"wp:term":[{"taxonomy":"product_brand","embeddable":true,"href":"https:\/\/screen-stocks.com\/fr\/wp-json\/wp\/v2\/product_brand?post=33108"},{"taxonomy":"product_cat","embeddable":true,"href":"https:\/\/screen-stocks.com\/fr\/wp-json\/wp\/v2\/product_cat?post=33108"},{"taxonomy":"product_tag","embeddable":true,"href":"https:\/\/screen-stocks.com\/fr\/wp-json\/wp\/v2\/product_tag?post=33108"}],"curies":[{"name":"wp","href":"https:\/\/api.w.org\/{rel}","templated":true}]}}